{"id":877,"date":"2020-08-11T10:50:46","date_gmt":"2020-08-11T07:50:46","guid":{"rendered":"https:\/\/talonpoyta.fi\/esimerkkisivu\/"},"modified":"2026-01-05T12:53:25","modified_gmt":"2026-01-05T10:53:25","slug":"esimerkkisivu","status":"publish","type":"page","link":"https:\/\/talonpoyta.fi\/en\/","title":{"rendered":"Delicious meals, made from locally produced food"},"content":{"rendered":"<ul>\n<li>\n<p>        <img decoding=\"async\" src=\"\/wp-content\/uploads\/2024\/02\/pinsat.jpg\" alt=\"Caf\u00e9 - Pinseria Ruka\"><\/p>\n<div>Caf\u00e9 &#8211; Pinseria Ruka<\/div>\n<p>NEW!!!<\/p>\n<p><a href=\"https:\/\/talonpoyta.fi\/en\/ruka\/\"><\/a><\/p>\n<\/li>\n<li>\n<p>        <img decoding=\"async\" src=\"\/wp-content\/uploads\/2020\/08\/lounas-testikuva.jpg\" alt=\"Buffet lunch\"><\/p>\n<div>Buffet lunch <\/div>\n<p>Mon &#8211; Fri 10.30-15<\/p>\n<p><a href=\"https:\/\/talonpoyta.fi\/en\/buffetlunch\/\"><\/a><\/p>\n<\/li>\n<li>\n<p>        <img decoding=\"async\" src=\"\/wp-content\/uploads\/2020\/08\/pitopalvelu-lihalautanen.jpg\" alt=\"Catering and parties\"><\/p>\n<div>Catering and parties<\/div>\n<p>In the restaurant or in your own premises<\/p>\n<p><a href=\"https:\/\/talonpoyta.fi\/en\/catering-and-parties\/\"><\/a><\/p>\n<\/li>\n<li>\n<p>        <img decoding=\"async\" src=\"\/wp-content\/uploads\/2020\/09\/talonpoyta_kakku-puolukka.jpg\" alt=\"Caf\u00e9 - Confectionery\"><\/p>\n<div>Caf\u00e9 &#8211; Confectionery<\/div>\n<p><a href=\"https:\/\/talonpoyta.fi\/en\/cafe-confectionery\/\"><\/a><\/p>\n<\/li>\n<\/ul>\n<h1>Come and enjoy our delicious meals, made from locally produced food<\/h1>\n<div>\n<p>        <img decoding=\"async\" src=\"\/wp-content\/uploads\/2024\/02\/pinsat.jpg\" alt=\"Pinsas\"><\/p>\n<h2>Caf\u00e9 &#8211; Pinseria at Ruka<\/h2>\n<p>New!<\/p>\n<div>\n<p><strong>Enjoy handcrafted pastries, specialty coffees and delicious meals at our new caf\u00e9-restaurant. Try our popular Pinsa Romana varieties and other tasty dishes \u2013 served in our cozy caf\u00e9 or conveniently to go.<\/strong><\/p>\n<p><strong>Kumpare Shopping Centre (next to the grocery store), Rukatunturintie 9.<\/strong><\/p>\n<\/div>\n<p><a href=\"https:\/\/talonpoyta.fi\/en\/ruka\/\">Read More and menus<\/a><\/p>\n<\/div>\n<h2>Restaurant Talonp\u00f6yt\u00e4 Kuusamo &#8211; Ruka<\/h2>\n<div>\n<p><strong>Welcome to our cosy and welcoming Restaurant Talonp\u00f6yt\u00e4!\u00a0 The meals are always prepared in our own kitchen, from locally produced ingredients. Fresh foodstuffs and local expertise are highly valued in our restaurant.<\/strong><\/p>\n<\/div>\n<div>\n<p><strong>Talonp\u00f6yt\u00e4 Kuusamo<br \/><\/strong>Our dining room at Kirkkotie 23, Kuusamo town center, seats as many as 150 customers. On weekdays we serve a <a href=\"https:\/\/talonpoyta.fi\/en\/buffetlunch\/\">home-cooked buffet lunch<\/a> with three main course options. Our <a href=\"https:\/\/talonpoyta.fi\/en\/catering-and-parties\/\">catering service<\/a> will also deliver meals for the elderly and lunches to workplaces. Cabinets provide a great setting for meetings and events of different sizes.<\/p>\n<p><strong>Talonp\u00f6yt\u00e4 Ruka<br \/><\/strong>We have a new caf\u00e9-restaurant in Ruka, Cafe &amp; Pinseria Ruka. You can find us in the Kumpare shopping center at Rukatunturintie 9, next to K-Market. Here you can enjoy specialty coffee, cakes and pastries from our own confectioner, pies or warm bread, soup lunch, and many other dishes.<\/p>\n<p><strong>Talonp\u00f6yt\u00e4 Cafe Prisma<br \/><\/strong>Caf\u00e9-restaurant now also at Prisma in Kuusamo. Here you can enjoy specialty coffee, cakes and pastries from our own confectioner, pies or warm bread, soup lunch, and many other dishes.<strong><br \/><\/strong><\/p>\n<\/div>\n<ul>\n<li>\n<p>        <img decoding=\"async\" src=\"\/wp-content\/uploads\/2020\/08\/lounas2.jpg\" alt=\"\"><\/p>\n<h3>Buffet Lunch Kirkkotie 23<\/h3>\n<p>Mon to Fri 10:30am &#8211; 3pm<\/p>\n<div>\n<h6>Talonp\u00f6yt\u00e4 Kuusamo<\/h6>\n<p>Home-cooked buffet lunch with three main course options.<\/p>\n<\/div>\n<p><a href=\"https:\/\/talonpoyta.fi\/en\/buffetlunch\/\">Read more<\/a><\/p>\n<\/li>\n<li>\n<p>        <img decoding=\"async\" src=\"\/wp-content\/uploads\/2020\/09\/talonpoyta-suklaakakku.jpg\" alt=\"Confectionery\"><\/p>\n<h3>Caf\u00e9 \u2013 Confectionery<\/h3>\n<div>\n<h6>Prisma and Ruka<\/h6>\n<p>Delicious taste combinations and beautiful presentation in mind, we want to serve you a lovely taste experience.<\/p>\n<\/div>\n<p><a href=\"https:\/\/talonpoyta.fi\/en\/cafe-confectionery\/\">Read more<\/a><\/p>\n<\/li>\n<li>\n<p>        <img decoding=\"async\" src=\"\/wp-content\/uploads\/2020\/08\/pitopalvelu-lihalautanen.jpg\" alt=\"\"><\/p>\n<h3>Catering<\/h3>\n<div>\n<h6>Ruka Kuusamo area<\/h6>\n<p><span>We will bring the desired menu together with a complete cook and waiter service at your home, summer cottage, or other location.<\/span><\/p>\n<\/div>\n<p><a href=\"https:\/\/talonpoyta.fi\/en\/catering-and-parties\/\">Read more<\/a><\/p>\n<\/li>\n<\/ul>\n<p><!--more--><br \/>\n<!-- {\"name\":\"Home\",\"type\":\"layout\",\"children\":[{\"name\":\"Hero\",\"type\":\"section\",\"props\":{\"image_position\":\"center-center\",\"padding_remove_bottom\":false,\"padding_remove_top\":true,\"style\":\"muted\",\"title_breakpoint\":\"xl\",\"title_position\":\"top-left\",\"title_rotation\":\"left\",\"vertical_align\":\"\",\"width\":\"\"},\"children\":[{\"type\":\"row\",\"children\":[{\"type\":\"column\",\"props\":{\"image_position\":\"center-center\",\"position_sticky_breakpoint\":\"m\",\"width_medium\":\"1-1\"},\"children\":[{\"type\":\"overlay-slider\",\"props\":{\"image_height\":\"500\",\"image_transition\":\"scale-up\",\"image_width\":\"500\",\"link_style\":\"default\",\"link_text\":\"\",\"margin\":\"remove-vertical\",\"meta_align\":\"below-title\",\"meta_element\":\"div\",\"meta_margin\":\"small\",\"meta_style\":\"h5\",\"nav\":\"\",\"nav_align\":\"center\",\"nav_below\":true,\"nav_breakpoint\":\"s\",\"nav_position\":\"bottom-center\",\"nav_position_margin\":\"medium\",\"overlay_link\":true,\"overlay_margin\":\"small\",\"overlay_maxwidth\":\"large\",\"overlay_mode\":\"caption\",\"overlay_padding\":\"small\",\"overlay_position\":\"bottom\",\"overlay_style\":\"overlay-primary\",\"overlay_transition\":\"fade\",\"show_content\":true,\"show_hover_image\":true,\"show_hover_video\":true,\"show_link\":true,\"show_meta\":true,\"show_title\":true,\"slidenav\":\"default\",\"slidenav_breakpoint\":\"\",\"slidenav_hover\":false,\"slidenav_large\":false,\"slidenav_margin\":\"\",\"slidenav_outside_breakpoint\":\"xl\",\"slider_autoplay\":true,\"slider_autoplay_interval\":\"5\",\"slider_autoplay_pause\":true,\"slider_center\":false,\"slider_divider\":false,\"slider_finite\":false,\"slider_gap\":\"small\",\"slider_sets\":true,\"slider_velocity\":\"0.8\",\"slider_width\":\"\",\"slider_width_default\":\"1-1\",\"slider_width_medium\":\"1-3\",\"slider_width_small\":\"3-5\",\"text_align\":\"center\",\"title_element\":\"div\",\"title_hover_style\":\"reset\",\"title_link\":true,\"title_margin\":\"small\",\"title_style\":\"h4\"},\"children\":[{\"type\":\"overlay-slider_item\",\"props\":{\"image\":\"wp-content\\\/uploads\\\/2024\\\/02\\\/pinsat.jpg\",\"image_alt\":\"Caf\\u00e9 - Pinseria Ruka\",\"link\":\"en\\\/ruka\\\/\",\"meta\":\"NEW!!!\",\"title\":\"Caf\\u00e9 - Pinseria Ruka\"}},{\"type\":\"overlay-slider_item\",\"props\":{\"content\":\"\",\"image\":\"wp-content\\\/uploads\\\/2020\\\/08\\\/lounas-testikuva.jpg\",\"image_alt\":\"Buffet lunch\",\"link\":\"en\\\/buffetlunch\\\/\",\"meta\":\"Mon - Fri 10.30-15\",\"source\":\"5\",\"title\":\"Buffet lunch \"},\"transient\":true},{\"type\":\"overlay-slider_item\",\"props\":{\"content\":\"\",\"image\":\"wp-content\\\/uploads\\\/2020\\\/08\\\/pitopalvelu-lihalautanen.jpg\",\"image_alt\":\"Catering and parties\",\"link\":\"en\\\/catering-and-parties\\\/\",\"meta\":\"In the restaurant or in your own premises\",\"source\":\"5\",\"title\":\"Catering and parties\"},\"transient\":true},{\"type\":\"overlay-slider_item\",\"props\":{\"content\":\"\",\"image\":\"wp-content\\\/uploads\\\/2020\\\/09\\\/talonpoyta_kakku-puolukka.jpg\",\"image_alt\":\"Caf\\u00e9 - Confectionery\",\"link\":\"en\\\/cafe-confectionery\\\/\",\"meta\":\"\",\"source\":\"5\",\"title\":\"Caf\\u00e9 - Confectionery\"},\"transient\":true}]}]}]},{\"type\":\"row\",\"props\":{\"margin\":\"large\",\"width\":\"xlarge\"},\"children\":[{\"type\":\"column\",\"props\":{\"image_position\":\"center-center\",\"position_sticky_breakpoint\":\"m\",\"width_medium\":\"1-1\"},\"children\":[{\"type\":\"headline\",\"props\":{\"block_align\":\"center\",\"content\":\"Come and enjoy our delicious meals, made from locally produced food\",\"margin\":\"default\",\"maxwidth\":\"2xlarge\",\"text_align\":\"center\",\"title_element\":\"h1\"}}]}]}]},{\"type\":\"section\",\"props\":{\"image_position\":\"center-center\",\"style\":\"secondary\",\"title_breakpoint\":\"xl\",\"title_position\":\"top-left\",\"title_rotation\":\"left\",\"vertical_align\":\"middle\",\"width\":\"default\"},\"children\":[{\"type\":\"row\",\"children\":[{\"type\":\"column\",\"props\":{\"image_position\":\"center-center\",\"position_sticky_breakpoint\":\"m\"},\"children\":[{\"name\":\"Overlay Content Center Left\",\"type\":\"overlay\",\"props\":{\"content\":\"\n\n<p><strong>Enjoy handcrafted pastries, specialty coffees and delicious meals at our new caf\\u00e9-restaurant. Try our popular Pinsa Romana varieties and other tasty dishes \\u2013 served in our cozy caf\\u00e9 or conveniently to go.<\\\/strong><\\\/p>\\n\n\n<p><strong>Kumpare Shopping Centre (next to the grocery store), Rukatunturintie 9.<\\\/strong><\\\/p>\",\"image\":\"wp-content\\\/uploads\\\/2024\\\/02\\\/pinsat.jpg\",\"image_alt\":\"Pinsas\",\"image_min_height\":\"500\",\"image_width\":\"1600\",\"link\":\"en\\\/ruka\\\/\",\"link_aria_label\":\"Caf\\u00e9 Pinseria Ruka\",\"link_margin\":\"medium\",\"link_style\":\"default\",\"link_text\":\"Read More and menus\",\"margin\":\"remove-vertical\",\"media_overlay\":\"rgba(0, 0, 0, 0.29)\",\"meta\":\"New!\",\"meta_align\":\"above-title\",\"meta_element\":\"div\",\"meta_style\":\"heading-xlarge\",\"overlay_hover\":false,\"overlay_link\":true,\"overlay_maxwidth\":\"2xlarge\",\"overlay_mode\":\"cover\",\"overlay_padding\":\"large\",\"overlay_position\":\"bottom-left\",\"overlay_style\":\"\",\"overlay_transition\":\"fade\",\"text_align\":\"\",\"text_color\":\"light\",\"title\":\"Caf\\u00e9 - Pinseria at Ruka\",\"title_element\":\"h2\",\"title_hover_style\":\"reset\",\"title_link\":true,\"title_style\":\"heading-small\"}}]}]}]},{\"type\":\"section\",\"props\":{\"image_position\":\"center-center\",\"style\":\"default\",\"title_breakpoint\":\"xl\",\"title_position\":\"top-left\",\"title_rotation\":\"left\",\"vertical_align\":\"\",\"width\":\"default\"},\"children\":[{\"type\":\"row\",\"props\":{\"divider\":true},\"children\":[{\"type\":\"column\",\"props\":{\"image_position\":\"center-center\",\"position_sticky_breakpoint\":\"m\"},\"children\":[{\"type\":\"headline\",\"props\":{\"content\":\"Restaurant Talonp\\u00f6yt\\u00e4 Kuusamo - Ruka\",\"title_element\":\"h2\",\"title_style\":\"h2\"}},{\"type\":\"text\",\"props\":{\"column_breakpoint\":\"s\",\"content\":\"\n\n<p><strong>Welcome to our cosy and welcoming Restaurant Talonp\\u00f6yt\\u00e4!\\u00a0 The meals are always prepared in our own kitchen, from locally produced ingredients. Fresh foodstuffs and local expertise are highly valued in our restaurant.<\\\/strong><\\\/p>\",\"margin\":\"default\"}},{\"type\":\"text\",\"props\":{\"column\":\"1-2\",\"column_breakpoint\":\"s\",\"content\":\"\n\n<p><strong>Talonp\\u00f6yt\\u00e4 Kuusamo<br \\\/><\\\/strong>Our dining room at Kirkkotie 23, Kuusamo town center, seats as many as 150 customers. On weekdays we serve a <a href=\\\"https:\\\/\\\/talonpoyta.fi\\\/en\\\/buffetlunch\\\/\\\">home-cooked buffet lunch<\\\/a> with three main course options. Our <a href=\\\"https:\\\/\\\/talonpoyta.fi\\\/en\\\/catering-and-parties\\\/\\\">catering service<\\\/a> will also deliver meals for the elderly and lunches to workplaces. Cabinets provide a great setting for meetings and events of different sizes.<\\\/p>\\n\n\n<p><strong>Talonp\\u00f6yt\\u00e4 Ruka<br \\\/><\\\/strong>We have a new caf\\u00e9-restaurant in Ruka, Cafe &amp; Pinseria Ruka. You can find us in the Kumpare shopping center at Rukatunturintie 9, next to K-Market. Here you can enjoy specialty coffee, cakes and pastries from our own confectioner, pies or warm bread, soup lunch, and many other dishes.<\\\/p>\\n\n\n<p><strong>Talonp\\u00f6yt\\u00e4 Cafe Prisma<br \\\/><\\\/strong>Caf\\u00e9-restaurant now also at Prisma in Kuusamo. Here you can enjoy specialty coffee, cakes and pastries from our own confectioner, pies or warm bread, soup lunch, and many other dishes.<strong><br \\\/><\\\/strong><\\\/p>\",\"margin\":\"default\"}}]}]}]},{\"type\":\"section\",\"props\":{\"image_position\":\"center-center\",\"style\":\"default\",\"title_breakpoint\":\"xl\",\"title_position\":\"top-left\",\"title_rotation\":\"left\",\"vertical_align\":\"\",\"width\":\"default\"},\"children\":[{\"type\":\"row\",\"children\":[{\"type\":\"column\",\"props\":{\"image_position\":\"center-center\",\"position_sticky_breakpoint\":\"m\"},\"children\":[{\"type\":\"grid\",\"props\":{\"content_column_breakpoint\":\"m\",\"content_margin\":\"small\",\"filter_align\":\"left\",\"filter_all\":true,\"filter_grid_breakpoint\":\"m\",\"filter_grid_width\":\"auto\",\"filter_position\":\"top\",\"filter_style\":\"tab\",\"grid_default\":\"1\",\"grid_medium\":\"4\",\"grid_small\":\"2\",\"icon_width\":80,\"image_align\":\"top\",\"image_grid_breakpoint\":\"m\",\"image_grid_width\":\"1-2\",\"image_height\":\"533\",\"image_link\":true,\"image_svg_color\":\"emphasis\",\"image_width\":\"800\",\"item_animation\":true,\"lightbox_bg_close\":true,\"link_margin\":\"small\",\"link_style\":\"text\",\"link_text\":\"Read more\",\"margin\":\"default\",\"meta_align\":\"below-title\",\"meta_element\":\"div\",\"meta_margin\":\"small\",\"meta_style\":\"text-meta\",\"panel_image_no_padding\":true,\"panel_link\":true,\"panel_padding\":\"small\",\"panel_style\":\"card-hover\",\"parallax_easing\":\"1\",\"show_content\":true,\"show_hover_image\":true,\"show_hover_video\":true,\"show_image\":true,\"show_link\":true,\"show_meta\":true,\"show_title\":true,\"show_video\":true,\"text_align\":\"center\",\"title_align\":\"top\",\"title_element\":\"h3\",\"title_grid_breakpoint\":\"m\",\"title_grid_width\":\"1-2\",\"title_hover_style\":\"reset\",\"title_link\":true,\"title_margin\":\"small\",\"title_style\":\"h3\"},\"children\":[{\"type\":\"grid_item\",\"props\":{\"content\":\"\n\n<h6>Talonp\\u00f6yt\\u00e4 Kuusamo<\\\/h6>\\n\n\n<p>Home-cooked buffet lunch with three main course options.<\\\/p>\",\"image\":\"wp-content\\\/uploads\\\/2020\\\/08\\\/lounas2.jpg\",\"link\":\"en\\\/buffetlunch\\\/\",\"meta\":\"Mon to Fri 10:30am - 3pm\",\"title\":\"Buffet Lunch Kirkkotie 23\"}},{\"type\":\"grid_item\",\"props\":{\"content\":\"\n\n<h6>Prisma and Ruka<\\\/h6>\\n\n\n<p>Delicious taste combinations and beautiful presentation in mind, we want to serve you a lovely taste experience.<\\\/p>\",\"image\":\"wp-content\\\/uploads\\\/2020\\\/09\\\/talonpoyta-suklaakakku.jpg\",\"image_alt\":\"Confectionery\",\"link\":\"en\\\/cafe-confectionery\\\/\",\"meta\":\"\",\"title\":\"Caf\\u00e9 \\u2013 Confectionery\"}},{\"type\":\"grid_item\",\"props\":{\"content\":\"\n\n<h6>Ruka Kuusamo area<\\\/h6>\\n\n\n<p><span>We will bring the desired menu together with a complete cook and waiter service at your home, summer cottage, or other location.<\\\/span><\\\/p>\",\"image\":\"wp-content\\\/uploads\\\/2020\\\/08\\\/pitopalvelu-lihalautanen.jpg\",\"link\":\"en\\\/catering-and-parties\\\/\",\"meta\":\"\",\"title\":\"Catering\"}}]}]}]}]}],\"version\":\"4.5.32\"} --><\/p>\n","protected":false},"excerpt":{"rendered":"<p>Caf\u00e9 &#8211; Pinseria Ruka NEW!!! Buffet lunch Mon &#8211; Fri 10.30-15 Catering and parties In the restaurant or in your own premises Caf\u00e9 &#8211; Confectionery Come and enjoy our delicious meals, made from locally produced food Caf\u00e9 &#8211; Pinseria at Ruka New! Enjoy handcrafted pastries, specialty coffees and delicious meals at our new caf\u00e9-restaurant. Try [&hellip;]<\/p>\n","protected":false},"author":1,"featured_media":861,"parent":0,"menu_order":0,"comment_status":"closed","ping_status":"open","template":"","meta":{"footnotes":""},"class_list":["post-877","page","type-page","status-publish","has-post-thumbnail","hentry"],"yoast_head":"<!-- This site is optimized with the Yoast SEO plugin v26.6 - https:\/\/yoast.com\/wordpress\/plugins\/seo\/ -->\n<title>Delicious meals, made from locally produced food - Ravintola Talonp\u00f6yt\u00e4, Kuusamo<\/title>\n<meta name=\"description\" content=\"On weekdays we serve a home-cooked buffet lunch. Order home and office deliveries for lunch. \u00c0la Carte restaurant, caf\u00e9 and confectionery.\" \/>\n<meta name=\"robots\" content=\"index, follow, max-snippet:-1, max-image-preview:large, max-video-preview:-1\" \/>\n<link rel=\"canonical\" href=\"https:\/\/talonpoyta.fi\/en\/\" \/>\n<meta property=\"og:locale\" content=\"en_US\" \/>\n<meta property=\"og:type\" content=\"article\" \/>\n<meta property=\"og:title\" content=\"Delicious meals, made from locally produced food - Ravintola Talonp\u00f6yt\u00e4, Kuusamo\" \/>\n<meta property=\"og:description\" content=\"On weekdays we serve a home-cooked buffet lunch. Order home and office deliveries for lunch. \u00c0la Carte restaurant, caf\u00e9 and confectionery.\" \/>\n<meta property=\"og:url\" content=\"https:\/\/talonpoyta.fi\/en\/\" \/>\n<meta property=\"og:site_name\" content=\"Ravintola Talonp\u00f6yt\u00e4, Kuusamo\" \/>\n<meta property=\"article:publisher\" content=\"https:\/\/www.facebook.com\/ravintolatalonpoyta\" \/>\n<meta property=\"article:modified_time\" content=\"2026-01-05T10:53:25+00:00\" \/>\n<meta property=\"og:image\" content=\"https:\/\/talonpoyta.fi\/wp-content\/uploads\/2020\/08\/talonpoyta-herlevin.jpg\" \/>\n\t<meta property=\"og:image:width\" content=\"900\" \/>\n\t<meta property=\"og:image:height\" content=\"550\" \/>\n\t<meta property=\"og:image:type\" content=\"image\/jpeg\" \/>\n<meta name=\"twitter:card\" content=\"summary_large_image\" \/>\n<meta name=\"twitter:label1\" content=\"Est. reading time\" \/>\n\t<meta name=\"twitter:data1\" content=\"2 minutes\" \/>\n<script type=\"application\/ld+json\" class=\"yoast-schema-graph\">{\"@context\":\"https:\/\/schema.org\",\"@graph\":[{\"@type\":\"WebPage\",\"@id\":\"https:\/\/talonpoyta.fi\/en\/\",\"url\":\"https:\/\/talonpoyta.fi\/en\/\",\"name\":\"Delicious meals, made from locally produced food - Ravintola Talonp\u00f6yt\u00e4, Kuusamo\",\"isPartOf\":{\"@id\":\"https:\/\/talonpoyta.fi\/en\/#website\"},\"primaryImageOfPage\":{\"@id\":\"https:\/\/talonpoyta.fi\/en\/#primaryimage\"},\"image\":{\"@id\":\"https:\/\/talonpoyta.fi\/en\/#primaryimage\"},\"thumbnailUrl\":\"https:\/\/talonpoyta.fi\/wp-content\/uploads\/2020\/08\/talonpoyta-herlevin.jpg\",\"datePublished\":\"2020-08-11T07:50:46+00:00\",\"dateModified\":\"2026-01-05T10:53:25+00:00\",\"description\":\"On weekdays we serve a home-cooked buffet lunch. Order home and office deliveries for lunch. \u00c0la Carte restaurant, caf\u00e9 and confectionery.\",\"breadcrumb\":{\"@id\":\"https:\/\/talonpoyta.fi\/en\/#breadcrumb\"},\"inLanguage\":\"en-US\",\"potentialAction\":[{\"@type\":\"ReadAction\",\"target\":[\"https:\/\/talonpoyta.fi\/en\/\"]}]},{\"@type\":\"ImageObject\",\"inLanguage\":\"en-US\",\"@id\":\"https:\/\/talonpoyta.fi\/en\/#primaryimage\",\"url\":\"https:\/\/talonpoyta.fi\/wp-content\/uploads\/2020\/08\/talonpoyta-herlevin.jpg\",\"contentUrl\":\"https:\/\/talonpoyta.fi\/wp-content\/uploads\/2020\/08\/talonpoyta-herlevin.jpg\",\"width\":900,\"height\":550},{\"@type\":\"BreadcrumbList\",\"@id\":\"https:\/\/talonpoyta.fi\/en\/#breadcrumb\",\"itemListElement\":[{\"@type\":\"ListItem\",\"position\":1,\"name\":\"Home\",\"item\":\"https:\/\/talonpoyta.fi\/en\/\"},{\"@type\":\"ListItem\",\"position\":2,\"name\":\"Delicious meals, made from locally produced food\"}]},{\"@type\":\"WebSite\",\"@id\":\"https:\/\/talonpoyta.fi\/en\/#website\",\"url\":\"https:\/\/talonpoyta.fi\/en\/\",\"name\":\"Ravintola Talonp\u00f6yt\u00e4, Kuusamo\",\"description\":\"Lounaat, ala carte, pitopalvelu, kahvila, konditoria\",\"publisher\":{\"@id\":\"https:\/\/talonpoyta.fi\/en\/#organization\"},\"potentialAction\":[{\"@type\":\"SearchAction\",\"target\":{\"@type\":\"EntryPoint\",\"urlTemplate\":\"https:\/\/talonpoyta.fi\/en\/?s={search_term_string}\"},\"query-input\":{\"@type\":\"PropertyValueSpecification\",\"valueRequired\":true,\"valueName\":\"search_term_string\"}}],\"inLanguage\":\"en-US\"},{\"@type\":\"Organization\",\"@id\":\"https:\/\/talonpoyta.fi\/en\/#organization\",\"name\":\"Ravintola Talonp\u00f6yt\u00e4\",\"url\":\"https:\/\/talonpoyta.fi\/en\/\",\"logo\":{\"@type\":\"ImageObject\",\"inLanguage\":\"en-US\",\"@id\":\"https:\/\/talonpoyta.fi\/en\/#\/schema\/logo\/image\/\",\"url\":\"https:\/\/talonpoyta.fi\/wp-content\/uploads\/2025\/05\/talonpoyta-logo-nelio-musta.png\",\"contentUrl\":\"https:\/\/talonpoyta.fi\/wp-content\/uploads\/2025\/05\/talonpoyta-logo-nelio-musta.png\",\"width\":500,\"height\":500,\"caption\":\"Ravintola Talonp\u00f6yt\u00e4\"},\"image\":{\"@id\":\"https:\/\/talonpoyta.fi\/en\/#\/schema\/logo\/image\/\"},\"sameAs\":[\"https:\/\/www.facebook.com\/ravintolatalonpoyta\",\"https:\/\/www.instagram.com\/ravintolatalonpoyta\"]}]}<\/script>\n<!-- \/ Yoast SEO plugin. -->","yoast_head_json":{"title":"Delicious meals, made from locally produced food - Ravintola Talonp\u00f6yt\u00e4, Kuusamo","description":"On weekdays we serve a home-cooked buffet lunch. Order home and office deliveries for lunch. \u00c0la Carte restaurant, caf\u00e9 and confectionery.","robots":{"index":"index","follow":"follow","max-snippet":"max-snippet:-1","max-image-preview":"max-image-preview:large","max-video-preview":"max-video-preview:-1"},"canonical":"https:\/\/talonpoyta.fi\/en\/","og_locale":"en_US","og_type":"article","og_title":"Delicious meals, made from locally produced food - Ravintola Talonp\u00f6yt\u00e4, Kuusamo","og_description":"On weekdays we serve a home-cooked buffet lunch. Order home and office deliveries for lunch. \u00c0la Carte restaurant, caf\u00e9 and confectionery.","og_url":"https:\/\/talonpoyta.fi\/en\/","og_site_name":"Ravintola Talonp\u00f6yt\u00e4, Kuusamo","article_publisher":"https:\/\/www.facebook.com\/ravintolatalonpoyta","article_modified_time":"2026-01-05T10:53:25+00:00","og_image":[{"width":900,"height":550,"url":"https:\/\/talonpoyta.fi\/wp-content\/uploads\/2020\/08\/talonpoyta-herlevin.jpg","type":"image\/jpeg"}],"twitter_card":"summary_large_image","twitter_misc":{"Est. reading time":"2 minutes"},"schema":{"@context":"https:\/\/schema.org","@graph":[{"@type":"WebPage","@id":"https:\/\/talonpoyta.fi\/en\/","url":"https:\/\/talonpoyta.fi\/en\/","name":"Delicious meals, made from locally produced food - Ravintola Talonp\u00f6yt\u00e4, Kuusamo","isPartOf":{"@id":"https:\/\/talonpoyta.fi\/en\/#website"},"primaryImageOfPage":{"@id":"https:\/\/talonpoyta.fi\/en\/#primaryimage"},"image":{"@id":"https:\/\/talonpoyta.fi\/en\/#primaryimage"},"thumbnailUrl":"https:\/\/talonpoyta.fi\/wp-content\/uploads\/2020\/08\/talonpoyta-herlevin.jpg","datePublished":"2020-08-11T07:50:46+00:00","dateModified":"2026-01-05T10:53:25+00:00","description":"On weekdays we serve a home-cooked buffet lunch. Order home and office deliveries for lunch. \u00c0la Carte restaurant, caf\u00e9 and confectionery.","breadcrumb":{"@id":"https:\/\/talonpoyta.fi\/en\/#breadcrumb"},"inLanguage":"en-US","potentialAction":[{"@type":"ReadAction","target":["https:\/\/talonpoyta.fi\/en\/"]}]},{"@type":"ImageObject","inLanguage":"en-US","@id":"https:\/\/talonpoyta.fi\/en\/#primaryimage","url":"https:\/\/talonpoyta.fi\/wp-content\/uploads\/2020\/08\/talonpoyta-herlevin.jpg","contentUrl":"https:\/\/talonpoyta.fi\/wp-content\/uploads\/2020\/08\/talonpoyta-herlevin.jpg","width":900,"height":550},{"@type":"BreadcrumbList","@id":"https:\/\/talonpoyta.fi\/en\/#breadcrumb","itemListElement":[{"@type":"ListItem","position":1,"name":"Home","item":"https:\/\/talonpoyta.fi\/en\/"},{"@type":"ListItem","position":2,"name":"Delicious meals, made from locally produced food"}]},{"@type":"WebSite","@id":"https:\/\/talonpoyta.fi\/en\/#website","url":"https:\/\/talonpoyta.fi\/en\/","name":"Ravintola Talonp\u00f6yt\u00e4, Kuusamo","description":"Lounaat, ala carte, pitopalvelu, kahvila, konditoria","publisher":{"@id":"https:\/\/talonpoyta.fi\/en\/#organization"},"potentialAction":[{"@type":"SearchAction","target":{"@type":"EntryPoint","urlTemplate":"https:\/\/talonpoyta.fi\/en\/?s={search_term_string}"},"query-input":{"@type":"PropertyValueSpecification","valueRequired":true,"valueName":"search_term_string"}}],"inLanguage":"en-US"},{"@type":"Organization","@id":"https:\/\/talonpoyta.fi\/en\/#organization","name":"Ravintola Talonp\u00f6yt\u00e4","url":"https:\/\/talonpoyta.fi\/en\/","logo":{"@type":"ImageObject","inLanguage":"en-US","@id":"https:\/\/talonpoyta.fi\/en\/#\/schema\/logo\/image\/","url":"https:\/\/talonpoyta.fi\/wp-content\/uploads\/2025\/05\/talonpoyta-logo-nelio-musta.png","contentUrl":"https:\/\/talonpoyta.fi\/wp-content\/uploads\/2025\/05\/talonpoyta-logo-nelio-musta.png","width":500,"height":500,"caption":"Ravintola Talonp\u00f6yt\u00e4"},"image":{"@id":"https:\/\/talonpoyta.fi\/en\/#\/schema\/logo\/image\/"},"sameAs":["https:\/\/www.facebook.com\/ravintolatalonpoyta","https:\/\/www.instagram.com\/ravintolatalonpoyta"]}]}},"publishpress_future_action":{"enabled":false,"date":"2026-04-16 12:43:18","action":"change-status","newStatus":"draft","terms":[],"taxonomy":"translation_priority","extraData":[]},"publishpress_future_workflow_manual_trigger":{"enabledWorkflows":[]},"_links":{"self":[{"href":"https:\/\/talonpoyta.fi\/en\/wp-json\/wp\/v2\/pages\/877","targetHints":{"allow":["GET"]}}],"collection":[{"href":"https:\/\/talonpoyta.fi\/en\/wp-json\/wp\/v2\/pages"}],"about":[{"href":"https:\/\/talonpoyta.fi\/en\/wp-json\/wp\/v2\/types\/page"}],"author":[{"embeddable":true,"href":"https:\/\/talonpoyta.fi\/en\/wp-json\/wp\/v2\/users\/1"}],"replies":[{"embeddable":true,"href":"https:\/\/talonpoyta.fi\/en\/wp-json\/wp\/v2\/comments?post=877"}],"version-history":[{"count":18,"href":"https:\/\/talonpoyta.fi\/en\/wp-json\/wp\/v2\/pages\/877\/revisions"}],"predecessor-version":[{"id":13577,"href":"https:\/\/talonpoyta.fi\/en\/wp-json\/wp\/v2\/pages\/877\/revisions\/13577"}],"wp:featuredmedia":[{"embeddable":true,"href":"https:\/\/talonpoyta.fi\/en\/wp-json\/wp\/v2\/media\/861"}],"wp:attachment":[{"href":"https:\/\/talonpoyta.fi\/en\/wp-json\/wp\/v2\/media?parent=877"}],"curies":[{"name":"wp","href":"https:\/\/api.w.org\/{rel}","templated":true}]}}