{"id":888,"date":"2020-08-17T15:22:37","date_gmt":"2020-08-17T12:22:37","guid":{"rendered":"https:\/\/talonpoyta.fi\/kahvila-konditoria\/"},"modified":"2021-11-18T12:56:11","modified_gmt":"2021-11-18T10:56:11","slug":"cafe-confectionery","status":"publish","type":"page","link":"https:\/\/talonpoyta.fi\/en\/cafe-confectionery\/","title":{"rendered":"Caf\u00e9 &#8211; Confectionery"},"content":{"rendered":"<ul>\n<li>\n<p>        <img decoding=\"async\" src=\"\/wp-content\/uploads\/2020\/08\/ravintola-talonpoyta-kakku.jpeg\" alt=\"Beautiful cakes\"><\/p>\n<div>Beautiful cakes<\/div>\n<\/li>\n<li>\n<p>        <img decoding=\"async\" src=\"\/wp-content\/uploads\/2020\/08\/suklaakakku.jpg\" alt=\"Special decoration\"><\/p>\n<div>Special decoration<\/div>\n<\/li>\n<li>\n<p>        <img decoding=\"async\" src=\"\/wp-content\/uploads\/2020\/08\/voileipa%CC%88kakku.jpg\" alt=\"Savoury treats\"><\/p>\n<div>Savoury treats<\/div>\n<\/li>\n<li>\n<p>        <img decoding=\"async\" src=\"\/wp-content\/uploads\/2020\/08\/talonpoyta-oulanka-pulla.jpg\" alt=\"Traditions\"><\/p>\n<div>Traditions<\/div>\n<\/li>\n<li>\n<p>        <img decoding=\"async\" src=\"\/wp-content\/uploads\/recipes-post-russian-chocolate-cheesecake.jpg\" alt=\"Or maybe your own choice\"><\/p>\n<div>Or maybe your own choice<\/div>\n<\/li>\n<li>\n<p>        <img decoding=\"async\" src=\"\/wp-content\/uploads\/2020\/08\/pikkuleipa.jpg\" alt=\"Cookies\"><\/p>\n<div>Cookies<\/div>\n<\/li>\n<\/ul>\n<h1>Caf\u00e9 &#8211; Confectionery<\/h1>\n<div>\n<h5>Mon &#8211; Fri 10.30am \u2013 9pm, Sat 12 noon \u2013 9pm<\/h5>\n<\/div>\n<h2>Tasty experiences for all events, big and small!<\/h2>\n<div>\n<p><strong>Our caf\u00e9 serves genuinely tasty, top-quality bakery products prepared by our own confectioners.<\/strong><\/p>\n<p>Order from us the savoury and sweet delicacies to your party, or come to our caf\u00e9 and have something nice to eat with a cup of coffee. Our selection comprises traditional creamy layer cakes, cheesecakes, sandwich cakes, tailored cakes made to order, and much more.\u00a0<\/p>\n<p>Whatever your event, the baked goods of Talonp\u00f6yt\u00e4 confectioners will not leave you cold. We will tailor you a set of catering, exactly as you want it to be.<\/p>\n<\/div>\n<p><img decoding=\"async\" src=\"\/wp-content\/uploads\/2020\/09\/talonpoyta-kahvila.jpg\" alt=\"Cafe\"><\/p>\n<div>\n<h3>For more information<\/h3>\n<p>Call <a href=\"tel:+358400263272\">+358 400 263 272<\/a>, or send e-mail <a href=\"mailto:info@talonpoyta.fi\">info@talonpoyta.fi<\/a>\u00a0<\/p>\n<p><em>Delicious taste combinations and beautiful presentation in mind, we want to serve you a lovely taste experience.<\/em><\/p>\n<\/div>\n<p><!--more--><br \/>\n<!-- {\"type\":\"layout\",\"children\":[{\"name\":\"aloitussivujen yl\\u00e4osa\",\"type\":\"section\",\"props\":{\"style\":\"muted\",\"width\":\"\",\"vertical_align\":\"bottom\",\"title_position\":\"top-left\",\"title_rotation\":\"left\",\"title_breakpoint\":\"xl\",\"image_position\":\"center-center\",\"padding_remove_bottom\":false,\"padding_remove_top\":true,\"image\":\"\"},\"children\":[{\"type\":\"row\",\"children\":[{\"type\":\"column\",\"props\":{\"image_position\":\"center-center\",\"media_overlay_gradient\":\"\",\"width_medium\":\"1-1\"},\"children\":[{\"type\":\"overlay-slider\",\"props\":{\"show_title\":true,\"show_meta\":true,\"show_content\":true,\"show_link\":true,\"slider_width\":\"\",\"slider_width_default\":\"1-1\",\"slider_width_medium\":\"1-3\",\"slider_min_height\":300,\"slider_autoplay_pause\":false,\"nav\":\"\",\"nav_align\":\"center\",\"nav_breakpoint\":\"s\",\"slidenav\":\"default\",\"slidenav_margin\":\"\",\"slidenav_breakpoint\":\"\",\"slidenav_outside_breakpoint\":\"xl\",\"overlay_mode\":\"caption\",\"overlay_position\":\"bottom\",\"overlay_transition\":\"fade\",\"title_element\":\"div\",\"meta_style\":\"h5\",\"meta_align\":\"below-title\",\"text_align\":\"center\",\"margin\":\"remove-vertical\",\"slider_height\":\"\",\"slider_width_small\":\"3-5\",\"slider_width_large\":\"\",\"slider_width_xlarge\":\"\",\"nav_margin\":\"\",\"nav_color\":\"\",\"slidenav_color\":\"\",\"slidenav_outside_color\":\"\",\"overlay_style\":\"overlay-primary\",\"overlay_padding\":\"small\",\"overlay_margin\":\"small\",\"overlay_maxwidth\":\"large\",\"image_transition\":\"scale-up\",\"title_style\":\"h3\",\"slidenav_hover\":false,\"slider_divider\":false,\"slider_center\":true,\"slider_sets\":false,\"image_width\":\"500\",\"slider_autoplay\":true,\"slider_gap\":\"small\",\"link_text\":\"\",\"link_style\":\"default\",\"image_height\":\"500\",\"slider_finite\":false,\"slidenav_large\":false,\"overlay_hover\":false,\"class\":\"\",\"slider_velocity\":\"0.8\",\"meta_element\":\"div\",\"title_margin\":\"small\",\"meta_margin\":\"small\",\"slider_autoplay_interval\":\"5\",\"overlay_link\":true,\"title_hover_style\":\"reset\"},\"children\":[{\"type\":\"overlay-slider_item\",\"props\":{\"title\":\"Beautiful cakes\",\"image\":\"wp-content\\\/uploads\\\/2020\\\/08\\\/ravintola-talonpoyta-kakku.jpeg\",\"image_alt\":\"Beautiful cakes\"}},{\"type\":\"overlay-slider_item\",\"props\":{\"title\":\"Special decoration\",\"image\":\"wp-content\\\/uploads\\\/2020\\\/08\\\/suklaakakku.jpg\",\"image_alt\":\"Special decoration\"}},{\"type\":\"overlay-slider_item\",\"props\":{\"title\":\"Savoury treats\",\"image\":\"wp-content\\\/uploads\\\/2020\\\/08\\\/voileipa\\u0308kakku.jpg\",\"image_alt\":\"Savoury treats\"}},{\"type\":\"overlay-slider_item\",\"props\":{\"title\":\"Traditions\",\"image\":\"wp-content\\\/uploads\\\/2020\\\/08\\\/talonpoyta-oulanka-pulla.jpg\",\"image_alt\":\"Traditions\"}},{\"type\":\"overlay-slider_item\",\"props\":{\"title\":\"Or maybe your own choice\",\"image\":\"wp-content\\\/uploads\\\/recipes-post-russian-chocolate-cheesecake.jpg\",\"image_alt\":\"Or maybe your own choice\"}},{\"type\":\"overlay-slider_item\",\"props\":{\"title\":\"Cookies\",\"image\":\"wp-content\\\/uploads\\\/2020\\\/08\\\/pikkuleipa.jpg\",\"image_alt\":\"Cookies\"}}]}]}]},{\"name\":\"\",\"type\":\"row\",\"props\":{\"width\":\"xlarge\",\"margin\":\"large\"},\"children\":[{\"name\":\"\",\"type\":\"column\",\"props\":{\"image_position\":\"center-center\",\"media_overlay_gradient\":\"\",\"width_medium\":\"1-1\"},\"children\":[{\"type\":\"headline\",\"props\":{\"title_element\":\"h1\",\"margin\":\"default\",\"text_align\":\"center\",\"content\":\"Caf\\u00e9 - Confectionery\"}},{\"type\":\"text\",\"props\":{\"margin\":\"default\",\"column_breakpoint\":\"m\",\"content\":\"\n\n<h5>Mon - Fri 10.30am \\u2013 9pm, Sat 12 noon \\u2013 9pm<\\\/h5>\",\"text_align\":\"center\"}}]}]}]},{\"type\":\"section\",\"props\":{\"style\":\"default\",\"width\":\"default\",\"vertical_align\":\"middle\",\"title_position\":\"top-left\",\"title_rotation\":\"left\",\"title_breakpoint\":\"xl\",\"image_position\":\"center-center\"},\"children\":[{\"type\":\"row\",\"children\":[{\"type\":\"column\",\"props\":{\"image_position\":\"center-center\",\"media_overlay_gradient\":\"\",\"width_medium\":\"2-3\",\"width_small\":\"1-2\"},\"children\":[{\"type\":\"headline\",\"props\":{\"title_element\":\"h2\",\"content\":\"Tasty experiences for all events, big and small!\",\"title_style\":\"h2\",\"margin_remove_top\":true}},{\"type\":\"text\",\"props\":{\"margin\":\"default\",\"column_breakpoint\":\"m\",\"content\":\"\n\n<p><strong>Our caf\\u00e9 serves genuinely tasty, top-quality bakery products prepared by our own confectioners.<\\\/strong><\\\/p>\\n\n\n<p>Order from us the savoury and sweet delicacies to your party, or come to our caf\\u00e9 and have something nice to eat with a cup of coffee. Our selection comprises traditional creamy layer cakes, cheesecakes, sandwich cakes, tailored cakes made to order, and much more.\\u00a0<\\\/p>\\n\n\n<p>Whatever your event, the baked goods of Talonp\\u00f6yt\\u00e4 confectioners will not leave you cold. We will tailor you a set of catering, exactly as you want it to be.<\\\/p>\"}}]},{\"type\":\"column\",\"props\":{\"image_position\":\"center-center\",\"media_overlay_gradient\":\"\",\"width_medium\":\"1-3\",\"width_small\":\"1-2\"},\"children\":[{\"type\":\"image\",\"props\":{\"margin\":\"default\",\"image_svg_color\":\"emphasis\",\"image\":\"wp-content\\\/uploads\\\/2020\\\/09\\\/talonpoyta-kahvila.jpg\",\"image_alt\":\"Cafe\"}},{\"type\":\"text\",\"props\":{\"margin\":\"default\",\"column_breakpoint\":\"m\",\"content\":\"\n\n<h3>For more information<\\\/h3>\\n\n\n<p>Call <a href=\\\"tel:+358400263272\\\">+358 400 263 272<\\\/a>, or send e-mail <a href=\\\"mailto:info@talonpoyta.fi\\\">info@talonpoyta.fi<\\\/a>\\u00a0<\\\/p>\\n\n\n<p><em>Delicious taste combinations and beautiful presentation in mind, we want to serve you a lovely taste experience.<\\\/em><\\\/p>\"}}]}],\"props\":{\"layout\":\"2-3,1-3\",\"divider\":true,\"column_gap\":\"small\"}}]}],\"version\":\"2.6.9\"} --><\/p>\n","protected":false},"excerpt":{"rendered":"<p>Beautiful cakes Special decoration Savoury treats Traditions Or maybe your own choice Cookies Caf\u00e9 &#8211; Confectionery Mon &#8211; Fri 10.30am \u2013 9pm, Sat 12 noon \u2013 9pm Tasty experiences for all events, big and small! Our caf\u00e9 serves genuinely tasty, top-quality bakery products prepared by our own confectioners. Order from us the savoury and sweet [&hellip;]<\/p>\n","protected":false},"author":1,"featured_media":817,"parent":0,"menu_order":0,"comment_status":"closed","ping_status":"closed","template":"","meta":{"footnotes":""},"class_list":["post-888","page","type-page","status-publish","has-post-thumbnail","hentry"],"yoast_head":"<!-- This site is optimized with the Yoast SEO plugin v26.6 - https:\/\/yoast.com\/wordpress\/plugins\/seo\/ -->\n<title>Caf\u00e9 - Confectionery - Ravintola Talonp\u00f6yt\u00e4, Kuusamo<\/title>\n<meta name=\"description\" content=\"Our caf\u00e9 serves genuinely tasty, top-quality bakery products prepared by our own confectioners. Order sweet and savoury treats!\" \/>\n<meta name=\"robots\" content=\"index, follow, max-snippet:-1, max-image-preview:large, max-video-preview:-1\" \/>\n<link rel=\"canonical\" href=\"https:\/\/talonpoyta.fi\/en\/cafe-confectionery\/\" \/>\n<meta property=\"og:locale\" content=\"en_US\" \/>\n<meta property=\"og:type\" content=\"article\" \/>\n<meta property=\"og:title\" content=\"Caf\u00e9 - Confectionery - Ravintola Talonp\u00f6yt\u00e4, Kuusamo\" \/>\n<meta property=\"og:description\" content=\"Our caf\u00e9 serves genuinely tasty, top-quality bakery products prepared by our own confectioners. Order sweet and savoury treats!\" \/>\n<meta property=\"og:url\" content=\"https:\/\/talonpoyta.fi\/en\/cafe-confectionery\/\" \/>\n<meta property=\"og:site_name\" content=\"Ravintola Talonp\u00f6yt\u00e4, Kuusamo\" \/>\n<meta property=\"article:publisher\" content=\"https:\/\/www.facebook.com\/ravintolatalonpoyta\" \/>\n<meta property=\"article:modified_time\" content=\"2021-11-18T10:56:11+00:00\" \/>\n<meta property=\"og:image\" content=\"https:\/\/talonpoyta.fi\/wp-content\/uploads\/2020\/08\/ravintola-talonpoyta-kakku.jpeg\" \/>\n\t<meta property=\"og:image:width\" content=\"1200\" \/>\n\t<meta property=\"og:image:height\" content=\"800\" \/>\n\t<meta property=\"og:image:type\" content=\"image\/jpeg\" \/>\n<meta name=\"twitter:card\" content=\"summary_large_image\" \/>\n<meta name=\"twitter:label1\" content=\"Est. reading time\" \/>\n\t<meta name=\"twitter:data1\" content=\"1 minute\" \/>\n<script type=\"application\/ld+json\" class=\"yoast-schema-graph\">{\"@context\":\"https:\/\/schema.org\",\"@graph\":[{\"@type\":\"WebPage\",\"@id\":\"https:\/\/talonpoyta.fi\/en\/cafe-confectionery\/\",\"url\":\"https:\/\/talonpoyta.fi\/en\/cafe-confectionery\/\",\"name\":\"Caf\u00e9 - Confectionery - Ravintola Talonp\u00f6yt\u00e4, Kuusamo\",\"isPartOf\":{\"@id\":\"https:\/\/talonpoyta.fi\/en\/#website\"},\"primaryImageOfPage\":{\"@id\":\"https:\/\/talonpoyta.fi\/en\/cafe-confectionery\/#primaryimage\"},\"image\":{\"@id\":\"https:\/\/talonpoyta.fi\/en\/cafe-confectionery\/#primaryimage\"},\"thumbnailUrl\":\"https:\/\/talonpoyta.fi\/wp-content\/uploads\/2020\/08\/ravintola-talonpoyta-kakku.jpeg\",\"datePublished\":\"2020-08-17T12:22:37+00:00\",\"dateModified\":\"2021-11-18T10:56:11+00:00\",\"description\":\"Our caf\u00e9 serves genuinely tasty, top-quality bakery products prepared by our own confectioners. Order sweet and savoury treats!\",\"breadcrumb\":{\"@id\":\"https:\/\/talonpoyta.fi\/en\/cafe-confectionery\/#breadcrumb\"},\"inLanguage\":\"en-US\",\"potentialAction\":[{\"@type\":\"ReadAction\",\"target\":[\"https:\/\/talonpoyta.fi\/en\/cafe-confectionery\/\"]}]},{\"@type\":\"ImageObject\",\"inLanguage\":\"en-US\",\"@id\":\"https:\/\/talonpoyta.fi\/en\/cafe-confectionery\/#primaryimage\",\"url\":\"https:\/\/talonpoyta.fi\/wp-content\/uploads\/2020\/08\/ravintola-talonpoyta-kakku.jpeg\",\"contentUrl\":\"https:\/\/talonpoyta.fi\/wp-content\/uploads\/2020\/08\/ravintola-talonpoyta-kakku.jpeg\",\"width\":1200,\"height\":800},{\"@type\":\"BreadcrumbList\",\"@id\":\"https:\/\/talonpoyta.fi\/en\/cafe-confectionery\/#breadcrumb\",\"itemListElement\":[{\"@type\":\"ListItem\",\"position\":1,\"name\":\"Home\",\"item\":\"https:\/\/talonpoyta.fi\/en\/\"},{\"@type\":\"ListItem\",\"position\":2,\"name\":\"Caf\u00e9 &#8211; Confectionery\"}]},{\"@type\":\"WebSite\",\"@id\":\"https:\/\/talonpoyta.fi\/en\/#website\",\"url\":\"https:\/\/talonpoyta.fi\/en\/\",\"name\":\"Ravintola Talonp\u00f6yt\u00e4, Kuusamo\",\"description\":\"Lounaat, ala carte, pitopalvelu, kahvila, konditoria\",\"publisher\":{\"@id\":\"https:\/\/talonpoyta.fi\/en\/#organization\"},\"potentialAction\":[{\"@type\":\"SearchAction\",\"target\":{\"@type\":\"EntryPoint\",\"urlTemplate\":\"https:\/\/talonpoyta.fi\/en\/?s={search_term_string}\"},\"query-input\":{\"@type\":\"PropertyValueSpecification\",\"valueRequired\":true,\"valueName\":\"search_term_string\"}}],\"inLanguage\":\"en-US\"},{\"@type\":\"Organization\",\"@id\":\"https:\/\/talonpoyta.fi\/en\/#organization\",\"name\":\"Ravintola Talonp\u00f6yt\u00e4\",\"url\":\"https:\/\/talonpoyta.fi\/en\/\",\"logo\":{\"@type\":\"ImageObject\",\"inLanguage\":\"en-US\",\"@id\":\"https:\/\/talonpoyta.fi\/en\/#\/schema\/logo\/image\/\",\"url\":\"https:\/\/talonpoyta.fi\/wp-content\/uploads\/2025\/05\/talonpoyta-logo-nelio-musta.png\",\"contentUrl\":\"https:\/\/talonpoyta.fi\/wp-content\/uploads\/2025\/05\/talonpoyta-logo-nelio-musta.png\",\"width\":500,\"height\":500,\"caption\":\"Ravintola Talonp\u00f6yt\u00e4\"},\"image\":{\"@id\":\"https:\/\/talonpoyta.fi\/en\/#\/schema\/logo\/image\/\"},\"sameAs\":[\"https:\/\/www.facebook.com\/ravintolatalonpoyta\",\"https:\/\/www.instagram.com\/ravintolatalonpoyta\"]}]}<\/script>\n<!-- \/ Yoast SEO plugin. -->","yoast_head_json":{"title":"Caf\u00e9 - Confectionery - Ravintola Talonp\u00f6yt\u00e4, Kuusamo","description":"Our caf\u00e9 serves genuinely tasty, top-quality bakery products prepared by our own confectioners. Order sweet and savoury treats!","robots":{"index":"index","follow":"follow","max-snippet":"max-snippet:-1","max-image-preview":"max-image-preview:large","max-video-preview":"max-video-preview:-1"},"canonical":"https:\/\/talonpoyta.fi\/en\/cafe-confectionery\/","og_locale":"en_US","og_type":"article","og_title":"Caf\u00e9 - Confectionery - Ravintola Talonp\u00f6yt\u00e4, Kuusamo","og_description":"Our caf\u00e9 serves genuinely tasty, top-quality bakery products prepared by our own confectioners. Order sweet and savoury treats!","og_url":"https:\/\/talonpoyta.fi\/en\/cafe-confectionery\/","og_site_name":"Ravintola Talonp\u00f6yt\u00e4, Kuusamo","article_publisher":"https:\/\/www.facebook.com\/ravintolatalonpoyta","article_modified_time":"2021-11-18T10:56:11+00:00","og_image":[{"width":1200,"height":800,"url":"https:\/\/talonpoyta.fi\/wp-content\/uploads\/2020\/08\/ravintola-talonpoyta-kakku.jpeg","type":"image\/jpeg"}],"twitter_card":"summary_large_image","twitter_misc":{"Est. reading time":"1 minute"},"schema":{"@context":"https:\/\/schema.org","@graph":[{"@type":"WebPage","@id":"https:\/\/talonpoyta.fi\/en\/cafe-confectionery\/","url":"https:\/\/talonpoyta.fi\/en\/cafe-confectionery\/","name":"Caf\u00e9 - Confectionery - Ravintola Talonp\u00f6yt\u00e4, Kuusamo","isPartOf":{"@id":"https:\/\/talonpoyta.fi\/en\/#website"},"primaryImageOfPage":{"@id":"https:\/\/talonpoyta.fi\/en\/cafe-confectionery\/#primaryimage"},"image":{"@id":"https:\/\/talonpoyta.fi\/en\/cafe-confectionery\/#primaryimage"},"thumbnailUrl":"https:\/\/talonpoyta.fi\/wp-content\/uploads\/2020\/08\/ravintola-talonpoyta-kakku.jpeg","datePublished":"2020-08-17T12:22:37+00:00","dateModified":"2021-11-18T10:56:11+00:00","description":"Our caf\u00e9 serves genuinely tasty, top-quality bakery products prepared by our own confectioners. Order sweet and savoury treats!","breadcrumb":{"@id":"https:\/\/talonpoyta.fi\/en\/cafe-confectionery\/#breadcrumb"},"inLanguage":"en-US","potentialAction":[{"@type":"ReadAction","target":["https:\/\/talonpoyta.fi\/en\/cafe-confectionery\/"]}]},{"@type":"ImageObject","inLanguage":"en-US","@id":"https:\/\/talonpoyta.fi\/en\/cafe-confectionery\/#primaryimage","url":"https:\/\/talonpoyta.fi\/wp-content\/uploads\/2020\/08\/ravintola-talonpoyta-kakku.jpeg","contentUrl":"https:\/\/talonpoyta.fi\/wp-content\/uploads\/2020\/08\/ravintola-talonpoyta-kakku.jpeg","width":1200,"height":800},{"@type":"BreadcrumbList","@id":"https:\/\/talonpoyta.fi\/en\/cafe-confectionery\/#breadcrumb","itemListElement":[{"@type":"ListItem","position":1,"name":"Home","item":"https:\/\/talonpoyta.fi\/en\/"},{"@type":"ListItem","position":2,"name":"Caf\u00e9 &#8211; Confectionery"}]},{"@type":"WebSite","@id":"https:\/\/talonpoyta.fi\/en\/#website","url":"https:\/\/talonpoyta.fi\/en\/","name":"Ravintola Talonp\u00f6yt\u00e4, Kuusamo","description":"Lounaat, ala carte, pitopalvelu, kahvila, konditoria","publisher":{"@id":"https:\/\/talonpoyta.fi\/en\/#organization"},"potentialAction":[{"@type":"SearchAction","target":{"@type":"EntryPoint","urlTemplate":"https:\/\/talonpoyta.fi\/en\/?s={search_term_string}"},"query-input":{"@type":"PropertyValueSpecification","valueRequired":true,"valueName":"search_term_string"}}],"inLanguage":"en-US"},{"@type":"Organization","@id":"https:\/\/talonpoyta.fi\/en\/#organization","name":"Ravintola Talonp\u00f6yt\u00e4","url":"https:\/\/talonpoyta.fi\/en\/","logo":{"@type":"ImageObject","inLanguage":"en-US","@id":"https:\/\/talonpoyta.fi\/en\/#\/schema\/logo\/image\/","url":"https:\/\/talonpoyta.fi\/wp-content\/uploads\/2025\/05\/talonpoyta-logo-nelio-musta.png","contentUrl":"https:\/\/talonpoyta.fi\/wp-content\/uploads\/2025\/05\/talonpoyta-logo-nelio-musta.png","width":500,"height":500,"caption":"Ravintola Talonp\u00f6yt\u00e4"},"image":{"@id":"https:\/\/talonpoyta.fi\/en\/#\/schema\/logo\/image\/"},"sameAs":["https:\/\/www.facebook.com\/ravintolatalonpoyta","https:\/\/www.instagram.com\/ravintolatalonpoyta"]}]}},"publishpress_future_action":{"enabled":false,"date":"2026-04-17 15:49:41","action":"change-status","newStatus":"draft","terms":[],"taxonomy":"translation_priority","extraData":[]},"publishpress_future_workflow_manual_trigger":{"enabledWorkflows":[]},"_links":{"self":[{"href":"https:\/\/talonpoyta.fi\/en\/wp-json\/wp\/v2\/pages\/888","targetHints":{"allow":["GET"]}}],"collection":[{"href":"https:\/\/talonpoyta.fi\/en\/wp-json\/wp\/v2\/pages"}],"about":[{"href":"https:\/\/talonpoyta.fi\/en\/wp-json\/wp\/v2\/types\/page"}],"author":[{"embeddable":true,"href":"https:\/\/talonpoyta.fi\/en\/wp-json\/wp\/v2\/users\/1"}],"replies":[{"embeddable":true,"href":"https:\/\/talonpoyta.fi\/en\/wp-json\/wp\/v2\/comments?post=888"}],"version-history":[{"count":0,"href":"https:\/\/talonpoyta.fi\/en\/wp-json\/wp\/v2\/pages\/888\/revisions"}],"wp:featuredmedia":[{"embeddable":true,"href":"https:\/\/talonpoyta.fi\/en\/wp-json\/wp\/v2\/media\/817"}],"wp:attachment":[{"href":"https:\/\/talonpoyta.fi\/en\/wp-json\/wp\/v2\/media?parent=888"}],"curies":[{"name":"wp","href":"https:\/\/api.w.org\/{rel}","templated":true}]}}