{"id":895,"date":"2020-08-25T09:21:38","date_gmt":"2020-08-25T06:21:38","guid":{"rendered":"https:\/\/talonpoyta.fi\/oulanka\/"},"modified":"2025-07-28T10:20:10","modified_gmt":"2025-07-28T07:20:10","slug":"oulanka","status":"publish","type":"page","link":"https:\/\/talonpoyta.fi\/en\/oulanka\/","title":{"rendered":"Hearty home cooking at Oulanka canyon"},"content":{"rendered":"<ul>\n<li>\n<p>        <img decoding=\"async\" src=\"\/wp-content\/uploads\/2020\/08\/talonpoyta-oulanka-ravintola.jpg\" alt=\"Talonp\u00f6yt\u00e4 Oulanka\"><\/p>\n<div>Talonp\u00f6yt\u00e4 Oulanka<\/div>\n<\/li>\n<li>\n<p>        <img decoding=\"async\" src=\"https:\/\/talonpoyta.fi\/wp-content\/uploads\/2020\/08\/talonpoyta-oulanka-kiutakongas.jpg\" alt=\"Kiutak\u00f6ng\u00e4s rapid\"><\/p>\n<div>Kiutak\u00f6ng\u00e4s rapid<\/div>\n<\/li>\n<li>\n<p>        <img decoding=\"async\" src=\"https:\/\/talonpoyta.fi\/wp-content\/uploads\/2020\/08\/talonpoyta-oulanka-pulla.jpg\" alt=\"Sweet and salty\"><\/p>\n<div>Sweet and salty<\/div>\n<\/li>\n<li>\n<p>        <img decoding=\"async\" src=\"https:\/\/talonpoyta.fi\/wp-content\/uploads\/2020\/08\/talonpoyta-poroburgeri.jpg\" alt=\"Our popular reindeer burger\"><\/p>\n<div>Our popular reindeer burger<\/div>\n<\/li>\n<li>\n<p>        <img decoding=\"async\" src=\"\/wp-content\/uploads\/2020\/08\/lumikenkailija-oulangalla.jpg\" alt=\"From spring till fall\"><\/p>\n<div>Open from spring till fall<\/div>\n<\/li>\n<li>\n<p>        <img decoding=\"async\" src=\"https:\/\/talonpoyta.fi\/wp-content\/uploads\/2020\/08\/lounas2.jpg\" alt=\"Lunch Mon-Sun\"><\/p>\n<div>Lunch Mon-Sun<\/div>\n<\/li>\n<\/ul>\n<h1>Restaurant Talonp\u00f6yt\u00e4 <span class=\"uk-text-primary\">Oulanka<\/span><\/h1>\n<div>\n<h5>Open every day 10.00 &#8211; 18.00\u00a0<\/h5>\n<p>Kindly notice that we take last orders by 17.30.<\/p>\n<\/div>\n<h2>Hearty home cooking<br \/>at Oulanka canyon<\/h2>\n<div>\n<div uk-scrollspy-class=\"\">\n<p>Welcome to Restaurant Talonp\u00f6yt\u00e4 Oulanka. We are located at Oulanka Visitor Centre, in the vicinity of the rolling waters of Kiutak\u00f6ng\u00e4s rapid. In addition to daily home cooked lunch, our restaurant serves tasty meals and snacks made from locally produced ingredients.<\/p>\n<p><strong>The immensely popular Talonp\u00f6yt\u00e4 reindeer burgers, pitta breads and other local delicacies are also available at Oulanka.<\/strong> Whether you are alone or with friends, come and have a nice cup of coffee and a snack in the peaceful atmosphere of our wilderness-themed restaurant.<\/p>\n<p>Our selection offers lots to choose from, all prepared in our kitchen using fresh and locally grown ingredients. We also sell refreshments, ice cream, sweets, souvenirs made by local partners, and postcards and stamps. <strong>Hikers can order packed lunches from us, and picnic food and supplies are available at the restaurant.<\/strong><\/p>\n<p>The restaurant is licenced to sell alcohol.<\/p>\n<\/div>\n<\/div>\n<div>\n<h4>Soup lunch 11.00 &#8211; 15.00<br \/>Burgers and other local food daily until 17.30.<\/h4>\n<p><strong>ALSO TAKE AWAY!\u00a0<\/strong><\/p>\n<p><strong>We at Restaurant Talonp\u00f6yt\u00e4 follow a careful hygiene routine and comply with the rules and regulations set by authorities.<\/strong><\/p>\n<\/div>\n<hr>\n<p><!--more--><br \/>\n<!-- {\"children\":[{\"name\":\"aloitussivujen yl\\u00e4osa\",\"type\":\"section\",\"props\":{\"image_position\":\"center-center\",\"padding_remove_bottom\":false,\"padding_remove_top\":true,\"style\":\"muted\",\"title_breakpoint\":\"xl\",\"title_position\":\"top-left\",\"title_rotation\":\"left\",\"vertical_align\":\"\",\"width\":\"\"},\"children\":[{\"type\":\"row\",\"children\":[{\"type\":\"column\",\"props\":{\"image_position\":\"center-center\",\"position_sticky_breakpoint\":\"m\",\"width_medium\":\"1-1\"},\"children\":[{\"type\":\"overlay-slider\",\"props\":{\"image_height\":\"500\",\"image_transition\":\"scale-up\",\"image_width\":\"500\",\"link_style\":\"default\",\"link_text\":\"\",\"margin\":\"remove-vertical\",\"meta_align\":\"below-title\",\"meta_element\":\"div\",\"meta_margin\":\"small\",\"meta_style\":\"h5\",\"nav\":\"\",\"nav_align\":\"center\",\"nav_below\":true,\"nav_breakpoint\":\"s\",\"nav_position\":\"bottom-center\",\"nav_position_margin\":\"medium\",\"overlay_link\":true,\"overlay_margin\":\"small\",\"overlay_maxwidth\":\"large\",\"overlay_mode\":\"caption\",\"overlay_padding\":\"small\",\"overlay_position\":\"bottom\",\"overlay_style\":\"overlay-primary\",\"overlay_transition\":\"fade\",\"show_content\":true,\"show_hover_image\":true,\"show_hover_video\":true,\"show_link\":true,\"show_meta\":true,\"show_title\":true,\"slidenav\":\"default\",\"slidenav_breakpoint\":\"\",\"slidenav_hover\":false,\"slidenav_large\":false,\"slidenav_margin\":\"\",\"slidenav_outside_breakpoint\":\"xl\",\"slider_autoplay\":true,\"slider_autoplay_interval\":\"5\",\"slider_autoplay_pause\":false,\"slider_center\":true,\"slider_divider\":false,\"slider_finite\":false,\"slider_gap\":\"small\",\"slider_sets\":false,\"slider_velocity\":\"0.8\",\"slider_width\":\"\",\"slider_width_default\":\"1-1\",\"slider_width_medium\":\"1-3\",\"slider_width_small\":\"3-5\",\"text_align\":\"center\",\"title_element\":\"div\",\"title_hover_style\":\"reset\",\"title_margin\":\"small\",\"title_style\":\"h3\"},\"children\":[{\"type\":\"overlay-slider_item\",\"props\":{\"image\":\"wp-content\\\/uploads\\\/2020\\\/08\\\/talonpoyta-oulanka-ravintola.jpg\",\"image_alt\":\"Talonp\\u00f6yt\\u00e4 Oulanka\",\"title\":\"Talonp\\u00f6yt\\u00e4 Oulanka\"}},{\"type\":\"overlay-slider_item\",\"props\":{\"image\":\"https:\\\/\\\/talonpoyta.fi\\\/wp-content\\\/uploads\\\/2020\\\/08\\\/talonpoyta-oulanka-kiutakongas.jpg\",\"image_alt\":\"Kiutak\\u00f6ng\\u00e4s rapid\",\"title\":\"Kiutak\\u00f6ng\\u00e4s rapid\"}},{\"type\":\"overlay-slider_item\",\"props\":{\"image\":\"https:\\\/\\\/talonpoyta.fi\\\/wp-content\\\/uploads\\\/2020\\\/08\\\/talonpoyta-oulanka-pulla.jpg\",\"image_alt\":\"Sweet and salty\",\"title\":\"Sweet and salty\"}},{\"type\":\"overlay-slider_item\",\"props\":{\"image\":\"https:\\\/\\\/talonpoyta.fi\\\/wp-content\\\/uploads\\\/2020\\\/08\\\/talonpoyta-poroburgeri.jpg\",\"image_alt\":\"Our popular reindeer burger\",\"title\":\"Our popular reindeer burger\"}},{\"type\":\"overlay-slider_item\",\"props\":{\"image\":\"wp-content\\\/uploads\\\/2020\\\/08\\\/lumikenkailija-oulangalla.jpg\",\"image_alt\":\"From spring till fall\",\"title\":\"Open from spring till fall\"}},{\"type\":\"overlay-slider_item\",\"props\":{\"image\":\"https:\\\/\\\/talonpoyta.fi\\\/wp-content\\\/uploads\\\/2020\\\/08\\\/lounas2.jpg\",\"image_alt\":\"Lunch Mon-Sun\",\"title\":\"Lunch Mon-Sun\"}}]}]}]},{\"type\":\"row\",\"props\":{\"margin\":\"large\",\"width\":\"xlarge\"},\"children\":[{\"type\":\"column\",\"props\":{\"image_position\":\"center-center\",\"position_sticky_breakpoint\":\"m\",\"width_medium\":\"1-1\"},\"children\":[{\"type\":\"headline\",\"props\":{\"content\":\"Restaurant Talonp\\u00f6yt\\u00e4 <span class=\\\"uk-text-primary\\\">Oulanka<\\\/span>\",\"margin\":\"large\",\"margin_remove_bottom\":true,\"text_align\":\"center\",\"title_element\":\"h1\"}},{\"type\":\"text\",\"props\":{\"column_breakpoint\":\"m\",\"content\":\"\n\n<h5>Open every day 10.00 - 18.00\\u00a0<\\\/h5>\\n\n\n<p>Kindly notice that we take last orders by 17.30.<\\\/p>\",\"margin\":\"default\",\"text_align\":\"center\"}}]}]}]},{\"type\":\"section\",\"props\":{\"image\":\"wp-content\\\/uploads\\\/2020\\\/08\\\/wildfood-tausta.jpg\",\"image_position\":\"top-right\",\"image_size\":\"contain\",\"media_overlay\":\"rgba(255, 255, 255, 0.95)\",\"style\":\"default\",\"title_breakpoint\":\"xl\",\"title_position\":\"top-left\",\"title_rotation\":\"left\",\"vertical_align\":\"\",\"width\":\"default\"},\"children\":[{\"type\":\"row\",\"props\":{\"divider\":true,\"layout\":\"1-2,1-2\"},\"children\":[{\"type\":\"column\",\"props\":{\"image_position\":\"center-center\",\"position_sticky_breakpoint\":\"m\",\"width_medium\":\"1-2\"},\"children\":[{\"type\":\"headline\",\"props\":{\"content\":\"Hearty home cooking<br \\\/>at Oulanka canyon\",\"title_element\":\"h2\",\"title_style\":\"h2\"}},{\"type\":\"text\",\"props\":{\"column_breakpoint\":\"m\",\"content\":\"\n\n<div uk-scrollspy-class=\\\"\\\">\\n\n\n<p>Welcome to Restaurant Talonp\\u00f6yt\\u00e4 Oulanka. We are located at Oulanka Visitor Centre, in the vicinity of the rolling waters of Kiutak\\u00f6ng\\u00e4s rapid. In addition to daily home cooked lunch, our restaurant serves tasty meals and snacks made from locally produced ingredients.<\\\/p>\\n\n\n<p><strong>The immensely popular Talonp\\u00f6yt\\u00e4 reindeer burgers, pitta breads and other local delicacies are also available at Oulanka.<\\\/strong> Whether you are alone or with friends, come and have a nice cup of coffee and a snack in the peaceful atmosphere of our wilderness-themed restaurant.<\\\/p>\\n\n\n<p>Our selection offers lots to choose from, all prepared in our kitchen using fresh and locally grown ingredients. We also sell refreshments, ice cream, sweets, souvenirs made by local partners, and postcards and stamps. <strong>Hikers can order packed lunches from us, and picnic food and supplies are available at the restaurant.<\\\/strong><\\\/p>\\n\n\n<p>The restaurant is licenced to sell alcohol.<\\\/p>\\n<\\\/div>\",\"margin\":\"default\"}}]},{\"type\":\"column\",\"props\":{\"image_position\":\"center-center\",\"position_sticky_breakpoint\":\"m\",\"width_medium\":\"1-2\"},\"children\":[{\"type\":\"text\",\"props\":{\"column_breakpoint\":\"m\",\"content\":\"\n\n<h4>Soup lunch 11.00 - 15.00<br \\\/>Burgers and other local food daily until 17.30.<\\\/h4>\\n\n\n<p><strong>ALSO TAKE AWAY!\\u00a0<\\\/strong><\\\/p>\\n\n\n<p><strong>We at Restaurant Talonp\\u00f6yt\\u00e4 follow a careful hygiene routine and comply with the rules and regulations set by authorities.<\\\/strong><\\\/p>\",\"margin\":\"default\"}},{\"type\":\"divider\",\"props\":{\"divider_element\":\"hr\"}}]}]}]}],\"version\":\"4.5.21\",\"type\":\"layout\"} --><\/p>\n","protected":false},"excerpt":{"rendered":"<p>Talonp\u00f6yt\u00e4 Oulanka Kiutak\u00f6ng\u00e4s rapid Sweet and salty Our popular reindeer burger Open from spring till fall Lunch Mon-Sun Restaurant Talonp\u00f6yt\u00e4 Oulanka Open every day 10.00 &#8211; 18.00\u00a0 Kindly notice that we take last orders by 17.30. Hearty home cookingat Oulanka canyon Welcome to Restaurant Talonp\u00f6yt\u00e4 Oulanka. We are located at Oulanka Visitor Centre, in the [&hellip;]<\/p>\n","protected":false},"author":1,"featured_media":842,"parent":0,"menu_order":0,"comment_status":"closed","ping_status":"closed","template":"","meta":{"footnotes":""},"class_list":["post-895","page","type-page","status-publish","has-post-thumbnail","hentry"],"yoast_head":"<!-- This site is optimized with the Yoast SEO plugin v27.3 - https:\/\/yoast.com\/product\/yoast-seo-wordpress\/ -->\n<title>Hearty home cooking at Oulanka canyon - Ravintola Talonp\u00f6yt\u00e4, Kuusamo<\/title>\n<meta name=\"description\" content=\"P\u00e4ivitt\u00e4isen kotiruokalounaan lis\u00e4ksi Oulangan ravintolassamme on tarjolla maittavia l\u00e4hiruoka-aterioita isompaan ja pienemp\u00e4\u00e4n n\u00e4lk\u00e4\u00e4n.\" \/>\n<meta name=\"robots\" content=\"index, follow, max-snippet:-1, max-image-preview:large, max-video-preview:-1\" \/>\n<link rel=\"canonical\" href=\"https:\/\/talonpoyta.fi\/en\/oulanka\/\" \/>\n<meta property=\"og:locale\" content=\"en_US\" \/>\n<meta property=\"og:type\" content=\"article\" \/>\n<meta property=\"og:title\" content=\"Hearty home cooking at Oulanka canyon - Ravintola Talonp\u00f6yt\u00e4, Kuusamo\" \/>\n<meta property=\"og:description\" content=\"P\u00e4ivitt\u00e4isen kotiruokalounaan lis\u00e4ksi Oulangan ravintolassamme on tarjolla maittavia l\u00e4hiruoka-aterioita isompaan ja pienemp\u00e4\u00e4n n\u00e4lk\u00e4\u00e4n.\" \/>\n<meta property=\"og:url\" content=\"https:\/\/talonpoyta.fi\/en\/oulanka\/\" \/>\n<meta property=\"og:site_name\" content=\"Ravintola Talonp\u00f6yt\u00e4, Kuusamo\" \/>\n<meta property=\"article:publisher\" content=\"https:\/\/www.facebook.com\/ravintolatalonpoyta\" \/>\n<meta property=\"article:modified_time\" content=\"2025-07-28T07:20:10+00:00\" \/>\n<meta property=\"og:image\" content=\"https:\/\/talonpoyta.fi\/wp-content\/uploads\/2020\/08\/talonpoyta-oulanka-kiutakongas.jpg\" \/>\n\t<meta property=\"og:image:width\" content=\"750\" \/>\n\t<meta property=\"og:image:height\" content=\"750\" \/>\n\t<meta property=\"og:image:type\" content=\"image\/jpeg\" \/>\n<meta name=\"twitter:card\" content=\"summary_large_image\" \/>\n<meta name=\"twitter:label1\" content=\"Est. reading time\" \/>\n\t<meta name=\"twitter:data1\" content=\"1 minute\" \/>\n<script type=\"application\/ld+json\" class=\"yoast-schema-graph\">{\"@context\":\"https:\\\/\\\/schema.org\",\"@graph\":[{\"@type\":\"WebPage\",\"@id\":\"https:\\\/\\\/talonpoyta.fi\\\/en\\\/oulanka\\\/\",\"url\":\"https:\\\/\\\/talonpoyta.fi\\\/en\\\/oulanka\\\/\",\"name\":\"Hearty home cooking at Oulanka canyon - Ravintola Talonp\u00f6yt\u00e4, Kuusamo\",\"isPartOf\":{\"@id\":\"https:\\\/\\\/talonpoyta.fi\\\/en\\\/#website\"},\"primaryImageOfPage\":{\"@id\":\"https:\\\/\\\/talonpoyta.fi\\\/en\\\/oulanka\\\/#primaryimage\"},\"image\":{\"@id\":\"https:\\\/\\\/talonpoyta.fi\\\/en\\\/oulanka\\\/#primaryimage\"},\"thumbnailUrl\":\"https:\\\/\\\/talonpoyta.fi\\\/wp-content\\\/uploads\\\/2020\\\/08\\\/talonpoyta-oulanka-kiutakongas.jpg\",\"datePublished\":\"2020-08-25T06:21:38+00:00\",\"dateModified\":\"2025-07-28T07:20:10+00:00\",\"description\":\"P\u00e4ivitt\u00e4isen kotiruokalounaan lis\u00e4ksi Oulangan ravintolassamme on tarjolla maittavia l\u00e4hiruoka-aterioita isompaan ja pienemp\u00e4\u00e4n n\u00e4lk\u00e4\u00e4n.\",\"breadcrumb\":{\"@id\":\"https:\\\/\\\/talonpoyta.fi\\\/en\\\/oulanka\\\/#breadcrumb\"},\"inLanguage\":\"en-US\",\"potentialAction\":[{\"@type\":\"ReadAction\",\"target\":[\"https:\\\/\\\/talonpoyta.fi\\\/en\\\/oulanka\\\/\"]}]},{\"@type\":\"ImageObject\",\"inLanguage\":\"en-US\",\"@id\":\"https:\\\/\\\/talonpoyta.fi\\\/en\\\/oulanka\\\/#primaryimage\",\"url\":\"https:\\\/\\\/talonpoyta.fi\\\/wp-content\\\/uploads\\\/2020\\\/08\\\/talonpoyta-oulanka-kiutakongas.jpg\",\"contentUrl\":\"https:\\\/\\\/talonpoyta.fi\\\/wp-content\\\/uploads\\\/2020\\\/08\\\/talonpoyta-oulanka-kiutakongas.jpg\",\"width\":750,\"height\":750},{\"@type\":\"BreadcrumbList\",\"@id\":\"https:\\\/\\\/talonpoyta.fi\\\/en\\\/oulanka\\\/#breadcrumb\",\"itemListElement\":[{\"@type\":\"ListItem\",\"position\":1,\"name\":\"Home\",\"item\":\"https:\\\/\\\/talonpoyta.fi\\\/en\\\/\"},{\"@type\":\"ListItem\",\"position\":2,\"name\":\"Hearty home cooking at Oulanka canyon\"}]},{\"@type\":\"WebSite\",\"@id\":\"https:\\\/\\\/talonpoyta.fi\\\/en\\\/#website\",\"url\":\"https:\\\/\\\/talonpoyta.fi\\\/en\\\/\",\"name\":\"Ravintola Talonp\u00f6yt\u00e4, Kuusamo\",\"description\":\"Lounaat, ala carte, pitopalvelu, kahvila, konditoria\",\"publisher\":{\"@id\":\"https:\\\/\\\/talonpoyta.fi\\\/en\\\/#organization\"},\"potentialAction\":[{\"@type\":\"SearchAction\",\"target\":{\"@type\":\"EntryPoint\",\"urlTemplate\":\"https:\\\/\\\/talonpoyta.fi\\\/en\\\/?s={search_term_string}\"},\"query-input\":{\"@type\":\"PropertyValueSpecification\",\"valueRequired\":true,\"valueName\":\"search_term_string\"}}],\"inLanguage\":\"en-US\"},{\"@type\":\"Organization\",\"@id\":\"https:\\\/\\\/talonpoyta.fi\\\/en\\\/#organization\",\"name\":\"Ravintola Talonp\u00f6yt\u00e4\",\"url\":\"https:\\\/\\\/talonpoyta.fi\\\/en\\\/\",\"logo\":{\"@type\":\"ImageObject\",\"inLanguage\":\"en-US\",\"@id\":\"https:\\\/\\\/talonpoyta.fi\\\/en\\\/#\\\/schema\\\/logo\\\/image\\\/\",\"url\":\"https:\\\/\\\/talonpoyta.fi\\\/wp-content\\\/uploads\\\/2025\\\/05\\\/talonpoyta-logo-nelio-musta.png\",\"contentUrl\":\"https:\\\/\\\/talonpoyta.fi\\\/wp-content\\\/uploads\\\/2025\\\/05\\\/talonpoyta-logo-nelio-musta.png\",\"width\":500,\"height\":500,\"caption\":\"Ravintola Talonp\u00f6yt\u00e4\"},\"image\":{\"@id\":\"https:\\\/\\\/talonpoyta.fi\\\/en\\\/#\\\/schema\\\/logo\\\/image\\\/\"},\"sameAs\":[\"https:\\\/\\\/www.facebook.com\\\/ravintolatalonpoyta\",\"https:\\\/\\\/www.instagram.com\\\/ravintolatalonpoyta\"]}]}<\/script>\n<!-- \/ Yoast SEO plugin. -->","yoast_head_json":{"title":"Hearty home cooking at Oulanka canyon - Ravintola Talonp\u00f6yt\u00e4, Kuusamo","description":"P\u00e4ivitt\u00e4isen kotiruokalounaan lis\u00e4ksi Oulangan ravintolassamme on tarjolla maittavia l\u00e4hiruoka-aterioita isompaan ja pienemp\u00e4\u00e4n n\u00e4lk\u00e4\u00e4n.","robots":{"index":"index","follow":"follow","max-snippet":"max-snippet:-1","max-image-preview":"max-image-preview:large","max-video-preview":"max-video-preview:-1"},"canonical":"https:\/\/talonpoyta.fi\/en\/oulanka\/","og_locale":"en_US","og_type":"article","og_title":"Hearty home cooking at Oulanka canyon - Ravintola Talonp\u00f6yt\u00e4, Kuusamo","og_description":"P\u00e4ivitt\u00e4isen kotiruokalounaan lis\u00e4ksi Oulangan ravintolassamme on tarjolla maittavia l\u00e4hiruoka-aterioita isompaan ja pienemp\u00e4\u00e4n n\u00e4lk\u00e4\u00e4n.","og_url":"https:\/\/talonpoyta.fi\/en\/oulanka\/","og_site_name":"Ravintola Talonp\u00f6yt\u00e4, Kuusamo","article_publisher":"https:\/\/www.facebook.com\/ravintolatalonpoyta","article_modified_time":"2025-07-28T07:20:10+00:00","og_image":[{"width":750,"height":750,"url":"https:\/\/talonpoyta.fi\/wp-content\/uploads\/2020\/08\/talonpoyta-oulanka-kiutakongas.jpg","type":"image\/jpeg"}],"twitter_card":"summary_large_image","twitter_misc":{"Est. reading time":"1 minute"},"schema":{"@context":"https:\/\/schema.org","@graph":[{"@type":"WebPage","@id":"https:\/\/talonpoyta.fi\/en\/oulanka\/","url":"https:\/\/talonpoyta.fi\/en\/oulanka\/","name":"Hearty home cooking at Oulanka canyon - Ravintola Talonp\u00f6yt\u00e4, Kuusamo","isPartOf":{"@id":"https:\/\/talonpoyta.fi\/en\/#website"},"primaryImageOfPage":{"@id":"https:\/\/talonpoyta.fi\/en\/oulanka\/#primaryimage"},"image":{"@id":"https:\/\/talonpoyta.fi\/en\/oulanka\/#primaryimage"},"thumbnailUrl":"https:\/\/talonpoyta.fi\/wp-content\/uploads\/2020\/08\/talonpoyta-oulanka-kiutakongas.jpg","datePublished":"2020-08-25T06:21:38+00:00","dateModified":"2025-07-28T07:20:10+00:00","description":"P\u00e4ivitt\u00e4isen kotiruokalounaan lis\u00e4ksi Oulangan ravintolassamme on tarjolla maittavia l\u00e4hiruoka-aterioita isompaan ja pienemp\u00e4\u00e4n n\u00e4lk\u00e4\u00e4n.","breadcrumb":{"@id":"https:\/\/talonpoyta.fi\/en\/oulanka\/#breadcrumb"},"inLanguage":"en-US","potentialAction":[{"@type":"ReadAction","target":["https:\/\/talonpoyta.fi\/en\/oulanka\/"]}]},{"@type":"ImageObject","inLanguage":"en-US","@id":"https:\/\/talonpoyta.fi\/en\/oulanka\/#primaryimage","url":"https:\/\/talonpoyta.fi\/wp-content\/uploads\/2020\/08\/talonpoyta-oulanka-kiutakongas.jpg","contentUrl":"https:\/\/talonpoyta.fi\/wp-content\/uploads\/2020\/08\/talonpoyta-oulanka-kiutakongas.jpg","width":750,"height":750},{"@type":"BreadcrumbList","@id":"https:\/\/talonpoyta.fi\/en\/oulanka\/#breadcrumb","itemListElement":[{"@type":"ListItem","position":1,"name":"Home","item":"https:\/\/talonpoyta.fi\/en\/"},{"@type":"ListItem","position":2,"name":"Hearty home cooking at Oulanka canyon"}]},{"@type":"WebSite","@id":"https:\/\/talonpoyta.fi\/en\/#website","url":"https:\/\/talonpoyta.fi\/en\/","name":"Ravintola Talonp\u00f6yt\u00e4, Kuusamo","description":"Lounaat, ala carte, pitopalvelu, kahvila, konditoria","publisher":{"@id":"https:\/\/talonpoyta.fi\/en\/#organization"},"potentialAction":[{"@type":"SearchAction","target":{"@type":"EntryPoint","urlTemplate":"https:\/\/talonpoyta.fi\/en\/?s={search_term_string}"},"query-input":{"@type":"PropertyValueSpecification","valueRequired":true,"valueName":"search_term_string"}}],"inLanguage":"en-US"},{"@type":"Organization","@id":"https:\/\/talonpoyta.fi\/en\/#organization","name":"Ravintola Talonp\u00f6yt\u00e4","url":"https:\/\/talonpoyta.fi\/en\/","logo":{"@type":"ImageObject","inLanguage":"en-US","@id":"https:\/\/talonpoyta.fi\/en\/#\/schema\/logo\/image\/","url":"https:\/\/talonpoyta.fi\/wp-content\/uploads\/2025\/05\/talonpoyta-logo-nelio-musta.png","contentUrl":"https:\/\/talonpoyta.fi\/wp-content\/uploads\/2025\/05\/talonpoyta-logo-nelio-musta.png","width":500,"height":500,"caption":"Ravintola Talonp\u00f6yt\u00e4"},"image":{"@id":"https:\/\/talonpoyta.fi\/en\/#\/schema\/logo\/image\/"},"sameAs":["https:\/\/www.facebook.com\/ravintolatalonpoyta","https:\/\/www.instagram.com\/ravintolatalonpoyta"]}]}},"publishpress_future_action":{"enabled":false,"date":"2026-05-06 14:59:08","action":"change-status","newStatus":"draft","terms":[],"taxonomy":"translation_priority","extraData":[]},"publishpress_future_workflow_manual_trigger":{"enabledWorkflows":[]},"_links":{"self":[{"href":"https:\/\/talonpoyta.fi\/en\/wp-json\/wp\/v2\/pages\/895","targetHints":{"allow":["GET"]}}],"collection":[{"href":"https:\/\/talonpoyta.fi\/en\/wp-json\/wp\/v2\/pages"}],"about":[{"href":"https:\/\/talonpoyta.fi\/en\/wp-json\/wp\/v2\/types\/page"}],"author":[{"embeddable":true,"href":"https:\/\/talonpoyta.fi\/en\/wp-json\/wp\/v2\/users\/1"}],"replies":[{"embeddable":true,"href":"https:\/\/talonpoyta.fi\/en\/wp-json\/wp\/v2\/comments?post=895"}],"version-history":[{"count":2,"href":"https:\/\/talonpoyta.fi\/en\/wp-json\/wp\/v2\/pages\/895\/revisions"}],"predecessor-version":[{"id":12853,"href":"https:\/\/talonpoyta.fi\/en\/wp-json\/wp\/v2\/pages\/895\/revisions\/12853"}],"wp:featuredmedia":[{"embeddable":true,"href":"https:\/\/talonpoyta.fi\/en\/wp-json\/wp\/v2\/media\/842"}],"wp:attachment":[{"href":"https:\/\/talonpoyta.fi\/en\/wp-json\/wp\/v2\/media?parent=895"}],"curies":[{"name":"wp","href":"https:\/\/api.w.org\/{rel}","templated":true}]}}