{"id":899,"date":"2020-08-18T09:20:23","date_gmt":"2020-08-18T06:20:23","guid":{"rendered":"https:\/\/talonpoyta.fi\/pitopalvelu-ja-juhlatilaisuudet\/"},"modified":"2021-11-18T13:03:33","modified_gmt":"2021-11-18T11:03:33","slug":"catering-and-parties","status":"publish","type":"page","link":"https:\/\/talonpoyta.fi\/en\/catering-and-parties\/","title":{"rendered":"Catering and parties"},"content":{"rendered":"<ul>\n<li>\n<p>        <img decoding=\"async\" src=\"\/wp-content\/uploads\/2020\/08\/ravintola-talonpoyta-catering.jpeg\" alt=\"Catering to your home or cottage\"><\/p>\n<div>Catering to your home or cottage<\/div>\n<\/li>\n<li>\n<p>        <img decoding=\"async\" src=\"\/wp-content\/uploads\/2020\/08\/ravintola-talonpoyta-kakku.jpeg\" alt=\"Birthdays\"><\/p>\n<div>Birthdays<\/div>\n<\/li>\n<li>\n<p>        <img decoding=\"async\" src=\"\/wp-content\/uploads\/2020\/08\/ravintola-talonpoyta-suolalohi.jpeg\" alt=\"Celebrations\"><\/p>\n<div>Celebrations<\/div>\n<\/li>\n<li>\n<p>        <img decoding=\"async\" src=\"\/wp-content\/uploads\/2020\/08\/ravintola-talonpoyta-haat.jpeg\" alt=\"Wedding\"><\/p>\n<div>Wedding<\/div>\n<\/li>\n<li>\n<p>        <img decoding=\"async\" src=\"\/wp-content\/uploads\/2020\/08\/talonpoyta-pitopalvelu-kakut.jpeg\" alt=\"Delicacies from our confectionery\"><\/p>\n<div>Delicacies from our confectionery<\/div>\n<p><a href=\"\/kahvila-konditoria\/\"><\/a><\/p>\n<\/li>\n<\/ul>\n<h1>Catering and parties<\/h1>\n<div>\n<p><strong>When it\u2019s time for a celebration event for you and your friends and family, we will see to it that both the setting and the catering is in perfect order! We organize events at Restaurant Talonp\u00f6yt\u00e4 or at other venues of your choice.<\/strong><\/p>\n<h4>Events at Kuusamo<\/h4>\n<p>Restaurant Talonp\u00f6yt\u00e4 Joukamontie seats up to 100 customers. There are two separate rooms at the customers\u2019 disposal. The larger one is a 60-70 seat dining room and the smaller one is a cabinet with seats for 20-30 people, depending on the type of event. Both rooms can easily be combined into a roomy hall for larger gatherings. We will take care of the decorations for your party or event. The restaurant is licenced to serve alcohol.<\/p>\n<p>At Kirkkotie our cabinets Kuikka and Riekko can be booked for smaller events. They seat 6-14 customers.<br \/>There is buffet service at events and we also provide table service, if necessary. Our facilities include all necessary AV equipment.<\/p>\n<h4><strong>Events at Ruka<\/strong><\/h4>\n<p><strong>Rukalla<\/strong><span>\u00a0toimimme tilauksesta Kontioluolassa ja Iisakin talossa tarjoten kokous- ja juhlatilaisuuksia jopa 150 hengelle, sek\u00e4 catering -palveluja m\u00f6keille.<\/span><\/p>\n<p>Kontioluola k\u00e4tkee sis\u00e4lleen upeat ja hulppeat tilat illanvietoille, juhlille, pikkujouluille tai vaikka h\u00e4\u00e4juhlille. Istumapaikkoja ravintolasta l\u00f6ytyy jopa 150 henkil\u00f6lle, mutta 50 henkil\u00f6n ryhm\u00e4tkin viihtyv\u00e4t oikein hyvin, eik\u00e4 tila tunnu liian suurelta.<\/p>\n<p>Vanhan ajan tunnelmaa huokuvassa Iisakin talossa on asiakaspaikkoja jopa 50 henkil\u00f6lle. Iisakin talossa viet\u00e4t ikimuistoisen juhlat tai kokoukset ainutlaatuisessa tunnelmassa.<\/p>\n<p><em>You are welcome to visit the facilities at Talonp\u00f6yt\u00e4 and see our menus. We are happy to help you plan a nice event for your party.<\/em><\/p>\n<\/div>\n<div>\n<h4>Catering<\/h4>\n<p>Brighten up your day with delicious local food and quality service. We will bring the desired menu together with a complete cook and waiter service at your home, summer cottage, or other location.<\/p>\n<p>There is also an option that we will bring ready-to-serve food to your home, summer cottage or other location. You can order breakfasts, lunches, dinners, suppers, cakes and other bakery products from us.<\/p>\n<h3>Orders<\/h3>\n<p>For more information please call<br \/><a href=\"tel:+358400263272\">0400 263 272<\/a>, or send us e-mail <a href=\"mailto:info@talonpoyta.fi\">info@talonpoyta.fi\u00a0<\/a><\/p>\n<\/div>\n<p><!--more--><br \/>\n<!-- {\"name\":\"etusivu\",\"type\":\"layout\",\"children\":[{\"name\":\"Hero\",\"type\":\"section\",\"props\":{\"style\":\"muted\",\"width\":\"\",\"vertical_align\":\"bottom\",\"title_position\":\"top-left\",\"title_rotation\":\"left\",\"title_breakpoint\":\"xl\",\"image_position\":\"center-center\",\"padding_remove_bottom\":false,\"padding_remove_top\":true,\"image\":\"\"},\"children\":[{\"type\":\"row\",\"children\":[{\"type\":\"column\",\"props\":{\"image_position\":\"center-center\",\"media_overlay_gradient\":\"\",\"width_medium\":\"1-1\"},\"children\":[{\"type\":\"overlay-slider\",\"props\":{\"show_title\":true,\"show_meta\":true,\"show_content\":true,\"show_link\":true,\"slider_width\":\"\",\"slider_width_default\":\"1-1\",\"slider_width_medium\":\"1-3\",\"slider_min_height\":300,\"slider_autoplay_pause\":true,\"nav\":\"\",\"nav_align\":\"center\",\"nav_breakpoint\":\"s\",\"slidenav\":\"default\",\"slidenav_margin\":\"\",\"slidenav_breakpoint\":\"\",\"slidenav_outside_breakpoint\":\"xl\",\"overlay_mode\":\"caption\",\"overlay_position\":\"bottom\",\"overlay_transition\":\"fade\",\"title_element\":\"div\",\"meta_style\":\"h5\",\"meta_align\":\"below-title\",\"text_align\":\"center\",\"margin\":\"remove-vertical\",\"slider_height\":\"\",\"slider_width_small\":\"3-5\",\"slider_width_large\":\"\",\"slider_width_xlarge\":\"\",\"nav_margin\":\"\",\"nav_color\":\"\",\"slidenav_color\":\"\",\"slidenav_outside_color\":\"\",\"overlay_style\":\"overlay-primary\",\"overlay_padding\":\"small\",\"overlay_margin\":\"small\",\"overlay_maxwidth\":\"large\",\"image_transition\":\"scale-up\",\"title_style\":\"h3\",\"slidenav_hover\":false,\"slider_divider\":false,\"slider_center\":true,\"slider_sets\":false,\"image_width\":\"500\",\"slider_autoplay\":true,\"slider_gap\":\"small\",\"link_text\":\"\",\"link_style\":\"default\",\"image_height\":\"500\",\"slider_finite\":false,\"slidenav_large\":false,\"overlay_hover\":false,\"class\":\"\",\"slider_velocity\":\"0.8\",\"meta_element\":\"div\",\"title_margin\":\"small\",\"meta_margin\":\"small\",\"slider_autoplay_interval\":\"5\",\"overlay_link\":true,\"title_hover_style\":\"reset\"},\"children\":[{\"type\":\"overlay-slider_item\",\"props\":{\"title\":\"Catering to your home or cottage\",\"image\":\"wp-content\\\/uploads\\\/2020\\\/08\\\/ravintola-talonpoyta-catering.jpeg\",\"image_alt\":\"Catering to your home or cottage\",\"link\":\"\"}},{\"type\":\"overlay-slider_item\",\"props\":{\"title\":\"Birthdays\",\"image\":\"wp-content\\\/uploads\\\/2020\\\/08\\\/ravintola-talonpoyta-kakku.jpeg\",\"image_alt\":\"Birthdays\",\"link\":\"\"}},{\"type\":\"overlay-slider_item\",\"props\":{\"title\":\"Celebrations\",\"image\":\"wp-content\\\/uploads\\\/2020\\\/08\\\/ravintola-talonpoyta-suolalohi.jpeg\",\"image_alt\":\"Celebrations\",\"link\":\"\"}},{\"type\":\"overlay-slider_item\",\"props\":{\"title\":\"Wedding\",\"image\":\"wp-content\\\/uploads\\\/2020\\\/08\\\/ravintola-talonpoyta-haat.jpeg\",\"image_alt\":\"Wedding\",\"link\":\"\"}},{\"type\":\"overlay-slider_item\",\"props\":{\"title\":\"Delicacies from our confectionery\",\"image\":\"wp-content\\\/uploads\\\/2020\\\/08\\\/talonpoyta-pitopalvelu-kakut.jpeg\",\"image_alt\":\"Delicacies from our confectionery\",\"link\":\"kahvila-konditoria\\\/\"}}]}]}]},{\"name\":\"\",\"type\":\"row\",\"props\":{\"width\":\"xlarge\",\"margin\":\"large\"},\"children\":[{\"name\":\"\",\"type\":\"column\",\"props\":{\"image_position\":\"center-center\",\"media_overlay_gradient\":\"\",\"width_medium\":\"1-1\"},\"children\":[{\"type\":\"headline\",\"props\":{\"title_element\":\"h1\",\"margin\":\"default\",\"text_align\":\"center\",\"content\":\"Catering and parties\",\"margin_remove_bottom\":false}}]}]}]},{\"type\":\"section\",\"props\":{\"style\":\"default\",\"width\":\"default\",\"vertical_align\":\"middle\",\"title_position\":\"top-left\",\"title_rotation\":\"left\",\"title_breakpoint\":\"xl\",\"image_position\":\"center-center\"},\"children\":[{\"type\":\"row\",\"props\":{\"divider\":true,\"layout\":\"2-3,1-3\"},\"children\":[{\"type\":\"column\",\"props\":{\"image_position\":\"center-center\",\"media_overlay_gradient\":\"\",\"width_medium\":\"2-3\"},\"children\":[{\"type\":\"text\",\"props\":{\"margin\":\"default\",\"column_breakpoint\":\"m\",\"content\":\"\n\n<p><strong>When it\\u2019s time for a celebration event for you and your friends and family, we will see to it that both the setting and the catering is in perfect order! We organize events at Restaurant Talonp\\u00f6yt\\u00e4 or at other venues of your choice.<\\\/strong><\\\/p>\\n\n\n<h4>Events at Kuusamo<\\\/h4>\\n\n\n<p>Restaurant Talonp\\u00f6yt\\u00e4 Joukamontie seats up to 100 customers. There are two separate rooms at the customers\\u2019 disposal. The larger one is a 60-70 seat dining room and the smaller one is a cabinet with seats for 20-30 people, depending on the type of event. Both rooms can easily be combined into a roomy hall for larger gatherings. We will take care of the decorations for your party or event. The restaurant is licenced to serve alcohol.<\\\/p>\\n\n\n<p>At Kirkkotie our cabinets Kuikka and Riekko can be booked for smaller events. They seat 6-14 customers.<br \\\/>There is buffet service at events and we also provide table service, if necessary. Our facilities include all necessary AV equipment.<\\\/p>\\n\n\n<h4><strong>Events at Ruka<\\\/strong><\\\/h4>\\n\n\n<p><strong>Rukalla<\\\/strong><span>\\u00a0toimimme tilauksesta Kontioluolassa ja Iisakin talossa tarjoten kokous- ja juhlatilaisuuksia jopa 150 hengelle, sek\\u00e4 catering -palveluja m\\u00f6keille.<\\\/span><\\\/p>\\n\n\n<p>Kontioluola k\\u00e4tkee sis\\u00e4lleen upeat ja hulppeat tilat illanvietoille, juhlille, pikkujouluille tai vaikka h\\u00e4\\u00e4juhlille. Istumapaikkoja ravintolasta l\\u00f6ytyy jopa 150 henkil\\u00f6lle, mutta 50 henkil\\u00f6n ryhm\\u00e4tkin viihtyv\\u00e4t oikein hyvin, eik\\u00e4 tila tunnu liian suurelta.<\\\/p>\\n\n\n<p>Vanhan ajan tunnelmaa huokuvassa Iisakin talossa on asiakaspaikkoja jopa 50 henkil\\u00f6lle. Iisakin talossa viet\\u00e4t ikimuistoisen juhlat tai kokoukset ainutlaatuisessa tunnelmassa.<\\\/p>\\n\n\n<p><em>You are welcome to visit the facilities at Talonp\\u00f6yt\\u00e4 and see our menus. We are happy to help you plan a nice event for your party.<\\\/em><\\\/p>\"}}]},{\"type\":\"column\",\"props\":{\"image_position\":\"center-center\",\"media_overlay_gradient\":\"\",\"width_medium\":\"1-3\"},\"children\":[{\"type\":\"text\",\"props\":{\"margin\":\"default\",\"column_breakpoint\":\"m\",\"content\":\"\n\n<h4>Catering<\\\/h4>\\n\n\n<p>Brighten up your day with delicious local food and quality service. We will bring the desired menu together with a complete cook and waiter service at your home, summer cottage, or other location.<\\\/p>\\n\n\n<p>There is also an option that we will bring ready-to-serve food to your home, summer cottage or other location. You can order breakfasts, lunches, dinners, suppers, cakes and other bakery products from us.<\\\/p>\\n\n\n<h3>Orders<\\\/h3>\\n\n\n<p>For more information please call<br \\\/><a href=\\\"tel:+358400263272\\\">0400 263 272<\\\/a>, or send us e-mail <a href=\\\"mailto:info@talonpoyta.fi\\\">info@talonpoyta.fi\\u00a0<\\\/a><\\\/p>\"}}]}]}]}],\"version\":\"2.6.9\"} --><\/p>\n","protected":false},"excerpt":{"rendered":"<p>Catering to your home or cottage Birthdays Celebrations Wedding Delicacies from our confectionery Catering and parties When it\u2019s time for a celebration event for you and your friends and family, we will see to it that both the setting and the catering is in perfect order! We organize events at Restaurant Talonp\u00f6yt\u00e4 or at other [&hellip;]<\/p>\n","protected":false},"author":1,"featured_media":0,"parent":0,"menu_order":0,"comment_status":"closed","ping_status":"closed","template":"","meta":{"footnotes":""},"class_list":["post-899","page","type-page","status-publish","hentry"],"yoast_head":"<!-- This site is optimized with the Yoast SEO plugin v27.3 - https:\/\/yoast.com\/product\/yoast-seo-wordpress\/ -->\n<title>Catering and parties - Ravintola Talonp\u00f6yt\u00e4, Kuusamo<\/title>\n<meta name=\"robots\" content=\"index, follow, max-snippet:-1, max-image-preview:large, max-video-preview:-1\" \/>\n<link rel=\"canonical\" href=\"https:\/\/talonpoyta.fi\/en\/catering-and-parties\/\" \/>\n<meta property=\"og:locale\" content=\"en_US\" \/>\n<meta property=\"og:type\" content=\"article\" \/>\n<meta property=\"og:title\" content=\"Catering and parties - Ravintola Talonp\u00f6yt\u00e4, Kuusamo\" \/>\n<meta property=\"og:description\" content=\"Catering to your home or cottage Birthdays Celebrations Wedding Delicacies from our confectionery Catering and parties When it\u2019s time for a celebration event for you and your friends and family, we will see to it that both the setting and the catering is in perfect order! We organize events at Restaurant Talonp\u00f6yt\u00e4 or at other [&hellip;]\" \/>\n<meta property=\"og:url\" content=\"https:\/\/talonpoyta.fi\/en\/catering-and-parties\/\" \/>\n<meta property=\"og:site_name\" content=\"Ravintola Talonp\u00f6yt\u00e4, Kuusamo\" \/>\n<meta property=\"article:publisher\" content=\"https:\/\/www.facebook.com\/ravintolatalonpoyta\" \/>\n<meta property=\"article:modified_time\" content=\"2021-11-18T11:03:33+00:00\" \/>\n<meta property=\"og:image\" content=\"https:\/\/talonpoyta.fi\/wp-content\/uploads\/2024\/01\/savulohipasta.jpg\" \/>\n\t<meta property=\"og:image:width\" content=\"1080\" \/>\n\t<meta property=\"og:image:height\" content=\"700\" \/>\n\t<meta property=\"og:image:type\" content=\"image\/jpeg\" \/>\n<meta name=\"twitter:card\" content=\"summary_large_image\" \/>\n<meta name=\"twitter:label1\" content=\"Est. reading time\" \/>\n\t<meta name=\"twitter:data1\" content=\"2 minutes\" \/>\n<script type=\"application\/ld+json\" class=\"yoast-schema-graph\">{\"@context\":\"https:\\\/\\\/schema.org\",\"@graph\":[{\"@type\":\"WebPage\",\"@id\":\"https:\\\/\\\/talonpoyta.fi\\\/en\\\/catering-and-parties\\\/\",\"url\":\"https:\\\/\\\/talonpoyta.fi\\\/en\\\/catering-and-parties\\\/\",\"name\":\"Catering and parties - Ravintola Talonp\u00f6yt\u00e4, Kuusamo\",\"isPartOf\":{\"@id\":\"https:\\\/\\\/talonpoyta.fi\\\/en\\\/#website\"},\"datePublished\":\"2020-08-18T06:20:23+00:00\",\"dateModified\":\"2021-11-18T11:03:33+00:00\",\"breadcrumb\":{\"@id\":\"https:\\\/\\\/talonpoyta.fi\\\/en\\\/catering-and-parties\\\/#breadcrumb\"},\"inLanguage\":\"en-US\",\"potentialAction\":[{\"@type\":\"ReadAction\",\"target\":[\"https:\\\/\\\/talonpoyta.fi\\\/en\\\/catering-and-parties\\\/\"]}]},{\"@type\":\"BreadcrumbList\",\"@id\":\"https:\\\/\\\/talonpoyta.fi\\\/en\\\/catering-and-parties\\\/#breadcrumb\",\"itemListElement\":[{\"@type\":\"ListItem\",\"position\":1,\"name\":\"Home\",\"item\":\"https:\\\/\\\/talonpoyta.fi\\\/en\\\/\"},{\"@type\":\"ListItem\",\"position\":2,\"name\":\"Catering and parties\"}]},{\"@type\":\"WebSite\",\"@id\":\"https:\\\/\\\/talonpoyta.fi\\\/en\\\/#website\",\"url\":\"https:\\\/\\\/talonpoyta.fi\\\/en\\\/\",\"name\":\"Ravintola Talonp\u00f6yt\u00e4, Kuusamo\",\"description\":\"Lounaat, ala carte, pitopalvelu, kahvila, konditoria\",\"publisher\":{\"@id\":\"https:\\\/\\\/talonpoyta.fi\\\/en\\\/#organization\"},\"potentialAction\":[{\"@type\":\"SearchAction\",\"target\":{\"@type\":\"EntryPoint\",\"urlTemplate\":\"https:\\\/\\\/talonpoyta.fi\\\/en\\\/?s={search_term_string}\"},\"query-input\":{\"@type\":\"PropertyValueSpecification\",\"valueRequired\":true,\"valueName\":\"search_term_string\"}}],\"inLanguage\":\"en-US\"},{\"@type\":\"Organization\",\"@id\":\"https:\\\/\\\/talonpoyta.fi\\\/en\\\/#organization\",\"name\":\"Ravintola Talonp\u00f6yt\u00e4\",\"url\":\"https:\\\/\\\/talonpoyta.fi\\\/en\\\/\",\"logo\":{\"@type\":\"ImageObject\",\"inLanguage\":\"en-US\",\"@id\":\"https:\\\/\\\/talonpoyta.fi\\\/en\\\/#\\\/schema\\\/logo\\\/image\\\/\",\"url\":\"https:\\\/\\\/talonpoyta.fi\\\/wp-content\\\/uploads\\\/2025\\\/05\\\/talonpoyta-logo-nelio-musta.png\",\"contentUrl\":\"https:\\\/\\\/talonpoyta.fi\\\/wp-content\\\/uploads\\\/2025\\\/05\\\/talonpoyta-logo-nelio-musta.png\",\"width\":500,\"height\":500,\"caption\":\"Ravintola Talonp\u00f6yt\u00e4\"},\"image\":{\"@id\":\"https:\\\/\\\/talonpoyta.fi\\\/en\\\/#\\\/schema\\\/logo\\\/image\\\/\"},\"sameAs\":[\"https:\\\/\\\/www.facebook.com\\\/ravintolatalonpoyta\",\"https:\\\/\\\/www.instagram.com\\\/ravintolatalonpoyta\"]}]}<\/script>\n<!-- \/ Yoast SEO plugin. -->","yoast_head_json":{"title":"Catering and parties - Ravintola Talonp\u00f6yt\u00e4, Kuusamo","robots":{"index":"index","follow":"follow","max-snippet":"max-snippet:-1","max-image-preview":"max-image-preview:large","max-video-preview":"max-video-preview:-1"},"canonical":"https:\/\/talonpoyta.fi\/en\/catering-and-parties\/","og_locale":"en_US","og_type":"article","og_title":"Catering and parties - Ravintola Talonp\u00f6yt\u00e4, Kuusamo","og_description":"Catering to your home or cottage Birthdays Celebrations Wedding Delicacies from our confectionery Catering and parties When it\u2019s time for a celebration event for you and your friends and family, we will see to it that both the setting and the catering is in perfect order! We organize events at Restaurant Talonp\u00f6yt\u00e4 or at other [&hellip;]","og_url":"https:\/\/talonpoyta.fi\/en\/catering-and-parties\/","og_site_name":"Ravintola Talonp\u00f6yt\u00e4, Kuusamo","article_publisher":"https:\/\/www.facebook.com\/ravintolatalonpoyta","article_modified_time":"2021-11-18T11:03:33+00:00","og_image":[{"width":1080,"height":700,"url":"https:\/\/talonpoyta.fi\/wp-content\/uploads\/2024\/01\/savulohipasta.jpg","type":"image\/jpeg"}],"twitter_card":"summary_large_image","twitter_misc":{"Est. reading time":"2 minutes"},"schema":{"@context":"https:\/\/schema.org","@graph":[{"@type":"WebPage","@id":"https:\/\/talonpoyta.fi\/en\/catering-and-parties\/","url":"https:\/\/talonpoyta.fi\/en\/catering-and-parties\/","name":"Catering and parties - Ravintola Talonp\u00f6yt\u00e4, Kuusamo","isPartOf":{"@id":"https:\/\/talonpoyta.fi\/en\/#website"},"datePublished":"2020-08-18T06:20:23+00:00","dateModified":"2021-11-18T11:03:33+00:00","breadcrumb":{"@id":"https:\/\/talonpoyta.fi\/en\/catering-and-parties\/#breadcrumb"},"inLanguage":"en-US","potentialAction":[{"@type":"ReadAction","target":["https:\/\/talonpoyta.fi\/en\/catering-and-parties\/"]}]},{"@type":"BreadcrumbList","@id":"https:\/\/talonpoyta.fi\/en\/catering-and-parties\/#breadcrumb","itemListElement":[{"@type":"ListItem","position":1,"name":"Home","item":"https:\/\/talonpoyta.fi\/en\/"},{"@type":"ListItem","position":2,"name":"Catering and parties"}]},{"@type":"WebSite","@id":"https:\/\/talonpoyta.fi\/en\/#website","url":"https:\/\/talonpoyta.fi\/en\/","name":"Ravintola Talonp\u00f6yt\u00e4, Kuusamo","description":"Lounaat, ala carte, pitopalvelu, kahvila, konditoria","publisher":{"@id":"https:\/\/talonpoyta.fi\/en\/#organization"},"potentialAction":[{"@type":"SearchAction","target":{"@type":"EntryPoint","urlTemplate":"https:\/\/talonpoyta.fi\/en\/?s={search_term_string}"},"query-input":{"@type":"PropertyValueSpecification","valueRequired":true,"valueName":"search_term_string"}}],"inLanguage":"en-US"},{"@type":"Organization","@id":"https:\/\/talonpoyta.fi\/en\/#organization","name":"Ravintola Talonp\u00f6yt\u00e4","url":"https:\/\/talonpoyta.fi\/en\/","logo":{"@type":"ImageObject","inLanguage":"en-US","@id":"https:\/\/talonpoyta.fi\/en\/#\/schema\/logo\/image\/","url":"https:\/\/talonpoyta.fi\/wp-content\/uploads\/2025\/05\/talonpoyta-logo-nelio-musta.png","contentUrl":"https:\/\/talonpoyta.fi\/wp-content\/uploads\/2025\/05\/talonpoyta-logo-nelio-musta.png","width":500,"height":500,"caption":"Ravintola Talonp\u00f6yt\u00e4"},"image":{"@id":"https:\/\/talonpoyta.fi\/en\/#\/schema\/logo\/image\/"},"sameAs":["https:\/\/www.facebook.com\/ravintolatalonpoyta","https:\/\/www.instagram.com\/ravintolatalonpoyta"]}]}},"publishpress_future_action":{"enabled":false,"date":"2026-05-06 16:18:57","action":"change-status","newStatus":"draft","terms":[],"taxonomy":"translation_priority","extraData":[]},"publishpress_future_workflow_manual_trigger":{"enabledWorkflows":[]},"_links":{"self":[{"href":"https:\/\/talonpoyta.fi\/en\/wp-json\/wp\/v2\/pages\/899","targetHints":{"allow":["GET"]}}],"collection":[{"href":"https:\/\/talonpoyta.fi\/en\/wp-json\/wp\/v2\/pages"}],"about":[{"href":"https:\/\/talonpoyta.fi\/en\/wp-json\/wp\/v2\/types\/page"}],"author":[{"embeddable":true,"href":"https:\/\/talonpoyta.fi\/en\/wp-json\/wp\/v2\/users\/1"}],"replies":[{"embeddable":true,"href":"https:\/\/talonpoyta.fi\/en\/wp-json\/wp\/v2\/comments?post=899"}],"version-history":[{"count":0,"href":"https:\/\/talonpoyta.fi\/en\/wp-json\/wp\/v2\/pages\/899\/revisions"}],"wp:attachment":[{"href":"https:\/\/talonpoyta.fi\/en\/wp-json\/wp\/v2\/media?parent=899"}],"curies":[{"name":"wp","href":"https:\/\/api.w.org\/{rel}","templated":true}]}}