{"id":906,"date":"2020-08-25T10:31:56","date_gmt":"2020-08-25T07:31:56","guid":{"rendered":"https:\/\/talonpoyta.fi\/pitopalvelu-ja-juhlatilaisuudet\/catering-kokki-kotiin-tai-mokille\/"},"modified":"2020-09-01T10:31:09","modified_gmt":"2020-09-01T07:31:09","slug":"catering-kokki-kotiin-tai-mokille","status":"publish","type":"page","link":"https:\/\/talonpoyta.fi\/en\/catering-and-parties\/catering-kokki-kotiin-tai-mokille\/","title":{"rendered":"Catering, kokki kotiin tai m\u00f6kille"},"content":{"rendered":"<h1>Catering-palvelu <\/h1>\n<h2>tai kokki kotiin ja m\u00f6kille<\/h2>\n<div>\n<h3>Tilaa meilt\u00e4 ravintola kotiisi tai m\u00f6killesi<\/h3>\n<p>Pirist\u00e4 p\u00e4iv\u00e4\u00e4si ikimuistoisilla l\u00e4hiruokael\u00e4myksill\u00e4 ja laadukkaalla palvelulla. Toteutamme menutoiveesi ja t\u00e4ydellisen kokki- ja tarjoilupalvelun kotiisi\/m\u00f6killesi.<\/p>\n<p>Voit valita menuistamme parhaan vaihtoehdon teille tai r\u00e4\u00e4t\u00e4l\u00f6imme kokonaisuuden juuri haluamallanne tavalla. Palveluun kuuluu kattaus, kokkaus, raaka-aineet, tarjoilu, ruokailu- ja keitti\u00f6tilojen siivous.<\/p>\n<\/div>\n<div>\n<div uk-scrollspy-class=\"\">\n<h3>Pitopalvelu<\/h3>\n<p>Meilt\u00e4 l\u00f6ytyy my\u00f6s vaihtoehto, ett\u00e4 toimitamme ruuan tarjoiluastioissa kotiisi\/m\u00f6killesi ja te itse hoidatte kattamisesta pois korjaukseen. Voit tilata meilt\u00e4 aamiaiset, lounaat, p\u00e4iv\u00e4lliset, illalliset, kakut ja muut leivonnaiset tai suuremmatkin catering-tapahtumat.<\/p>\n<\/div>\n<\/div>\n<ul>\n<li>\n        <a href=\"#juhla\">Juhlabuffet<\/a>\n    <\/li>\n<li>\n        <a href=\"#kevyt\">Kevyt buffet<\/a>\n    <\/li>\n<li>\n        <a href=\"#kahvi\">Kahvibuffet<\/a>\n    <\/li>\n<\/ul>\n<h2>\n<p>P\u00e4iv\u00e4llisruoat<\/p>\n<\/h2>\n<ul>\n<li>\n<h3>Alkupalat<\/h3>\n<div>\n<ul>\n<li>V\u00e4rik\u00e4s vihersalaatti, leip\u00e4 ja levite<\/li>\n<li>Kuusamolainen juustosalaatti, leip\u00e4 ja levite<\/li>\n<li>Kermainen mets\u00e4sienikeitto, leip\u00e4 ja levite<\/li>\n<li>Savuporo-aurajuustokeitto, leip\u00e4 ja levite<\/li>\n<li>Kuusamolainen muikkukimara<\/li>\n<\/ul>\n<\/div>\n<\/li>\n<li>\n<h3>P\u00e4\u00e4ruoat<\/h3>\n<div>\n<ul>\n<li>Kasvisvartaat riisipedill\u00e4<\/li>\n<li>Pekoninen kanan sis\u00e4filee<br \/>bataattimuusi, h\u00f6yrytettyj\u00e4 kasviksia<\/li>\n<li>Porsaan sis\u00e4filee savuporokastikkeella<br \/>lohkoperunat, kasvislis\u00e4ke<\/li>\n<li>Kuusamolainen kirjolohi talon tapaan<br \/>uuniperunat ja kastike, porkkanoita<\/li>\n<li>Kuusamolainen poronk\u00e4ristys<br \/>perunamuusi, puolukka ja suolakurkku<\/li>\n<li>Poron rosvopaisti, vuohenjuustomuusi, hunajamarinoidut punajuurilohkot<\/li>\n<li>Poronfile kermaperunat, karpalohyytel\u00f6 ja kasvislis\u00e4ke<\/li>\n<li>Lapin karitsaa Talonp\u00f6yd\u00e4n tapaan<br \/>valkosipuliperuna, juureslis\u00e4ke<\/li>\n<\/ul>\n<\/div>\n<\/li>\n<li>\n<h3>J\u00e4lkiruoat<\/h3>\n<div>\n<ul>\n<li>Kampanisukahvit<\/li>\n<li>Karpalo-kermahyytel\u00f6<\/li>\n<li>Lakka pannacotta<\/li>\n<li>Talonp\u00f6yd\u00e4n suklaaunelma<\/li>\n<li>Letut ja hillo<\/li>\n<li>Kuusamon leip\u00e4juusto ja lakkahillo<\/li>\n<li>Kuusamolainen juustotarjotin<\/li>\n<\/ul>\n<\/div>\n<\/li>\n<\/ul>\n<ul>\n<li>\n<h3>Lounasruoat<\/h3>\n<div>\n<ul>\n<li>Kinkkukiusaus \/ Kasviskiusaus \/ Kirjolohikiusaus<br \/>Savuporokiusaus<br \/>Kiusauksiin sis\u00e4ltyy vihre\u00e4 salaatti ja Talonp\u00f6yd\u00e4n ohrarieska levitteell\u00e4<\/li>\n<li>Suolaiset piirakat: kasvispiirakka, kirjolohipiirakka, savuporopiirakka<\/li>\n<li>Perinteinen Kuusamolainen kirjolohikeitto<br \/>Talonp\u00f6yd\u00e4n ohrarieska ja levite<\/li>\n<li>Tomaattinen savumuikkukeitto<br \/>Talonp\u00f6yd\u00e4n ohrarieska ja levite<\/li>\n<li>Lapinukonkeitto<br \/>Talonp\u00f6yd\u00e4n ohrarieska ja levite<\/li>\n<\/ul>\n<\/div>\n<\/li>\n<li>\n<h3>Talonp\u00f6yd\u00e4n brunssi<\/h3>\n<div>\n<div>\n<p>Murot tai mysli ja marjoja<br \/>Leip\u00e4valikoima<br \/>Pasteijoita tai cocktailpiirakoita<br \/>Kuusamon juustoa<br \/>Leikkeleit\u00e4<br \/>Tomaatti, kurkku ja suolakurkku<br \/>Hedelmi\u00e4<br \/>Paistettu tai keitetty kananmuna tai munakokkeli<br \/>Pekonia ja nakkeja<br \/>Graavattu kirjolohi<br \/>Kahvi ja tee, makea leivos<\/p>\n<\/div>\n<\/div>\n<\/li>\n<li>\n<h3>Aamiainen Talonp\u00f6yd\u00e4n tapaan<\/h3>\n<div>\n<p>Puuro tai murot ja hillo<br \/>Leip\u00e4valikoima<br \/>Kuusamon juustoa<br \/>Leikkeleit\u00e4<br \/>Tomaatti ja kurkku<br \/>Jogurtti tai hedelm\u00e4<br \/>Keitetty kananmuna<br \/>Graavattu kirjolohi<br \/>Maito ja tuoremehu<br \/>Kahvi ja tee, keksej\u00e4<\/p>\n<\/div>\n<\/li>\n<li>\n<h3>Kokousev\u00e4\u00e4t ja pikkun\u00e4lk\u00e4\u00e4n<\/h3>\n<div>\n<div>\n<ul>\n<li>Kahvi tai tee ja p\u00e4iv\u00e4n pulla<\/li>\n<li>Kahvi tai tee ja t\u00e4ytetty patonki (poro, lohi, kinkku, kasvis)<\/li>\n<li>Kahvi tai tee ja Talonp\u00f6yd\u00e4n ohrarieska (poro, lohi, liha, kala, kasvis)<\/li>\n<\/ul>\n<\/div>\n<div>\u00a0<\/div>\n<\/div>\n<\/li>\n<\/ul>\n<p><!-- {\"children\":[{\"type\":\"section\",\"props\":{\"style\":\"default\",\"width\":\"default\",\"vertical_align\":\"middle\",\"title_position\":\"top-left\",\"title_rotation\":\"left\",\"title_breakpoint\":\"xl\",\"image_position\":\"center-center\",\"image\":\"wp-content\\\/uploads\\\/2020\\\/08\\\/talonpoyta-merkkipaivat2.jpg\",\"image_size\":\"cover\",\"text_color\":\"light\",\"padding\":\"xlarge\",\"media_overlay\":\"rgba(0, 0, 0, 0.25)\"},\"children\":[{\"type\":\"row\",\"children\":[{\"type\":\"column\",\"props\":{\"image_position\":\"center-center\",\"media_overlay_gradient\":\"\"},\"children\":[{\"type\":\"headline\",\"props\":{\"title_element\":\"h1\",\"content\":\"Catering-palvelu \",\"title_style\":\"heading-medium\",\"margin_remove_bottom\":true}},{\"type\":\"headline\",\"props\":{\"title_element\":\"h2\",\"content\":\"tai kokki kotiin ja m\\u00f6kille\",\"title_style\":\"h2\",\"margin_remove_bottom\":false,\"margin_remove_top\":true}}]}]}]},{\"type\":\"section\",\"props\":{\"style\":\"default\",\"width\":\"default\",\"vertical_align\":\"middle\",\"title_position\":\"top-left\",\"title_rotation\":\"left\",\"title_breakpoint\":\"xl\",\"image_position\":\"center-center\"},\"children\":[{\"type\":\"row\",\"children\":[{\"type\":\"column\",\"props\":{\"image_position\":\"center-center\",\"media_overlay_gradient\":\"\",\"width_medium\":\"1-2\"},\"children\":[{\"type\":\"text\",\"props\":{\"margin\":\"default\",\"column_breakpoint\":\"m\",\"content\":\"\n\n<h3>Tilaa meilt\\u00e4 ravintola kotiisi tai m\\u00f6killesi<\\\/h3>\\n\n\n<p>Pirist\\u00e4 p\\u00e4iv\\u00e4\\u00e4si ikimuistoisilla l\\u00e4hiruokael\\u00e4myksill\\u00e4 ja laadukkaalla palvelulla. Toteutamme menutoiveesi ja t\\u00e4ydellisen kokki- ja tarjoilupalvelun kotiisi\\\/m\\u00f6killesi.<\\\/p>\\n\n\n<p>Voit valita menuistamme parhaan vaihtoehdon teille tai r\\u00e4\\u00e4t\\u00e4l\\u00f6imme kokonaisuuden juuri haluamallanne tavalla. Palveluun kuuluu kattaus, kokkaus, raaka-aineet, tarjoilu, ruokailu- ja keitti\\u00f6tilojen siivous.<\\\/p>\"}}]},{\"type\":\"column\",\"props\":{\"image_position\":\"center-center\",\"media_overlay_gradient\":\"\",\"width_medium\":\"1-2\"},\"children\":[{\"type\":\"text\",\"props\":{\"margin\":\"default\",\"column_breakpoint\":\"m\",\"content\":\"\n\n<div uk-scrollspy-class=\\\"\\\">\\n\n\n<h3>Pitopalvelu<\\\/h3>\\n\n\n<p>Meilt\\u00e4 l\\u00f6ytyy my\\u00f6s vaihtoehto, ett\\u00e4 toimitamme ruuan tarjoiluastioissa kotiisi\\\/m\\u00f6killesi ja te itse hoidatte kattamisesta pois korjaukseen. Voit tilata meilt\\u00e4 aamiaiset, lounaat, p\\u00e4iv\\u00e4lliset, illalliset, kakut ja muut leivonnaiset tai suuremmatkin catering-tapahtumat.<\\\/p>\\n<\\\/div>\"}},{\"type\":\"subnav\",\"props\":{\"subnav_style\":\"divider\"},\"children\":[{\"type\":\"subnav_item\",\"props\":{\"content\":\"Juhlabuffet\",\"link\":\"#juhla\"}},{\"type\":\"subnav_item\",\"props\":{\"content\":\"Kevyt buffet\",\"link\":\"#kevyt\"}},{\"type\":\"subnav_item\",\"props\":{\"content\":\"Kahvibuffet\",\"link\":\"#kahvi\"}}]}]}],\"props\":{\"layout\":\"1-2,1-2\",\"divider\":true}}]},{\"type\":\"section\",\"props\":{\"style\":\"muted\",\"width\":\"default\",\"vertical_align\":\"middle\",\"title_position\":\"top-left\",\"title_rotation\":\"left\",\"title_breakpoint\":\"xl\",\"image_position\":\"center-center\",\"id\":\"juhla\"},\"children\":[{\"type\":\"row\",\"children\":[{\"type\":\"column\",\"props\":{\"image_position\":\"center-center\",\"media_overlay_gradient\":\"\"},\"children\":[{\"type\":\"headline\",\"props\":{\"title_element\":\"h2\",\"content\":\"\n\n<p>P\\u00e4iv\\u00e4llisruoat<\\\/p>\",\"title_style\":\"h2\"}},{\"type\":\"grid\",\"props\":{\"show_title\":true,\"show_meta\":true,\"show_content\":true,\"show_image\":true,\"show_link\":true,\"grid_default\":\"1\",\"grid_medium\":\"3\",\"filter_style\":\"tab\",\"filter_all\":true,\"filter_position\":\"top\",\"filter_align\":\"left\",\"filter_grid_width\":\"auto\",\"filter_grid_breakpoint\":\"m\",\"title_hover_style\":\"reset\",\"title_element\":\"h3\",\"title_align\":\"top\",\"title_grid_width\":\"1-2\",\"title_grid_breakpoint\":\"m\",\"meta_style\":\"meta\",\"meta_align\":\"below-title\",\"meta_element\":\"div\",\"content_column_breakpoint\":\"m\",\"icon_width\":80,\"image_align\":\"top\",\"image_grid_width\":\"1-2\",\"image_grid_breakpoint\":\"m\",\"image_svg_color\":\"emphasis\",\"link_text\":\"Read more\",\"link_style\":\"default\",\"margin\":\"default\",\"item_animation\":\"\",\"grid_masonry\":false,\"panel_style\":\"card-default\",\"panel_size\":\"small\",\"grid_column_gap\":\"small\",\"grid_row_gap\":\"small\"},\"children\":[{\"type\":\"grid_item\",\"props\":{\"content\":\"\n\n<ul>\\n\n\n<li>V\\u00e4rik\\u00e4s vihersalaatti, leip\\u00e4 ja levite<\\\/li>\\n\n\n<li>Kuusamolainen juustosalaatti, leip\\u00e4 ja levite<\\\/li>\\n\n\n<li>Kermainen mets\\u00e4sienikeitto, leip\\u00e4 ja levite<\\\/li>\\n\n\n<li>Savuporo-aurajuustokeitto, leip\\u00e4 ja levite<\\\/li>\\n\n\n<li>Kuusamolainen muikkukimara<\\\/li>\\n<\\\/ul>\",\"title\":\"Alkupalat\",\"meta\":\"\"}},{\"type\":\"grid_item\",\"props\":{\"content\":\"\n\n<ul>\\n\n\n<li>Kasvisvartaat riisipedill\\u00e4<\\\/li>\\n\n\n<li>Pekoninen kanan sis\\u00e4filee<br \\\/>bataattimuusi, h\\u00f6yrytettyj\\u00e4 kasviksia<\\\/li>\\n\n\n<li>Porsaan sis\\u00e4filee savuporokastikkeella<br \\\/>lohkoperunat, kasvislis\\u00e4ke<\\\/li>\\n\n\n<li>Kuusamolainen kirjolohi talon tapaan<br \\\/>uuniperunat ja kastike, porkkanoita<\\\/li>\\n\n\n<li>Kuusamolainen poronk\\u00e4ristys<br \\\/>perunamuusi, puolukka ja suolakurkku<\\\/li>\\n\n\n<li>Poron rosvopaisti, vuohenjuustomuusi, hunajamarinoidut punajuurilohkot<\\\/li>\\n\n\n<li>Poronfile kermaperunat, karpalohyytel\\u00f6 ja kasvislis\\u00e4ke<\\\/li>\\n\n\n<li>Lapin karitsaa Talonp\\u00f6yd\\u00e4n tapaan<br \\\/>valkosipuliperuna, juureslis\\u00e4ke<\\\/li>\\n<\\\/ul>\",\"title\":\"P\\u00e4\\u00e4ruoat\",\"meta\":\"\"}},{\"type\":\"grid_item\",\"props\":{\"content\":\"\n\n<ul>\\n\n\n<li>Kampanisukahvit<\\\/li>\\n\n\n<li>Karpalo-kermahyytel\\u00f6<\\\/li>\\n\n\n<li>Lakka pannacotta<\\\/li>\\n\n\n<li>Talonp\\u00f6yd\\u00e4n suklaaunelma<\\\/li>\\n\n\n<li>Letut ja hillo<\\\/li>\\n\n\n<li>Kuusamon leip\\u00e4juusto ja lakkahillo<\\\/li>\\n\n\n<li>Kuusamolainen juustotarjotin<\\\/li>\\n<\\\/ul>\",\"title\":\"J\\u00e4lkiruoat\",\"meta\":\"\"}}]}]}]}],\"name\":\"P\\u00e4iv\\u00e4llisruoat\"},{\"type\":\"section\",\"props\":{\"style\":\"default\",\"width\":\"default\",\"vertical_align\":\"middle\",\"title_position\":\"top-left\",\"title_rotation\":\"left\",\"title_breakpoint\":\"xl\",\"image_position\":\"center-center\",\"preserve_color\":true,\"id\":\"kevyt\"},\"children\":[{\"type\":\"row\",\"children\":[{\"type\":\"column\",\"props\":{\"image_position\":\"center-center\",\"media_overlay_gradient\":\"\"},\"children\":[{\"type\":\"grid\",\"props\":{\"show_title\":true,\"show_meta\":true,\"show_content\":true,\"show_image\":true,\"show_link\":true,\"grid_default\":\"1\",\"grid_medium\":\"3\",\"filter_style\":\"tab\",\"filter_all\":true,\"filter_position\":\"top\",\"filter_align\":\"left\",\"filter_grid_width\":\"auto\",\"filter_grid_breakpoint\":\"m\",\"title_hover_style\":\"reset\",\"title_element\":\"h3\",\"title_align\":\"top\",\"title_grid_width\":\"1-2\",\"title_grid_breakpoint\":\"m\",\"meta_style\":\"meta\",\"meta_align\":\"below-title\",\"meta_element\":\"div\",\"content_column_breakpoint\":\"m\",\"icon_width\":80,\"image_align\":\"top\",\"image_grid_width\":\"1-2\",\"image_grid_breakpoint\":\"m\",\"image_svg_color\":\"emphasis\",\"link_text\":\"Read more\",\"link_style\":\"default\",\"margin\":\"default\",\"item_animation\":\"\",\"grid_masonry\":true,\"panel_style\":\"card-default\",\"panel_size\":\"small\",\"grid_column_gap\":\"small\",\"grid_row_gap\":\"small\"},\"children\":[{\"type\":\"grid_item\",\"props\":{\"title\":\"Lounasruoat\",\"content\":\"\n\n<ul>\\n\n\n<li>Kinkkukiusaus \\\/ Kasviskiusaus \\\/ Kirjolohikiusaus<br \\\/>Savuporokiusaus<br \\\/>Kiusauksiin sis\\u00e4ltyy vihre\\u00e4 salaatti ja Talonp\\u00f6yd\\u00e4n ohrarieska levitteell\\u00e4<\\\/li>\\n\n\n<li>Suolaiset piirakat: kasvispiirakka, kirjolohipiirakka, savuporopiirakka<\\\/li>\\n\n\n<li>Perinteinen Kuusamolainen kirjolohikeitto<br \\\/>Talonp\\u00f6yd\\u00e4n ohrarieska ja levite<\\\/li>\\n\n\n<li>Tomaattinen savumuikkukeitto<br \\\/>Talonp\\u00f6yd\\u00e4n ohrarieska ja levite<\\\/li>\\n\n\n<li>Lapinukonkeitto<br \\\/>Talonp\\u00f6yd\\u00e4n ohrarieska ja levite<\\\/li>\\n<\\\/ul>\"}},{\"type\":\"grid_item\",\"props\":{\"content\":\"\n\n<div>\\n\n\n<p>Murot tai mysli ja marjoja<br \\\/>Leip\\u00e4valikoima<br \\\/>Pasteijoita tai cocktailpiirakoita<br \\\/>Kuusamon juustoa<br \\\/>Leikkeleit\\u00e4<br \\\/>Tomaatti, kurkku ja suolakurkku<br \\\/>Hedelmi\\u00e4<br \\\/>Paistettu tai keitetty kananmuna tai munakokkeli<br \\\/>Pekonia ja nakkeja<br \\\/>Graavattu kirjolohi<br \\\/>Kahvi ja tee, makea leivos<\\\/p>\\n<\\\/div>\",\"title\":\"Talonp\\u00f6yd\\u00e4n brunssi\",\"meta\":\"\"}},{\"type\":\"grid_item\",\"props\":{\"content\":\"\n\n<p>Puuro tai murot ja hillo<br \\\/>Leip\\u00e4valikoima<br \\\/>Kuusamon juustoa<br \\\/>Leikkeleit\\u00e4<br \\\/>Tomaatti ja kurkku<br \\\/>Jogurtti tai hedelm\\u00e4<br \\\/>Keitetty kananmuna<br \\\/>Graavattu kirjolohi<br \\\/>Maito ja tuoremehu<br \\\/>Kahvi ja tee, keksej\\u00e4<\\\/p>\",\"title\":\"Aamiainen Talonp\\u00f6yd\\u00e4n tapaan\",\"meta\":\"\"}},{\"type\":\"grid_item\",\"props\":{\"content\":\"\n\n<div>\\n\n\n<ul>\\n\n\n<li>Kahvi tai tee ja p\\u00e4iv\\u00e4n pulla<\\\/li>\\n\n\n<li>Kahvi tai tee ja t\\u00e4ytetty patonki (poro, lohi, kinkku, kasvis)<\\\/li>\\n\n\n<li>Kahvi tai tee ja Talonp\\u00f6yd\\u00e4n ohrarieska (poro, lohi, liha, kala, kasvis)<\\\/li>\\n<\\\/ul>\\n<\\\/div>\\n\n\n<div>\\u00a0<\\\/div>\",\"title\":\"Kokousev\\u00e4\\u00e4t ja pikkun\\u00e4lk\\u00e4\\u00e4n\",\"meta\":\"\"}}]}]}]}],\"name\":\"Kevyt\"},{\"type\":\"section\",\"props\":{\"style\":\"muted\",\"width\":\"default\",\"vertical_align\":\"middle\",\"title_position\":\"top-left\",\"title_rotation\":\"left\",\"title_breakpoint\":\"xl\",\"image_position\":\"center-center\",\"id\":\"kahvi\"},\"children\":[{\"type\":\"row\",\"children\":[{\"type\":\"column\",\"props\":{\"image_position\":\"center-center\",\"media_overlay_gradient\":\"\"},\"children\":[]}]}],\"name\":\"kahvi\"}],\"version\":\"2.2.2\",\"type\":\"layout\"} --><\/p>\n","protected":false},"excerpt":{"rendered":"<p>Catering-palvelu tai kokki kotiin ja m\u00f6kille Tilaa meilt\u00e4 ravintola kotiisi tai m\u00f6killesi Pirist\u00e4 p\u00e4iv\u00e4\u00e4si ikimuistoisilla l\u00e4hiruokael\u00e4myksill\u00e4 ja laadukkaalla palvelulla. Toteutamme menutoiveesi ja t\u00e4ydellisen kokki- ja tarjoilupalvelun kotiisi\/m\u00f6killesi. Voit valita menuistamme parhaan vaihtoehdon teille tai r\u00e4\u00e4t\u00e4l\u00f6imme kokonaisuuden juuri haluamallanne tavalla. Palveluun kuuluu kattaus, kokkaus, raaka-aineet, tarjoilu, ruokailu- ja keitti\u00f6tilojen siivous. Pitopalvelu Meilt\u00e4 l\u00f6ytyy my\u00f6s vaihtoehto, ett\u00e4 [&hellip;]<\/p>\n","protected":false},"author":1,"featured_media":0,"parent":899,"menu_order":0,"comment_status":"closed","ping_status":"closed","template":"","meta":{"footnotes":""},"class_list":["post-906","page","type-page","status-publish","hentry"],"yoast_head":"<!-- This site is optimized with the Yoast SEO plugin v27.3 - https:\/\/yoast.com\/product\/yoast-seo-wordpress\/ -->\n<title>Catering, kokki kotiin tai m\u00f6kille - Ravintola Talonp\u00f6yt\u00e4, Kuusamo<\/title>\n<meta name=\"robots\" content=\"index, follow, max-snippet:-1, max-image-preview:large, max-video-preview:-1\" \/>\n<link rel=\"canonical\" href=\"https:\/\/talonpoyta.fi\/en\/catering-and-parties\/catering-kokki-kotiin-tai-mokille\/\" \/>\n<meta property=\"og:locale\" content=\"en_US\" \/>\n<meta property=\"og:type\" content=\"article\" \/>\n<meta property=\"og:title\" content=\"Catering, kokki kotiin tai m\u00f6kille - Ravintola Talonp\u00f6yt\u00e4, Kuusamo\" \/>\n<meta property=\"og:description\" content=\"Catering-palvelu tai kokki kotiin ja m\u00f6kille Tilaa meilt\u00e4 ravintola kotiisi tai m\u00f6killesi Pirist\u00e4 p\u00e4iv\u00e4\u00e4si ikimuistoisilla l\u00e4hiruokael\u00e4myksill\u00e4 ja laadukkaalla palvelulla. Toteutamme menutoiveesi ja t\u00e4ydellisen kokki- ja tarjoilupalvelun kotiisi\/m\u00f6killesi. Voit valita menuistamme parhaan vaihtoehdon teille tai r\u00e4\u00e4t\u00e4l\u00f6imme kokonaisuuden juuri haluamallanne tavalla. Palveluun kuuluu kattaus, kokkaus, raaka-aineet, tarjoilu, ruokailu- ja keitti\u00f6tilojen siivous. Pitopalvelu Meilt\u00e4 l\u00f6ytyy my\u00f6s vaihtoehto, ett\u00e4 [&hellip;]\" \/>\n<meta property=\"og:url\" content=\"https:\/\/talonpoyta.fi\/en\/catering-and-parties\/catering-kokki-kotiin-tai-mokille\/\" \/>\n<meta property=\"og:site_name\" content=\"Ravintola Talonp\u00f6yt\u00e4, Kuusamo\" \/>\n<meta property=\"article:publisher\" content=\"https:\/\/www.facebook.com\/ravintolatalonpoyta\" \/>\n<meta property=\"article:modified_time\" content=\"2020-09-01T07:31:09+00:00\" \/>\n<meta property=\"og:image\" content=\"https:\/\/talonpoyta.fi\/wp-content\/uploads\/2024\/01\/savulohipasta.jpg\" \/>\n\t<meta property=\"og:image:width\" content=\"1080\" \/>\n\t<meta property=\"og:image:height\" content=\"700\" \/>\n\t<meta property=\"og:image:type\" content=\"image\/jpeg\" \/>\n<meta name=\"twitter:card\" content=\"summary_large_image\" \/>\n<meta name=\"twitter:label1\" content=\"Est. reading time\" \/>\n\t<meta name=\"twitter:data1\" content=\"2 minutes\" \/>\n<script type=\"application\/ld+json\" class=\"yoast-schema-graph\">{\"@context\":\"https:\\\/\\\/schema.org\",\"@graph\":[{\"@type\":\"WebPage\",\"@id\":\"https:\\\/\\\/talonpoyta.fi\\\/en\\\/catering-and-parties\\\/catering-kokki-kotiin-tai-mokille\\\/\",\"url\":\"https:\\\/\\\/talonpoyta.fi\\\/en\\\/catering-and-parties\\\/catering-kokki-kotiin-tai-mokille\\\/\",\"name\":\"Catering, kokki kotiin tai m\u00f6kille - Ravintola Talonp\u00f6yt\u00e4, Kuusamo\",\"isPartOf\":{\"@id\":\"https:\\\/\\\/talonpoyta.fi\\\/en\\\/#website\"},\"datePublished\":\"2020-08-25T07:31:56+00:00\",\"dateModified\":\"2020-09-01T07:31:09+00:00\",\"breadcrumb\":{\"@id\":\"https:\\\/\\\/talonpoyta.fi\\\/en\\\/catering-and-parties\\\/catering-kokki-kotiin-tai-mokille\\\/#breadcrumb\"},\"inLanguage\":\"en-US\",\"potentialAction\":[{\"@type\":\"ReadAction\",\"target\":[\"https:\\\/\\\/talonpoyta.fi\\\/en\\\/catering-and-parties\\\/catering-kokki-kotiin-tai-mokille\\\/\"]}]},{\"@type\":\"BreadcrumbList\",\"@id\":\"https:\\\/\\\/talonpoyta.fi\\\/en\\\/catering-and-parties\\\/catering-kokki-kotiin-tai-mokille\\\/#breadcrumb\",\"itemListElement\":[{\"@type\":\"ListItem\",\"position\":1,\"name\":\"Home\",\"item\":\"https:\\\/\\\/talonpoyta.fi\\\/en\\\/\"},{\"@type\":\"ListItem\",\"position\":2,\"name\":\"Catering and parties\",\"item\":\"https:\\\/\\\/talonpoyta.fi\\\/en\\\/catering-and-parties\\\/\"},{\"@type\":\"ListItem\",\"position\":3,\"name\":\"Catering, kokki kotiin tai m\u00f6kille\"}]},{\"@type\":\"WebSite\",\"@id\":\"https:\\\/\\\/talonpoyta.fi\\\/en\\\/#website\",\"url\":\"https:\\\/\\\/talonpoyta.fi\\\/en\\\/\",\"name\":\"Ravintola Talonp\u00f6yt\u00e4, Kuusamo\",\"description\":\"Lounaat, ala carte, pitopalvelu, kahvila, konditoria\",\"publisher\":{\"@id\":\"https:\\\/\\\/talonpoyta.fi\\\/en\\\/#organization\"},\"potentialAction\":[{\"@type\":\"SearchAction\",\"target\":{\"@type\":\"EntryPoint\",\"urlTemplate\":\"https:\\\/\\\/talonpoyta.fi\\\/en\\\/?s={search_term_string}\"},\"query-input\":{\"@type\":\"PropertyValueSpecification\",\"valueRequired\":true,\"valueName\":\"search_term_string\"}}],\"inLanguage\":\"en-US\"},{\"@type\":\"Organization\",\"@id\":\"https:\\\/\\\/talonpoyta.fi\\\/en\\\/#organization\",\"name\":\"Ravintola Talonp\u00f6yt\u00e4\",\"url\":\"https:\\\/\\\/talonpoyta.fi\\\/en\\\/\",\"logo\":{\"@type\":\"ImageObject\",\"inLanguage\":\"en-US\",\"@id\":\"https:\\\/\\\/talonpoyta.fi\\\/en\\\/#\\\/schema\\\/logo\\\/image\\\/\",\"url\":\"https:\\\/\\\/talonpoyta.fi\\\/wp-content\\\/uploads\\\/2025\\\/05\\\/talonpoyta-logo-nelio-musta.png\",\"contentUrl\":\"https:\\\/\\\/talonpoyta.fi\\\/wp-content\\\/uploads\\\/2025\\\/05\\\/talonpoyta-logo-nelio-musta.png\",\"width\":500,\"height\":500,\"caption\":\"Ravintola Talonp\u00f6yt\u00e4\"},\"image\":{\"@id\":\"https:\\\/\\\/talonpoyta.fi\\\/en\\\/#\\\/schema\\\/logo\\\/image\\\/\"},\"sameAs\":[\"https:\\\/\\\/www.facebook.com\\\/ravintolatalonpoyta\",\"https:\\\/\\\/www.instagram.com\\\/ravintolatalonpoyta\"]}]}<\/script>\n<!-- \/ Yoast SEO plugin. -->","yoast_head_json":{"title":"Catering, kokki kotiin tai m\u00f6kille - Ravintola Talonp\u00f6yt\u00e4, Kuusamo","robots":{"index":"index","follow":"follow","max-snippet":"max-snippet:-1","max-image-preview":"max-image-preview:large","max-video-preview":"max-video-preview:-1"},"canonical":"https:\/\/talonpoyta.fi\/en\/catering-and-parties\/catering-kokki-kotiin-tai-mokille\/","og_locale":"en_US","og_type":"article","og_title":"Catering, kokki kotiin tai m\u00f6kille - Ravintola Talonp\u00f6yt\u00e4, Kuusamo","og_description":"Catering-palvelu tai kokki kotiin ja m\u00f6kille Tilaa meilt\u00e4 ravintola kotiisi tai m\u00f6killesi Pirist\u00e4 p\u00e4iv\u00e4\u00e4si ikimuistoisilla l\u00e4hiruokael\u00e4myksill\u00e4 ja laadukkaalla palvelulla. Toteutamme menutoiveesi ja t\u00e4ydellisen kokki- ja tarjoilupalvelun kotiisi\/m\u00f6killesi. Voit valita menuistamme parhaan vaihtoehdon teille tai r\u00e4\u00e4t\u00e4l\u00f6imme kokonaisuuden juuri haluamallanne tavalla. Palveluun kuuluu kattaus, kokkaus, raaka-aineet, tarjoilu, ruokailu- ja keitti\u00f6tilojen siivous. Pitopalvelu Meilt\u00e4 l\u00f6ytyy my\u00f6s vaihtoehto, ett\u00e4 [&hellip;]","og_url":"https:\/\/talonpoyta.fi\/en\/catering-and-parties\/catering-kokki-kotiin-tai-mokille\/","og_site_name":"Ravintola Talonp\u00f6yt\u00e4, Kuusamo","article_publisher":"https:\/\/www.facebook.com\/ravintolatalonpoyta","article_modified_time":"2020-09-01T07:31:09+00:00","og_image":[{"width":1080,"height":700,"url":"https:\/\/talonpoyta.fi\/wp-content\/uploads\/2024\/01\/savulohipasta.jpg","type":"image\/jpeg"}],"twitter_card":"summary_large_image","twitter_misc":{"Est. reading time":"2 minutes"},"schema":{"@context":"https:\/\/schema.org","@graph":[{"@type":"WebPage","@id":"https:\/\/talonpoyta.fi\/en\/catering-and-parties\/catering-kokki-kotiin-tai-mokille\/","url":"https:\/\/talonpoyta.fi\/en\/catering-and-parties\/catering-kokki-kotiin-tai-mokille\/","name":"Catering, kokki kotiin tai m\u00f6kille - Ravintola Talonp\u00f6yt\u00e4, Kuusamo","isPartOf":{"@id":"https:\/\/talonpoyta.fi\/en\/#website"},"datePublished":"2020-08-25T07:31:56+00:00","dateModified":"2020-09-01T07:31:09+00:00","breadcrumb":{"@id":"https:\/\/talonpoyta.fi\/en\/catering-and-parties\/catering-kokki-kotiin-tai-mokille\/#breadcrumb"},"inLanguage":"en-US","potentialAction":[{"@type":"ReadAction","target":["https:\/\/talonpoyta.fi\/en\/catering-and-parties\/catering-kokki-kotiin-tai-mokille\/"]}]},{"@type":"BreadcrumbList","@id":"https:\/\/talonpoyta.fi\/en\/catering-and-parties\/catering-kokki-kotiin-tai-mokille\/#breadcrumb","itemListElement":[{"@type":"ListItem","position":1,"name":"Home","item":"https:\/\/talonpoyta.fi\/en\/"},{"@type":"ListItem","position":2,"name":"Catering and parties","item":"https:\/\/talonpoyta.fi\/en\/catering-and-parties\/"},{"@type":"ListItem","position":3,"name":"Catering, kokki kotiin tai m\u00f6kille"}]},{"@type":"WebSite","@id":"https:\/\/talonpoyta.fi\/en\/#website","url":"https:\/\/talonpoyta.fi\/en\/","name":"Ravintola Talonp\u00f6yt\u00e4, Kuusamo","description":"Lounaat, ala carte, pitopalvelu, kahvila, konditoria","publisher":{"@id":"https:\/\/talonpoyta.fi\/en\/#organization"},"potentialAction":[{"@type":"SearchAction","target":{"@type":"EntryPoint","urlTemplate":"https:\/\/talonpoyta.fi\/en\/?s={search_term_string}"},"query-input":{"@type":"PropertyValueSpecification","valueRequired":true,"valueName":"search_term_string"}}],"inLanguage":"en-US"},{"@type":"Organization","@id":"https:\/\/talonpoyta.fi\/en\/#organization","name":"Ravintola Talonp\u00f6yt\u00e4","url":"https:\/\/talonpoyta.fi\/en\/","logo":{"@type":"ImageObject","inLanguage":"en-US","@id":"https:\/\/talonpoyta.fi\/en\/#\/schema\/logo\/image\/","url":"https:\/\/talonpoyta.fi\/wp-content\/uploads\/2025\/05\/talonpoyta-logo-nelio-musta.png","contentUrl":"https:\/\/talonpoyta.fi\/wp-content\/uploads\/2025\/05\/talonpoyta-logo-nelio-musta.png","width":500,"height":500,"caption":"Ravintola Talonp\u00f6yt\u00e4"},"image":{"@id":"https:\/\/talonpoyta.fi\/en\/#\/schema\/logo\/image\/"},"sameAs":["https:\/\/www.facebook.com\/ravintolatalonpoyta","https:\/\/www.instagram.com\/ravintolatalonpoyta"]}]}},"publishpress_future_action":{"enabled":false,"date":"2026-04-23 12:58:00","action":"change-status","newStatus":"draft","terms":[],"taxonomy":"translation_priority","extraData":[]},"publishpress_future_workflow_manual_trigger":{"enabledWorkflows":[]},"_links":{"self":[{"href":"https:\/\/talonpoyta.fi\/en\/wp-json\/wp\/v2\/pages\/906","targetHints":{"allow":["GET"]}}],"collection":[{"href":"https:\/\/talonpoyta.fi\/en\/wp-json\/wp\/v2\/pages"}],"about":[{"href":"https:\/\/talonpoyta.fi\/en\/wp-json\/wp\/v2\/types\/page"}],"author":[{"embeddable":true,"href":"https:\/\/talonpoyta.fi\/en\/wp-json\/wp\/v2\/users\/1"}],"replies":[{"embeddable":true,"href":"https:\/\/talonpoyta.fi\/en\/wp-json\/wp\/v2\/comments?post=906"}],"version-history":[{"count":0,"href":"https:\/\/talonpoyta.fi\/en\/wp-json\/wp\/v2\/pages\/906\/revisions"}],"up":[{"embeddable":true,"href":"https:\/\/talonpoyta.fi\/en\/wp-json\/wp\/v2\/pages\/899"}],"wp:attachment":[{"href":"https:\/\/talonpoyta.fi\/en\/wp-json\/wp\/v2\/media?parent=906"}],"curies":[{"name":"wp","href":"https:\/\/api.w.org\/{rel}","templated":true}]}}