{"id":912,"date":"2020-08-25T09:46:06","date_gmt":"2020-08-25T06:46:06","guid":{"rendered":"https:\/\/talonpoyta.fi\/pitopalvelu-ja-juhlatilaisuudet\/merkkipaivat\/"},"modified":"2020-09-01T10:32:59","modified_gmt":"2020-09-01T07:32:59","slug":"merkkipaivat","status":"publish","type":"page","link":"https:\/\/talonpoyta.fi\/en\/catering-and-parties\/merkkipaivat\/","title":{"rendered":"Merkkip\u00e4iv\u00e4t"},"content":{"rendered":"<h1>Merkki&#173;p\u00e4iv\u00e4t<\/h1>\n<h2>Kokeneissa k\u00e4siss\u00e4mme syntyy toiveittesi mukainen juhla<\/h2>\n<div>\n<p>Ikimuistoiset merkkip\u00e4iv\u00e4t Talonp\u00f6yd\u00e4ss\u00e4 mihin vuodenaikaan tahansa! Kokeneissa k\u00e4siss\u00e4mme syntyy toiveittesi mukainen juhla. Voimme my\u00f6s toteuttaa juhlanne juuri haluamaasi paikkaan. Keitti\u00f6mme loihtii suussa sulavat herkut, sek\u00e4 autamme esiintyj\u00e4n ja tarvittaessa my\u00f6s ohjelman j\u00e4rjest\u00e4misess\u00e4.\u00a0Voit my\u00f6s tulla tutustumaan tiloihimme paikan p\u00e4\u00e4lle ja kuulemaan tarkemmin juhlien j\u00e4rjest\u00e4misest\u00e4. Sovi siis aika ja tule k\u00e4ym\u00e4\u00e4n!<\/p>\n<\/div>\n<div>\n<div>\n<div uk-scrollspy-class=\"\">\n<h2>Paketti sis\u00e4lt\u00e4\u00e4<\/h2>\n<p>Buffetin tarjoiluineen Tilaisuuden j\u00e4rjest\u00e4misen Talonp\u00f6yd\u00e4ss\u00e4 tai haluamassasi paikassa. Liinoitetut p\u00f6yd\u00e4t, servetit, kynttil\u00e4t. Otamme luonnollisesti huomioon erityisruokavaliot ja ruoka-aineallergiat, kun ilmoitat ne ennakkoon.<\/p>\n<\/div>\n<\/div>\n<\/div>\n<ul>\n<li>\n        <a href=\"#juhla\">Juhlabuffet<\/a>\n    <\/li>\n<li>\n        <a href=\"#kevyt\">Kevyt buffet<\/a>\n    <\/li>\n<li>\n        <a href=\"#kahvi\">Kahvibuffet<\/a>\n    <\/li>\n<\/ul>\n<h2>\n<p>Juhlabuffet<\/p>\n<\/h2>\n<ul>\n<li>\n<h3>Alkuruokap\u00f6yt\u00e4<\/h3>\n<div>\n<p>Vihersalaatti, kirsikkatomaateja<br \/>Aurinkoinen raastesalaatti<br \/>Talonp\u00f6yd\u00e4n mets\u00e4sienisalaatti<br \/>Wanhan ajan maalaisperunasalaatti<br \/>Kuusamon meijerin juustoa<br \/>Kuusamolaista graavilohta ja tillikurkkuja<br \/>Marinoidut muikut<\/p>\n<p>Talon leip\u00e4valikoima, levite ja ruokajuomat<\/p>\n<\/div>\n<\/li>\n<li>\n<h3>P\u00e4\u00e4ruokabuffet<\/h3>\n<p>valitse vaihtoehdoista yksi<\/p>\n<div>\n<ul>\n<li>Kuusamolainen poronk\u00e4ristys, perunamuusi, puolukkahillo, suolakurkku<\/li>\n<li>Uunikirjolohi, peruna, kasvislis\u00e4ke<\/li>\n<li>Paahdettu h\u00e4rk\u00e4 Talonp\u00f6yd\u00e4n tapaan, kermaperunat, s\u00e4r\u00e4juurekset<\/li>\n<li>Karjalanpaisti, peruna, kasvislis\u00e4ke<\/li>\n<li>H\u00e4rk\u00e4k\u00e4ristys, perunamuusi, paahdetut sipulirenkaat, puolukka, maustekurkku<\/li>\n<\/ul>\n<\/div>\n<\/li>\n<li>\n<h3>T\u00e4ytekakkuvaihtoehdot<\/h3>\n<div>\n<p>Mansikka-kermakakku tai vadelmamoussekakku<br \/>Leip\u00e4juusto ja lakkahillo<br \/>Pikkuleiv\u00e4t ja kohvehdit<br \/>Kahvi\/tee<\/p>\n<\/div>\n<\/li>\n<\/ul>\n<h2>\n<p>Kevyt buffet<\/p>\n<\/h2>\n<div>\n<p>(yksi kattaus)<\/p>\n<\/div>\n<ul>\n<li>\n<h3>Alkuruokap\u00f6yt\u00e4<\/h3>\n<div>\n<p>Salaatinlehdet, tomaatti, kurkku<br \/>Kuusamon meijerin juustosiivut<br \/>Graavattu kirjolohi<br \/>Naudan kylm\u00e4savuleike<\/p>\n<\/div>\n<\/li>\n<li>\n<h3>L\u00e4mmin ruoka<\/h3>\n<p>valitse vaihtoehdoista yksi<\/p>\n<div>\n<ul>\n<li>Maalaisperunalaatikko ja porkkanat<\/li>\n<li>Lapinukonkeitto<\/li>\n<li>Kermainen kirjolohikeitto<\/li>\n<li>T\u00e4ytel\u00e4inen lihakeitto<\/li>\n<\/ul>\n<p>Kevyeen menuun kuuluvat my\u00f6s talon leip\u00e4valikoima, levite ja ruokajuomat<\/p>\n<\/div>\n<\/li>\n<li>\n<h3>J\u00e4lkiruoka<\/h3>\n<div>\n<p>Mansikkakermakakku tai vadelmamoussekakku<br \/>Leip\u00e4juusto ja lakkahillo<br \/>Pikkuleiv\u00e4t ja konvehdit<br \/>Kahvi\/tee<\/p>\n<\/div>\n<\/li>\n<\/ul>\n<h2>\n<p>Kahvibuffet<\/p>\n<\/h2>\n<ul>\n<li>\n<p>valitse vaihtoehdoista yksi<\/p>\n<div>\n<ul>\n<li>Kirjolohi-kasvispiirakka<\/li>\n<li>Savuporopiirakka<\/li>\n<li>Kinkkuvoileip\u00e4kakku\u00a0ja vihre\u00e4 sekasalaatti<\/li>\n<\/ul>\n<\/div>\n<\/li>\n<li>\n<h3>T\u00e4ytekakkuvaihtoehdot<\/h3>\n<div>\n<p>Mansikkakermakakku tai vadelmamoussekakku<br \/>Leip\u00e4juusto ja lakkahillo<br \/>Pikkuleiv\u00e4t ja konvehdit<br \/>Kahvi\/tee<\/p>\n<\/div>\n<\/li>\n<\/ul>\n<p><!-- {\"children\":[{\"type\":\"section\",\"props\":{\"style\":\"default\",\"width\":\"default\",\"vertical_align\":\"middle\",\"title_position\":\"top-left\",\"title_rotation\":\"left\",\"title_breakpoint\":\"xl\",\"image_position\":\"center-center\",\"image\":\"http:\\\/\\\/talonpoyta.fi\\\/wp-content\\\/uploads\\\/2020\\\/08\\\/talonpoyta-merkkipaivat.jpg\",\"image_size\":\"cover\",\"text_color\":\"light\",\"padding\":\"xlarge\",\"media_overlay\":\"rgba(0, 0, 0, 0.15)\"},\"children\":[{\"type\":\"row\",\"children\":[{\"type\":\"column\",\"props\":{\"image_position\":\"center-center\",\"media_overlay_gradient\":\"\"},\"children\":[{\"type\":\"headline\",\"props\":{\"title_element\":\"h1\",\"content\":\"Merkki&#173;p\\u00e4iv\\u00e4t\",\"title_style\":\"heading-medium\",\"margin_remove_bottom\":true}},{\"type\":\"headline\",\"props\":{\"title_element\":\"h2\",\"content\":\"Kokeneissa k\\u00e4siss\\u00e4mme syntyy toiveittesi mukainen juhla\",\"title_style\":\"h2\",\"margin_remove_bottom\":false,\"margin_remove_top\":true}}]}]}]},{\"type\":\"section\",\"props\":{\"style\":\"default\",\"width\":\"default\",\"vertical_align\":\"middle\",\"title_position\":\"top-left\",\"title_rotation\":\"left\",\"title_breakpoint\":\"xl\",\"image_position\":\"center-center\"},\"children\":[{\"type\":\"row\",\"children\":[{\"type\":\"column\",\"props\":{\"image_position\":\"center-center\",\"media_overlay_gradient\":\"\",\"width_medium\":\"1-2\"},\"children\":[{\"type\":\"text\",\"props\":{\"margin\":\"default\",\"column_breakpoint\":\"m\",\"content\":\"\n\n<p>Ikimuistoiset merkkip\\u00e4iv\\u00e4t Talonp\\u00f6yd\\u00e4ss\\u00e4 mihin vuodenaikaan tahansa! Kokeneissa k\\u00e4siss\\u00e4mme syntyy toiveittesi mukainen juhla. Voimme my\\u00f6s toteuttaa juhlanne juuri haluamaasi paikkaan. Keitti\\u00f6mme loihtii suussa sulavat herkut, sek\\u00e4 autamme esiintyj\\u00e4n ja tarvittaessa my\\u00f6s ohjelman j\\u00e4rjest\\u00e4misess\\u00e4.\\u00a0Voit my\\u00f6s tulla tutustumaan tiloihimme paikan p\\u00e4\\u00e4lle ja kuulemaan tarkemmin juhlien j\\u00e4rjest\\u00e4misest\\u00e4. Sovi siis aika ja tule k\\u00e4ym\\u00e4\\u00e4n!<\\\/p>\"}}]},{\"type\":\"column\",\"props\":{\"image_position\":\"center-center\",\"media_overlay_gradient\":\"\",\"width_medium\":\"1-2\"},\"children\":[{\"type\":\"text\",\"props\":{\"margin\":\"default\",\"column_breakpoint\":\"m\",\"content\":\"\n\n<div>\\n\n\n<div uk-scrollspy-class=\\\"\\\">\\n\n\n<h2>Paketti sis\\u00e4lt\\u00e4\\u00e4<\\\/h2>\\n\n\n<p>Buffetin tarjoiluineen Tilaisuuden j\\u00e4rjest\\u00e4misen Talonp\\u00f6yd\\u00e4ss\\u00e4 tai haluamassasi paikassa. Liinoitetut p\\u00f6yd\\u00e4t, servetit, kynttil\\u00e4t. Otamme luonnollisesti huomioon erityisruokavaliot ja ruoka-aineallergiat, kun ilmoitat ne ennakkoon.<\\\/p>\\n<\\\/div>\\n<\\\/div>\"}},{\"type\":\"subnav\",\"props\":{\"subnav_style\":\"divider\"},\"children\":[{\"type\":\"subnav_item\",\"props\":{\"content\":\"Juhlabuffet\",\"link\":\"#juhla\"}},{\"type\":\"subnav_item\",\"props\":{\"content\":\"Kevyt buffet\",\"link\":\"#kevyt\"}},{\"type\":\"subnav_item\",\"props\":{\"content\":\"Kahvibuffet\",\"link\":\"#kahvi\"}}]}]}],\"props\":{\"layout\":\"1-2,1-2\",\"divider\":true}}]},{\"type\":\"section\",\"props\":{\"style\":\"muted\",\"width\":\"default\",\"vertical_align\":\"middle\",\"title_position\":\"top-left\",\"title_rotation\":\"left\",\"title_breakpoint\":\"xl\",\"image_position\":\"center-center\",\"id\":\"juhla\"},\"children\":[{\"type\":\"row\",\"children\":[{\"type\":\"column\",\"props\":{\"image_position\":\"center-center\",\"media_overlay_gradient\":\"\"},\"children\":[{\"type\":\"headline\",\"props\":{\"title_element\":\"h2\",\"content\":\"\n\n<p>Juhlabuffet<\\\/p>\",\"title_style\":\"h2\"}},{\"type\":\"grid\",\"props\":{\"show_title\":true,\"show_meta\":true,\"show_content\":true,\"show_image\":true,\"show_link\":true,\"grid_default\":\"1\",\"grid_medium\":\"3\",\"filter_style\":\"tab\",\"filter_all\":true,\"filter_position\":\"top\",\"filter_align\":\"left\",\"filter_grid_width\":\"auto\",\"filter_grid_breakpoint\":\"m\",\"title_hover_style\":\"reset\",\"title_element\":\"h3\",\"title_align\":\"top\",\"title_grid_width\":\"1-2\",\"title_grid_breakpoint\":\"m\",\"meta_style\":\"meta\",\"meta_align\":\"below-title\",\"meta_element\":\"div\",\"content_column_breakpoint\":\"m\",\"icon_width\":80,\"image_align\":\"top\",\"image_grid_width\":\"1-2\",\"image_grid_breakpoint\":\"m\",\"image_svg_color\":\"emphasis\",\"link_text\":\"Read more\",\"link_style\":\"default\",\"margin\":\"default\",\"item_animation\":\"\",\"grid_masonry\":false,\"panel_style\":\"card-default\",\"panel_size\":\"small\",\"grid_column_gap\":\"small\",\"grid_row_gap\":\"small\"},\"children\":[{\"type\":\"grid_item\",\"props\":{\"content\":\"\n\n<p>Vihersalaatti, kirsikkatomaateja<br \\\/>Aurinkoinen raastesalaatti<br \\\/>Talonp\\u00f6yd\\u00e4n mets\\u00e4sienisalaatti<br \\\/>Wanhan ajan maalaisperunasalaatti<br \\\/>Kuusamon meijerin juustoa<br \\\/>Kuusamolaista graavilohta ja tillikurkkuja<br \\\/>Marinoidut muikut<\\\/p>\\n\n\n<p>Talon leip\\u00e4valikoima, levite ja ruokajuomat<\\\/p>\",\"title\":\"Alkuruokap\\u00f6yt\\u00e4\",\"meta\":\"\"}},{\"type\":\"grid_item\",\"props\":{\"content\":\"\n\n<ul>\\n\n\n<li>Kuusamolainen poronk\\u00e4ristys, perunamuusi, puolukkahillo, suolakurkku<\\\/li>\\n\n\n<li>Uunikirjolohi, peruna, kasvislis\\u00e4ke<\\\/li>\\n\n\n<li>Paahdettu h\\u00e4rk\\u00e4 Talonp\\u00f6yd\\u00e4n tapaan, kermaperunat, s\\u00e4r\\u00e4juurekset<\\\/li>\\n\n\n<li>Karjalanpaisti, peruna, kasvislis\\u00e4ke<\\\/li>\\n\n\n<li>H\\u00e4rk\\u00e4k\\u00e4ristys, perunamuusi, paahdetut sipulirenkaat, puolukka, maustekurkku<\\\/li>\\n<\\\/ul>\",\"title\":\"P\\u00e4\\u00e4ruokabuffet\",\"meta\":\"valitse vaihtoehdoista yksi\"}},{\"type\":\"grid_item\",\"props\":{\"content\":\"\n\n<p>Mansikka-kermakakku tai vadelmamoussekakku<br \\\/>Leip\\u00e4juusto ja lakkahillo<br \\\/>Pikkuleiv\\u00e4t ja kohvehdit<br \\\/>Kahvi\\\/tee<\\\/p>\",\"title\":\"T\\u00e4ytekakkuvaihtoehdot\",\"meta\":\"\"}}]}]}]}],\"name\":\"Juhlabuffet\"},{\"type\":\"section\",\"props\":{\"style\":\"default\",\"width\":\"default\",\"vertical_align\":\"middle\",\"title_position\":\"top-left\",\"title_rotation\":\"left\",\"title_breakpoint\":\"xl\",\"image_position\":\"center-center\",\"preserve_color\":true,\"id\":\"kevyt\"},\"children\":[{\"type\":\"row\",\"children\":[{\"type\":\"column\",\"props\":{\"image_position\":\"center-center\",\"media_overlay_gradient\":\"\"},\"children\":[{\"type\":\"headline\",\"props\":{\"title_element\":\"h2\",\"content\":\"\n\n<p>Kevyt buffet<\\\/p>\",\"title_style\":\"h2\"}},{\"type\":\"text\",\"props\":{\"margin\":\"default\",\"column_breakpoint\":\"m\",\"content\":\"\n\n<p>(yksi kattaus)<\\\/p>\",\"margin_remove_top\":true}},{\"type\":\"grid\",\"props\":{\"show_title\":true,\"show_meta\":true,\"show_content\":true,\"show_image\":true,\"show_link\":true,\"grid_default\":\"1\",\"grid_medium\":\"3\",\"filter_style\":\"tab\",\"filter_all\":true,\"filter_position\":\"top\",\"filter_align\":\"left\",\"filter_grid_width\":\"auto\",\"filter_grid_breakpoint\":\"m\",\"title_hover_style\":\"reset\",\"title_element\":\"h3\",\"title_align\":\"top\",\"title_grid_width\":\"1-2\",\"title_grid_breakpoint\":\"m\",\"meta_style\":\"meta\",\"meta_align\":\"below-title\",\"meta_element\":\"div\",\"content_column_breakpoint\":\"m\",\"icon_width\":80,\"image_align\":\"top\",\"image_grid_width\":\"1-2\",\"image_grid_breakpoint\":\"m\",\"image_svg_color\":\"emphasis\",\"link_text\":\"Read more\",\"link_style\":\"default\",\"margin\":\"default\",\"item_animation\":\"\",\"grid_masonry\":false,\"panel_style\":\"card-default\",\"panel_size\":\"small\",\"grid_column_gap\":\"small\",\"grid_row_gap\":\"small\"},\"children\":[{\"type\":\"grid_item\",\"props\":{\"content\":\"\n\n<p>Salaatinlehdet, tomaatti, kurkku<br \\\/>Kuusamon meijerin juustosiivut<br \\\/>Graavattu kirjolohi<br \\\/>Naudan kylm\\u00e4savuleike<\\\/p>\",\"title\":\"Alkuruokap\\u00f6yt\\u00e4\",\"meta\":\"\"}},{\"type\":\"grid_item\",\"props\":{\"content\":\"\n\n<ul>\\n\n\n<li>Maalaisperunalaatikko ja porkkanat<\\\/li>\\n\n\n<li>Lapinukonkeitto<\\\/li>\\n\n\n<li>Kermainen kirjolohikeitto<\\\/li>\\n\n\n<li>T\\u00e4ytel\\u00e4inen lihakeitto<\\\/li>\\n<\\\/ul>\\n\n\n<p>Kevyeen menuun kuuluvat my\\u00f6s talon leip\\u00e4valikoima, levite ja ruokajuomat<\\\/p>\",\"title\":\"L\\u00e4mmin ruoka\",\"meta\":\"valitse vaihtoehdoista yksi\"}},{\"type\":\"grid_item\",\"props\":{\"content\":\"\n\n<p>Mansikkakermakakku tai vadelmamoussekakku<br \\\/>Leip\\u00e4juusto ja lakkahillo<br \\\/>Pikkuleiv\\u00e4t ja konvehdit<br \\\/>Kahvi\\\/tee<\\\/p>\",\"title\":\"J\\u00e4lkiruoka\",\"meta\":\"\"}}]}]}]}],\"name\":\"Kevyt\"},{\"type\":\"section\",\"props\":{\"style\":\"muted\",\"width\":\"default\",\"vertical_align\":\"middle\",\"title_position\":\"top-left\",\"title_rotation\":\"left\",\"title_breakpoint\":\"xl\",\"image_position\":\"center-center\",\"id\":\"kahvi\"},\"children\":[{\"type\":\"row\",\"children\":[{\"type\":\"column\",\"props\":{\"image_position\":\"center-center\",\"media_overlay_gradient\":\"\"},\"children\":[{\"type\":\"headline\",\"props\":{\"title_element\":\"h2\",\"content\":\"\n\n<p>Kahvibuffet<\\\/p>\",\"title_style\":\"h2\"}},{\"type\":\"grid\",\"props\":{\"show_title\":true,\"show_meta\":true,\"show_content\":true,\"show_image\":true,\"show_link\":true,\"grid_default\":\"1\",\"grid_medium\":\"3\",\"filter_style\":\"tab\",\"filter_all\":true,\"filter_position\":\"top\",\"filter_align\":\"left\",\"filter_grid_width\":\"auto\",\"filter_grid_breakpoint\":\"m\",\"title_hover_style\":\"reset\",\"title_element\":\"h3\",\"title_align\":\"top\",\"title_grid_width\":\"1-2\",\"title_grid_breakpoint\":\"m\",\"meta_style\":\"meta\",\"meta_align\":\"below-title\",\"meta_element\":\"div\",\"content_column_breakpoint\":\"m\",\"icon_width\":80,\"image_align\":\"top\",\"image_grid_width\":\"1-2\",\"image_grid_breakpoint\":\"m\",\"image_svg_color\":\"emphasis\",\"link_text\":\"Read more\",\"link_style\":\"default\",\"margin\":\"default\",\"item_animation\":\"\",\"grid_masonry\":false,\"panel_style\":\"card-default\",\"panel_size\":\"small\",\"grid_column_gap\":\"small\",\"grid_row_gap\":\"small\"},\"children\":[{\"type\":\"grid_item\",\"props\":{\"content\":\"\n\n<ul>\\n\n\n<li>Kirjolohi-kasvispiirakka<\\\/li>\\n\n\n<li>Savuporopiirakka<\\\/li>\\n\n\n<li>Kinkkuvoileip\\u00e4kakku\\u00a0ja vihre\\u00e4 sekasalaatti<\\\/li>\\n<\\\/ul>\",\"title\":\"\",\"meta\":\"valitse vaihtoehdoista yksi\"}},{\"type\":\"grid_item\",\"props\":{\"content\":\"\n\n<p>Mansikkakermakakku tai vadelmamoussekakku<br \\\/>Leip\\u00e4juusto ja lakkahillo<br \\\/>Pikkuleiv\\u00e4t ja konvehdit<br \\\/>Kahvi\\\/tee<\\\/p>\",\"title\":\"T\\u00e4ytekakkuvaihtoehdot\",\"meta\":\"\"}}]}]}]}],\"name\":\"kahvi\"}],\"version\":\"2.2.2\",\"type\":\"layout\"} --><\/p>\n","protected":false},"excerpt":{"rendered":"<p>Merkki&#173;p\u00e4iv\u00e4t Kokeneissa k\u00e4siss\u00e4mme syntyy toiveittesi mukainen juhla Ikimuistoiset merkkip\u00e4iv\u00e4t Talonp\u00f6yd\u00e4ss\u00e4 mihin vuodenaikaan tahansa! Kokeneissa k\u00e4siss\u00e4mme syntyy toiveittesi mukainen juhla. Voimme my\u00f6s toteuttaa juhlanne juuri haluamaasi paikkaan. Keitti\u00f6mme loihtii suussa sulavat herkut, sek\u00e4 autamme esiintyj\u00e4n ja tarvittaessa my\u00f6s ohjelman j\u00e4rjest\u00e4misess\u00e4.\u00a0Voit my\u00f6s tulla tutustumaan tiloihimme paikan p\u00e4\u00e4lle ja kuulemaan tarkemmin juhlien j\u00e4rjest\u00e4misest\u00e4. Sovi siis aika ja tule [&hellip;]<\/p>\n","protected":false},"author":1,"featured_media":0,"parent":899,"menu_order":0,"comment_status":"closed","ping_status":"closed","template":"","meta":{"footnotes":""},"class_list":["post-912","page","type-page","status-publish","hentry"],"yoast_head":"<!-- This site is optimized with the Yoast SEO plugin v26.6 - https:\/\/yoast.com\/wordpress\/plugins\/seo\/ -->\n<title>Merkkip\u00e4iv\u00e4t - Ravintola Talonp\u00f6yt\u00e4, Kuusamo<\/title>\n<meta name=\"robots\" content=\"index, follow, max-snippet:-1, max-image-preview:large, max-video-preview:-1\" \/>\n<link rel=\"canonical\" href=\"https:\/\/talonpoyta.fi\/en\/catering-and-parties\/merkkipaivat\/\" \/>\n<meta property=\"og:locale\" content=\"en_US\" \/>\n<meta property=\"og:type\" content=\"article\" \/>\n<meta property=\"og:title\" content=\"Merkkip\u00e4iv\u00e4t - Ravintola Talonp\u00f6yt\u00e4, Kuusamo\" \/>\n<meta property=\"og:description\" content=\"Merkki&#173;p\u00e4iv\u00e4t Kokeneissa k\u00e4siss\u00e4mme syntyy toiveittesi mukainen juhla Ikimuistoiset merkkip\u00e4iv\u00e4t Talonp\u00f6yd\u00e4ss\u00e4 mihin vuodenaikaan tahansa! Kokeneissa k\u00e4siss\u00e4mme syntyy toiveittesi mukainen juhla. Voimme my\u00f6s toteuttaa juhlanne juuri haluamaasi paikkaan. Keitti\u00f6mme loihtii suussa sulavat herkut, sek\u00e4 autamme esiintyj\u00e4n ja tarvittaessa my\u00f6s ohjelman j\u00e4rjest\u00e4misess\u00e4.\u00a0Voit my\u00f6s tulla tutustumaan tiloihimme paikan p\u00e4\u00e4lle ja kuulemaan tarkemmin juhlien j\u00e4rjest\u00e4misest\u00e4. Sovi siis aika ja tule [&hellip;]\" \/>\n<meta property=\"og:url\" content=\"https:\/\/talonpoyta.fi\/en\/catering-and-parties\/merkkipaivat\/\" \/>\n<meta property=\"og:site_name\" content=\"Ravintola Talonp\u00f6yt\u00e4, Kuusamo\" \/>\n<meta property=\"article:publisher\" content=\"https:\/\/www.facebook.com\/ravintolatalonpoyta\" \/>\n<meta property=\"article:modified_time\" content=\"2020-09-01T07:32:59+00:00\" \/>\n<meta property=\"og:image\" content=\"https:\/\/talonpoyta.fi\/wp-content\/uploads\/2024\/01\/savulohipasta.jpg\" \/>\n\t<meta property=\"og:image:width\" content=\"1080\" \/>\n\t<meta property=\"og:image:height\" content=\"700\" \/>\n\t<meta property=\"og:image:type\" content=\"image\/jpeg\" \/>\n<meta name=\"twitter:card\" content=\"summary_large_image\" \/>\n<meta name=\"twitter:label1\" content=\"Est. reading time\" \/>\n\t<meta name=\"twitter:data1\" content=\"1 minute\" \/>\n<script type=\"application\/ld+json\" class=\"yoast-schema-graph\">{\"@context\":\"https:\/\/schema.org\",\"@graph\":[{\"@type\":\"WebPage\",\"@id\":\"https:\/\/talonpoyta.fi\/en\/catering-and-parties\/merkkipaivat\/\",\"url\":\"https:\/\/talonpoyta.fi\/en\/catering-and-parties\/merkkipaivat\/\",\"name\":\"Merkkip\u00e4iv\u00e4t - Ravintola Talonp\u00f6yt\u00e4, Kuusamo\",\"isPartOf\":{\"@id\":\"https:\/\/talonpoyta.fi\/en\/#website\"},\"datePublished\":\"2020-08-25T06:46:06+00:00\",\"dateModified\":\"2020-09-01T07:32:59+00:00\",\"breadcrumb\":{\"@id\":\"https:\/\/talonpoyta.fi\/en\/catering-and-parties\/merkkipaivat\/#breadcrumb\"},\"inLanguage\":\"en-US\",\"potentialAction\":[{\"@type\":\"ReadAction\",\"target\":[\"https:\/\/talonpoyta.fi\/en\/catering-and-parties\/merkkipaivat\/\"]}]},{\"@type\":\"BreadcrumbList\",\"@id\":\"https:\/\/talonpoyta.fi\/en\/catering-and-parties\/merkkipaivat\/#breadcrumb\",\"itemListElement\":[{\"@type\":\"ListItem\",\"position\":1,\"name\":\"Home\",\"item\":\"https:\/\/talonpoyta.fi\/en\/\"},{\"@type\":\"ListItem\",\"position\":2,\"name\":\"Catering and parties\",\"item\":\"https:\/\/talonpoyta.fi\/en\/catering-and-parties\/\"},{\"@type\":\"ListItem\",\"position\":3,\"name\":\"Merkkip\u00e4iv\u00e4t\"}]},{\"@type\":\"WebSite\",\"@id\":\"https:\/\/talonpoyta.fi\/en\/#website\",\"url\":\"https:\/\/talonpoyta.fi\/en\/\",\"name\":\"Ravintola Talonp\u00f6yt\u00e4, Kuusamo\",\"description\":\"Lounaat, ala carte, pitopalvelu, kahvila, konditoria\",\"publisher\":{\"@id\":\"https:\/\/talonpoyta.fi\/en\/#organization\"},\"potentialAction\":[{\"@type\":\"SearchAction\",\"target\":{\"@type\":\"EntryPoint\",\"urlTemplate\":\"https:\/\/talonpoyta.fi\/en\/?s={search_term_string}\"},\"query-input\":{\"@type\":\"PropertyValueSpecification\",\"valueRequired\":true,\"valueName\":\"search_term_string\"}}],\"inLanguage\":\"en-US\"},{\"@type\":\"Organization\",\"@id\":\"https:\/\/talonpoyta.fi\/en\/#organization\",\"name\":\"Ravintola Talonp\u00f6yt\u00e4\",\"url\":\"https:\/\/talonpoyta.fi\/en\/\",\"logo\":{\"@type\":\"ImageObject\",\"inLanguage\":\"en-US\",\"@id\":\"https:\/\/talonpoyta.fi\/en\/#\/schema\/logo\/image\/\",\"url\":\"https:\/\/talonpoyta.fi\/wp-content\/uploads\/2025\/05\/talonpoyta-logo-nelio-musta.png\",\"contentUrl\":\"https:\/\/talonpoyta.fi\/wp-content\/uploads\/2025\/05\/talonpoyta-logo-nelio-musta.png\",\"width\":500,\"height\":500,\"caption\":\"Ravintola Talonp\u00f6yt\u00e4\"},\"image\":{\"@id\":\"https:\/\/talonpoyta.fi\/en\/#\/schema\/logo\/image\/\"},\"sameAs\":[\"https:\/\/www.facebook.com\/ravintolatalonpoyta\",\"https:\/\/www.instagram.com\/ravintolatalonpoyta\"]}]}<\/script>\n<!-- \/ Yoast SEO plugin. -->","yoast_head_json":{"title":"Merkkip\u00e4iv\u00e4t - Ravintola Talonp\u00f6yt\u00e4, Kuusamo","robots":{"index":"index","follow":"follow","max-snippet":"max-snippet:-1","max-image-preview":"max-image-preview:large","max-video-preview":"max-video-preview:-1"},"canonical":"https:\/\/talonpoyta.fi\/en\/catering-and-parties\/merkkipaivat\/","og_locale":"en_US","og_type":"article","og_title":"Merkkip\u00e4iv\u00e4t - Ravintola Talonp\u00f6yt\u00e4, Kuusamo","og_description":"Merkki&#173;p\u00e4iv\u00e4t Kokeneissa k\u00e4siss\u00e4mme syntyy toiveittesi mukainen juhla Ikimuistoiset merkkip\u00e4iv\u00e4t Talonp\u00f6yd\u00e4ss\u00e4 mihin vuodenaikaan tahansa! Kokeneissa k\u00e4siss\u00e4mme syntyy toiveittesi mukainen juhla. Voimme my\u00f6s toteuttaa juhlanne juuri haluamaasi paikkaan. Keitti\u00f6mme loihtii suussa sulavat herkut, sek\u00e4 autamme esiintyj\u00e4n ja tarvittaessa my\u00f6s ohjelman j\u00e4rjest\u00e4misess\u00e4.\u00a0Voit my\u00f6s tulla tutustumaan tiloihimme paikan p\u00e4\u00e4lle ja kuulemaan tarkemmin juhlien j\u00e4rjest\u00e4misest\u00e4. Sovi siis aika ja tule [&hellip;]","og_url":"https:\/\/talonpoyta.fi\/en\/catering-and-parties\/merkkipaivat\/","og_site_name":"Ravintola Talonp\u00f6yt\u00e4, Kuusamo","article_publisher":"https:\/\/www.facebook.com\/ravintolatalonpoyta","article_modified_time":"2020-09-01T07:32:59+00:00","og_image":[{"width":1080,"height":700,"url":"https:\/\/talonpoyta.fi\/wp-content\/uploads\/2024\/01\/savulohipasta.jpg","type":"image\/jpeg"}],"twitter_card":"summary_large_image","twitter_misc":{"Est. reading time":"1 minute"},"schema":{"@context":"https:\/\/schema.org","@graph":[{"@type":"WebPage","@id":"https:\/\/talonpoyta.fi\/en\/catering-and-parties\/merkkipaivat\/","url":"https:\/\/talonpoyta.fi\/en\/catering-and-parties\/merkkipaivat\/","name":"Merkkip\u00e4iv\u00e4t - Ravintola Talonp\u00f6yt\u00e4, Kuusamo","isPartOf":{"@id":"https:\/\/talonpoyta.fi\/en\/#website"},"datePublished":"2020-08-25T06:46:06+00:00","dateModified":"2020-09-01T07:32:59+00:00","breadcrumb":{"@id":"https:\/\/talonpoyta.fi\/en\/catering-and-parties\/merkkipaivat\/#breadcrumb"},"inLanguage":"en-US","potentialAction":[{"@type":"ReadAction","target":["https:\/\/talonpoyta.fi\/en\/catering-and-parties\/merkkipaivat\/"]}]},{"@type":"BreadcrumbList","@id":"https:\/\/talonpoyta.fi\/en\/catering-and-parties\/merkkipaivat\/#breadcrumb","itemListElement":[{"@type":"ListItem","position":1,"name":"Home","item":"https:\/\/talonpoyta.fi\/en\/"},{"@type":"ListItem","position":2,"name":"Catering and parties","item":"https:\/\/talonpoyta.fi\/en\/catering-and-parties\/"},{"@type":"ListItem","position":3,"name":"Merkkip\u00e4iv\u00e4t"}]},{"@type":"WebSite","@id":"https:\/\/talonpoyta.fi\/en\/#website","url":"https:\/\/talonpoyta.fi\/en\/","name":"Ravintola Talonp\u00f6yt\u00e4, Kuusamo","description":"Lounaat, ala carte, pitopalvelu, kahvila, konditoria","publisher":{"@id":"https:\/\/talonpoyta.fi\/en\/#organization"},"potentialAction":[{"@type":"SearchAction","target":{"@type":"EntryPoint","urlTemplate":"https:\/\/talonpoyta.fi\/en\/?s={search_term_string}"},"query-input":{"@type":"PropertyValueSpecification","valueRequired":true,"valueName":"search_term_string"}}],"inLanguage":"en-US"},{"@type":"Organization","@id":"https:\/\/talonpoyta.fi\/en\/#organization","name":"Ravintola Talonp\u00f6yt\u00e4","url":"https:\/\/talonpoyta.fi\/en\/","logo":{"@type":"ImageObject","inLanguage":"en-US","@id":"https:\/\/talonpoyta.fi\/en\/#\/schema\/logo\/image\/","url":"https:\/\/talonpoyta.fi\/wp-content\/uploads\/2025\/05\/talonpoyta-logo-nelio-musta.png","contentUrl":"https:\/\/talonpoyta.fi\/wp-content\/uploads\/2025\/05\/talonpoyta-logo-nelio-musta.png","width":500,"height":500,"caption":"Ravintola Talonp\u00f6yt\u00e4"},"image":{"@id":"https:\/\/talonpoyta.fi\/en\/#\/schema\/logo\/image\/"},"sameAs":["https:\/\/www.facebook.com\/ravintolatalonpoyta","https:\/\/www.instagram.com\/ravintolatalonpoyta"]}]}},"publishpress_future_action":{"enabled":false,"date":"2026-04-15 03:27:40","action":"change-status","newStatus":"draft","terms":[],"taxonomy":"translation_priority","extraData":[]},"publishpress_future_workflow_manual_trigger":{"enabledWorkflows":[]},"_links":{"self":[{"href":"https:\/\/talonpoyta.fi\/en\/wp-json\/wp\/v2\/pages\/912","targetHints":{"allow":["GET"]}}],"collection":[{"href":"https:\/\/talonpoyta.fi\/en\/wp-json\/wp\/v2\/pages"}],"about":[{"href":"https:\/\/talonpoyta.fi\/en\/wp-json\/wp\/v2\/types\/page"}],"author":[{"embeddable":true,"href":"https:\/\/talonpoyta.fi\/en\/wp-json\/wp\/v2\/users\/1"}],"replies":[{"embeddable":true,"href":"https:\/\/talonpoyta.fi\/en\/wp-json\/wp\/v2\/comments?post=912"}],"version-history":[{"count":0,"href":"https:\/\/talonpoyta.fi\/en\/wp-json\/wp\/v2\/pages\/912\/revisions"}],"up":[{"embeddable":true,"href":"https:\/\/talonpoyta.fi\/en\/wp-json\/wp\/v2\/pages\/899"}],"wp:attachment":[{"href":"https:\/\/talonpoyta.fi\/en\/wp-json\/wp\/v2\/media?parent=912"}],"curies":[{"name":"wp","href":"https:\/\/api.w.org\/{rel}","templated":true}]}}