{"id":924,"date":"2020-08-25T11:44:16","date_gmt":"2020-08-25T08:44:16","guid":{"rendered":"https:\/\/talonpoyta.fi\/yhteystiedot\/"},"modified":"2021-11-17T14:48:23","modified_gmt":"2021-11-17T12:48:23","slug":"contact","status":"publish","type":"page","link":"https:\/\/talonpoyta.fi\/en\/contact\/","title":{"rendered":"Contact"},"content":{"rendered":"<h1>\n<p>Restaurant, cafe confectionery, catering and parties<br \/><span class=\"uk-text-primary\">Ravintola Talonp\u00f6yt\u00e4<\/span><\/p>\n<\/h1>\n<div>\n<h4>Talonp\u00f6yt\u00e4 Kuusamo<\/h4>\n<p><a href=\"https:\/\/goo.gl\/maps\/zn98Pvk2BPTZnviG6\" target=\"_blank\" rel=\"noopener\">Kirkkotie 23, Kuusamo, Finland<\/a><br \/><a href=\"mail:info@talonpoyta.fi\">info@talonpoyta.fi<\/a>\u00a0<br \/><a href=\"tel:+358400263272\">+358 400 263 272<\/a><\/p>\n<p><a href=\"mailto:info@talonpoyta.fi\">info@talonpoyta.fi<\/a><span class=\"contact-street\"><br \/><\/span><\/p>\n<\/div>\n<div>\n<h4>Talonp\u00f6yt\u00e4 Oulanka<\/h4>\n<p><a href=\"https:\/\/goo.gl\/maps\/B4E5UBpiRKayg9b56\" target=\"_blank\" rel=\"noopener\">Liikasenvaarantie 132, Kuusamo, Finland<\/a><br \/>(<span class=\"highlight\">Oulanka<\/span> National Park, Visitor Centre)<br \/><a href=\"tel:+358401242994\">+358 40 1242 994<\/a><\/p>\n<p><span class=\"contact-street\"><a href=\"mailto:info@talonpoyta.fi\">info@talonpoyta.fi<\/a><br \/><\/span><\/p>\n<\/div>\n<div>\n<h4>Talonp\u00f6yt\u00e4 Ruka<\/h4>\n<p><a href=\"mail:ruka@talonpoyta.fi\">ruka@talonpoyta.fi<\/a><br \/><a href=\"tel:+358400263373\">0+358 400 263 373<\/a><\/p>\n<\/div>\n<h4>Send us a message<\/h4>\n<div>\n<div class=\"wpforms-container wpforms-container-full\" id=\"wpforms-956\"><form id=\"wpforms-form-956\" class=\"wpforms-validate wpforms-form\" data-formid=\"956\" method=\"post\" enctype=\"multipart\/form-data\" action=\"\/en\/wp-json\/wp\/v2\/pages\/924\" data-token=\"c49d0fab69ffb71cfa88cde9d00b545a\" data-token-time=\"1776964031\"><noscript class=\"wpforms-error-noscript\">Please enable JavaScript in your browser to complete this form.<\/noscript><div class=\"wpforms-field-container\"><div id=\"wpforms-956-field_0-container\" class=\"wpforms-field wpforms-field-name wpforms-one-half wpforms-first\" data-field-id=\"0\"><label class=\"wpforms-field-label\" for=\"wpforms-956-field_0\">Name <span class=\"wpforms-required-label\">*<\/span><\/label><input type=\"text\" id=\"wpforms-956-field_0\" class=\"wpforms-field-large wpforms-field-required\" name=\"wpforms[fields][0]\" required><\/div><div id=\"wpforms-956-field_3-container\" class=\"wpforms-field wpforms-field-text wpforms-one-half\" data-field-id=\"3\"><label class=\"wpforms-field-label\" for=\"wpforms-956-field_3\">Telephone <span class=\"wpforms-required-label\">*<\/span><\/label><input type=\"text\" id=\"wpforms-956-field_3\" class=\"wpforms-field-large wpforms-field-required\" name=\"wpforms[fields][3]\" required><\/div><div id=\"wpforms-956-field_1-container\" class=\"wpforms-field wpforms-field-email wpforms-one-half wpforms-first\" data-field-id=\"1\"><label class=\"wpforms-field-label\" for=\"wpforms-956-field_1\">Email <span class=\"wpforms-required-label\">*<\/span><\/label><input type=\"email\" id=\"wpforms-956-field_1\" class=\"wpforms-field-large wpforms-field-required\" data-disable-suggestions=\"1\" name=\"wpforms[fields][1]\" spellcheck=\"false\" required><\/div><div id=\"wpforms-956-field_2-container\" class=\"wpforms-field wpforms-field-textarea\" data-field-id=\"2\"><label class=\"wpforms-field-label\" for=\"wpforms-956-field_2\">Message <span class=\"wpforms-required-label\">*<\/span><\/label><textarea id=\"wpforms-956-field_2\" class=\"wpforms-field-large wpforms-field-required\" name=\"wpforms[fields][2]\" required><\/textarea><\/div><\/div><!-- .wpforms-field-container --><div class=\"wpforms-recaptcha-container wpforms-is-recaptcha wpforms-is-recaptcha-type-invisible\" ><div class=\"g-recaptcha\" data-sitekey=\"6LeJj8YZAAAAAMMMqwQ6wz44p2JIGm1XFNCL_OFC\" data-size=\"invisible\"><\/div><\/div><div class=\"wpforms-submit-container\" ><input type=\"hidden\" name=\"wpforms[id]\" value=\"956\"><input type=\"hidden\" name=\"page_title\" value=\"\"><input type=\"hidden\" name=\"page_url\" value=\"https:\/\/talonpoyta.fi\/en\/wp-json\/wp\/v2\/pages\/924\"><input type=\"hidden\" name=\"url_referer\" value=\"\"><button type=\"submit\" name=\"wpforms[submit]\" id=\"wpforms-submit-956\" class=\"wpforms-submit\" data-alt-text=\"Sending...\" data-submit-text=\"Send\" aria-live=\"assertive\" value=\"wpforms-submit\">Send<\/button><\/div><\/form><\/div>  <!-- .wpforms-container -->\n<\/div>\n<p><!--more--><br \/>\n<!-- {\"type\":\"layout\",\"children\":[{\"type\":\"section\",\"props\":{\"style\":\"muted\",\"width\":\"default\",\"vertical_align\":\"middle\",\"title_position\":\"top-left\",\"title_rotation\":\"left\",\"title_breakpoint\":\"xl\",\"image_position\":\"center-center\"},\"children\":[{\"type\":\"row\",\"children\":[{\"type\":\"column\",\"props\":{\"image_position\":\"center-center\",\"media_overlay_gradient\":\"\"},\"children\":[{\"type\":\"headline\",\"props\":{\"title_element\":\"h1\",\"margin\":\"default\",\"text_align\":\"center\",\"content\":\"\n\n<p>Restaurant, cafe confectionery, catering and parties<br \\\/><span class=\\\"uk-text-primary\\\">Ravintola Talonp\\u00f6yt\\u00e4<\\\/span><\\\/p>\"},\"name\":\"otsikko\"}]}]}]},{\"type\":\"section\",\"props\":{\"style\":\"default\",\"width\":\"default\",\"vertical_align\":\"middle\",\"title_position\":\"top-left\",\"title_rotation\":\"left\",\"title_breakpoint\":\"xl\",\"image_position\":\"center-center\"},\"children\":[{\"type\":\"row\",\"props\":{\"layout\":\"1-3,1-3,1-3\",\"divider\":true},\"children\":[{\"type\":\"column\",\"props\":{\"image_position\":\"center-center\",\"media_overlay_gradient\":\"\",\"width_medium\":\"1-3\",\"width_small\":\"1-3\"},\"children\":[{\"type\":\"text\",\"props\":{\"margin\":\"default\",\"column_breakpoint\":\"m\",\"content\":\"\n\n<h4>Talonp\\u00f6yt\\u00e4 Kuusamo<\\\/h4>\\n\n\n<p><a href=\\\"https:\\\/\\\/goo.gl\\\/maps\\\/zn98Pvk2BPTZnviG6\\\" target=\\\"_blank\\\" rel=\\\"noopener\\\">Kirkkotie 23, Kuusamo, Finland<\\\/a><br \\\/><a href=\\\"mail:info@talonpoyta.fi\\\">info@talonpoyta.fi<\\\/a>\\u00a0<br \\\/><a href=\\\"tel:+358400263272\\\">+358 400 263 272<\\\/a><\\\/p>\\n\n\n<p><a href=\\\"mailto:info@talonpoyta.fi\\\">info@talonpoyta.fi<\\\/a><span class=\\\"contact-street\\\"><br \\\/><\\\/span><\\\/p>\"}}]},{\"type\":\"column\",\"props\":{\"image_position\":\"center-center\",\"media_overlay_gradient\":\"\",\"width_medium\":\"1-3\",\"width_small\":\"1-3\"},\"children\":[{\"type\":\"text\",\"props\":{\"margin\":\"default\",\"column_breakpoint\":\"m\",\"content\":\"\n\n<h4>Talonp\\u00f6yt\\u00e4 Oulanka<\\\/h4>\\n\n\n<p><a href=\\\"https:\\\/\\\/goo.gl\\\/maps\\\/B4E5UBpiRKayg9b56\\\" target=\\\"_blank\\\" rel=\\\"noopener\\\">Liikasenvaarantie 132, Kuusamo, Finland<\\\/a><br \\\/>(<span class=\\\"highlight\\\">Oulanka<\\\/span> National Park, Visitor Centre)<br \\\/><a href=\\\"tel:+358401242994\\\">+358 40 1242 994<\\\/a><\\\/p>\\n\n\n<p><span class=\\\"contact-street\\\"><a href=\\\"mailto:info@talonpoyta.fi\\\">info@talonpoyta.fi<\\\/a><br \\\/><\\\/span><\\\/p>\"}}]},{\"type\":\"column\",\"props\":{\"image_position\":\"center-center\",\"media_overlay_gradient\":\"\",\"width_medium\":\"1-3\",\"width_small\":\"1-3\"},\"children\":[{\"type\":\"text\",\"props\":{\"margin\":\"default\",\"column_breakpoint\":\"m\",\"content\":\"\n\n<h4>Talonp\\u00f6yt\\u00e4 Ruka<\\\/h4>\\n\n\n<p><a href=\\\"mail:ruka@talonpoyta.fi\\\">ruka@talonpoyta.fi<\\\/a><br \\\/><a href=\\\"tel:+358400263373\\\">0+358 400 263 373<\\\/a><\\\/p>\"}}]}]},{\"type\":\"row\",\"children\":[{\"type\":\"column\",\"props\":{\"image_position\":\"center-center\",\"media_overlay_gradient\":\"\"},\"children\":[{\"type\":\"headline\",\"props\":{\"title_element\":\"h4\",\"content\":\"Send us a message\",\"title_style\":\"h4\"}},{\"type\":\"text\",\"props\":{\"margin\":\"default\",\"column_breakpoint\":\"m\",\"content\":\"\n\n<p>[wpforms id=\\\"956\\\"]<\\\/p>\"}}]}]}]}],\"version\":\"2.6.9\"} --><\/p>\n","protected":false},"excerpt":{"rendered":"<p>Restaurant, cafe confectionery, catering and partiesRavintola Talonp\u00f6yt\u00e4 Talonp\u00f6yt\u00e4 Kuusamo Kirkkotie 23, Kuusamo, Finlandinfo@talonpoyta.fi\u00a0+358 400 263 272 info@talonpoyta.fi Talonp\u00f6yt\u00e4 Oulanka Liikasenvaarantie 132, Kuusamo, Finland(Oulanka National Park, Visitor Centre)+358 40 1242 994 info@talonpoyta.fi Talonp\u00f6yt\u00e4 Ruka ruka@talonpoyta.fi0+358 400 263 373 Send us a message<\/p>\n","protected":false},"author":1,"featured_media":938,"parent":0,"menu_order":0,"comment_status":"closed","ping_status":"closed","template":"","meta":{"footnotes":""},"class_list":["post-924","page","type-page","status-publish","has-post-thumbnail","hentry"],"yoast_head":"<!-- This site is optimized with the Yoast SEO plugin v27.3 - https:\/\/yoast.com\/product\/yoast-seo-wordpress\/ -->\n<title>Contact - Ravintola Talonp\u00f6yt\u00e4, Kuusamo<\/title>\n<meta name=\"description\" content=\"Contact us! Restaurant, cafe confectionery, catering and parties, you name it. We welcome you to Kuusamo, Finland.\" \/>\n<meta name=\"robots\" content=\"index, follow, max-snippet:-1, max-image-preview:large, max-video-preview:-1\" \/>\n<link rel=\"canonical\" href=\"https:\/\/talonpoyta.fi\/en\/contact\/\" \/>\n<meta property=\"og:locale\" content=\"en_US\" \/>\n<meta property=\"og:type\" content=\"article\" \/>\n<meta property=\"og:title\" content=\"Contact - Ravintola Talonp\u00f6yt\u00e4, Kuusamo\" \/>\n<meta property=\"og:description\" content=\"Contact us! Restaurant, cafe confectionery, catering and parties, you name it. We welcome you to Kuusamo, Finland.\" \/>\n<meta property=\"og:url\" content=\"https:\/\/talonpoyta.fi\/en\/contact\/\" \/>\n<meta property=\"og:site_name\" content=\"Ravintola Talonp\u00f6yt\u00e4, Kuusamo\" \/>\n<meta property=\"article:publisher\" content=\"https:\/\/www.facebook.com\/ravintolatalonpoyta\" \/>\n<meta property=\"article:modified_time\" content=\"2021-11-17T12:48:23+00:00\" \/>\n<meta property=\"og:image\" content=\"https:\/\/talonpoyta.fi\/wp-content\/uploads\/2020\/09\/talonpoyta-ruokailijat-800.jpg\" \/>\n\t<meta property=\"og:image:width\" content=\"800\" \/>\n\t<meta property=\"og:image:height\" content=\"533\" \/>\n\t<meta property=\"og:image:type\" content=\"image\/jpeg\" \/>\n<meta name=\"twitter:card\" content=\"summary_large_image\" \/>\n<script type=\"application\/ld+json\" class=\"yoast-schema-graph\">{\"@context\":\"https:\\\/\\\/schema.org\",\"@graph\":[{\"@type\":\"WebPage\",\"@id\":\"https:\\\/\\\/talonpoyta.fi\\\/en\\\/contact\\\/\",\"url\":\"https:\\\/\\\/talonpoyta.fi\\\/en\\\/contact\\\/\",\"name\":\"Contact - Ravintola Talonp\u00f6yt\u00e4, Kuusamo\",\"isPartOf\":{\"@id\":\"https:\\\/\\\/talonpoyta.fi\\\/en\\\/#website\"},\"primaryImageOfPage\":{\"@id\":\"https:\\\/\\\/talonpoyta.fi\\\/en\\\/contact\\\/#primaryimage\"},\"image\":{\"@id\":\"https:\\\/\\\/talonpoyta.fi\\\/en\\\/contact\\\/#primaryimage\"},\"thumbnailUrl\":\"https:\\\/\\\/talonpoyta.fi\\\/wp-content\\\/uploads\\\/2020\\\/09\\\/talonpoyta-ruokailijat-800.jpg\",\"datePublished\":\"2020-08-25T08:44:16+00:00\",\"dateModified\":\"2021-11-17T12:48:23+00:00\",\"description\":\"Contact us! Restaurant, cafe confectionery, catering and parties, you name it. We welcome you to Kuusamo, Finland.\",\"breadcrumb\":{\"@id\":\"https:\\\/\\\/talonpoyta.fi\\\/en\\\/contact\\\/#breadcrumb\"},\"inLanguage\":\"en-US\",\"potentialAction\":[{\"@type\":\"ReadAction\",\"target\":[\"https:\\\/\\\/talonpoyta.fi\\\/en\\\/contact\\\/\"]}]},{\"@type\":\"ImageObject\",\"inLanguage\":\"en-US\",\"@id\":\"https:\\\/\\\/talonpoyta.fi\\\/en\\\/contact\\\/#primaryimage\",\"url\":\"https:\\\/\\\/talonpoyta.fi\\\/wp-content\\\/uploads\\\/2020\\\/09\\\/talonpoyta-ruokailijat-800.jpg\",\"contentUrl\":\"https:\\\/\\\/talonpoyta.fi\\\/wp-content\\\/uploads\\\/2020\\\/09\\\/talonpoyta-ruokailijat-800.jpg\",\"width\":800,\"height\":533},{\"@type\":\"BreadcrumbList\",\"@id\":\"https:\\\/\\\/talonpoyta.fi\\\/en\\\/contact\\\/#breadcrumb\",\"itemListElement\":[{\"@type\":\"ListItem\",\"position\":1,\"name\":\"Home\",\"item\":\"https:\\\/\\\/talonpoyta.fi\\\/en\\\/\"},{\"@type\":\"ListItem\",\"position\":2,\"name\":\"Contact\"}]},{\"@type\":\"WebSite\",\"@id\":\"https:\\\/\\\/talonpoyta.fi\\\/en\\\/#website\",\"url\":\"https:\\\/\\\/talonpoyta.fi\\\/en\\\/\",\"name\":\"Ravintola Talonp\u00f6yt\u00e4, Kuusamo\",\"description\":\"Lounaat, ala carte, pitopalvelu, kahvila, konditoria\",\"publisher\":{\"@id\":\"https:\\\/\\\/talonpoyta.fi\\\/en\\\/#organization\"},\"potentialAction\":[{\"@type\":\"SearchAction\",\"target\":{\"@type\":\"EntryPoint\",\"urlTemplate\":\"https:\\\/\\\/talonpoyta.fi\\\/en\\\/?s={search_term_string}\"},\"query-input\":{\"@type\":\"PropertyValueSpecification\",\"valueRequired\":true,\"valueName\":\"search_term_string\"}}],\"inLanguage\":\"en-US\"},{\"@type\":\"Organization\",\"@id\":\"https:\\\/\\\/talonpoyta.fi\\\/en\\\/#organization\",\"name\":\"Ravintola Talonp\u00f6yt\u00e4\",\"url\":\"https:\\\/\\\/talonpoyta.fi\\\/en\\\/\",\"logo\":{\"@type\":\"ImageObject\",\"inLanguage\":\"en-US\",\"@id\":\"https:\\\/\\\/talonpoyta.fi\\\/en\\\/#\\\/schema\\\/logo\\\/image\\\/\",\"url\":\"https:\\\/\\\/talonpoyta.fi\\\/wp-content\\\/uploads\\\/2025\\\/05\\\/talonpoyta-logo-nelio-musta.png\",\"contentUrl\":\"https:\\\/\\\/talonpoyta.fi\\\/wp-content\\\/uploads\\\/2025\\\/05\\\/talonpoyta-logo-nelio-musta.png\",\"width\":500,\"height\":500,\"caption\":\"Ravintola Talonp\u00f6yt\u00e4\"},\"image\":{\"@id\":\"https:\\\/\\\/talonpoyta.fi\\\/en\\\/#\\\/schema\\\/logo\\\/image\\\/\"},\"sameAs\":[\"https:\\\/\\\/www.facebook.com\\\/ravintolatalonpoyta\",\"https:\\\/\\\/www.instagram.com\\\/ravintolatalonpoyta\"]}]}<\/script>\n<!-- \/ Yoast SEO plugin. -->","yoast_head_json":{"title":"Contact - Ravintola Talonp\u00f6yt\u00e4, Kuusamo","description":"Contact us! Restaurant, cafe confectionery, catering and parties, you name it. We welcome you to Kuusamo, Finland.","robots":{"index":"index","follow":"follow","max-snippet":"max-snippet:-1","max-image-preview":"max-image-preview:large","max-video-preview":"max-video-preview:-1"},"canonical":"https:\/\/talonpoyta.fi\/en\/contact\/","og_locale":"en_US","og_type":"article","og_title":"Contact - Ravintola Talonp\u00f6yt\u00e4, Kuusamo","og_description":"Contact us! Restaurant, cafe confectionery, catering and parties, you name it. We welcome you to Kuusamo, Finland.","og_url":"https:\/\/talonpoyta.fi\/en\/contact\/","og_site_name":"Ravintola Talonp\u00f6yt\u00e4, Kuusamo","article_publisher":"https:\/\/www.facebook.com\/ravintolatalonpoyta","article_modified_time":"2021-11-17T12:48:23+00:00","og_image":[{"width":800,"height":533,"url":"https:\/\/talonpoyta.fi\/wp-content\/uploads\/2020\/09\/talonpoyta-ruokailijat-800.jpg","type":"image\/jpeg"}],"twitter_card":"summary_large_image","schema":{"@context":"https:\/\/schema.org","@graph":[{"@type":"WebPage","@id":"https:\/\/talonpoyta.fi\/en\/contact\/","url":"https:\/\/talonpoyta.fi\/en\/contact\/","name":"Contact - Ravintola Talonp\u00f6yt\u00e4, Kuusamo","isPartOf":{"@id":"https:\/\/talonpoyta.fi\/en\/#website"},"primaryImageOfPage":{"@id":"https:\/\/talonpoyta.fi\/en\/contact\/#primaryimage"},"image":{"@id":"https:\/\/talonpoyta.fi\/en\/contact\/#primaryimage"},"thumbnailUrl":"https:\/\/talonpoyta.fi\/wp-content\/uploads\/2020\/09\/talonpoyta-ruokailijat-800.jpg","datePublished":"2020-08-25T08:44:16+00:00","dateModified":"2021-11-17T12:48:23+00:00","description":"Contact us! Restaurant, cafe confectionery, catering and parties, you name it. We welcome you to Kuusamo, Finland.","breadcrumb":{"@id":"https:\/\/talonpoyta.fi\/en\/contact\/#breadcrumb"},"inLanguage":"en-US","potentialAction":[{"@type":"ReadAction","target":["https:\/\/talonpoyta.fi\/en\/contact\/"]}]},{"@type":"ImageObject","inLanguage":"en-US","@id":"https:\/\/talonpoyta.fi\/en\/contact\/#primaryimage","url":"https:\/\/talonpoyta.fi\/wp-content\/uploads\/2020\/09\/talonpoyta-ruokailijat-800.jpg","contentUrl":"https:\/\/talonpoyta.fi\/wp-content\/uploads\/2020\/09\/talonpoyta-ruokailijat-800.jpg","width":800,"height":533},{"@type":"BreadcrumbList","@id":"https:\/\/talonpoyta.fi\/en\/contact\/#breadcrumb","itemListElement":[{"@type":"ListItem","position":1,"name":"Home","item":"https:\/\/talonpoyta.fi\/en\/"},{"@type":"ListItem","position":2,"name":"Contact"}]},{"@type":"WebSite","@id":"https:\/\/talonpoyta.fi\/en\/#website","url":"https:\/\/talonpoyta.fi\/en\/","name":"Ravintola Talonp\u00f6yt\u00e4, Kuusamo","description":"Lounaat, ala carte, pitopalvelu, kahvila, konditoria","publisher":{"@id":"https:\/\/talonpoyta.fi\/en\/#organization"},"potentialAction":[{"@type":"SearchAction","target":{"@type":"EntryPoint","urlTemplate":"https:\/\/talonpoyta.fi\/en\/?s={search_term_string}"},"query-input":{"@type":"PropertyValueSpecification","valueRequired":true,"valueName":"search_term_string"}}],"inLanguage":"en-US"},{"@type":"Organization","@id":"https:\/\/talonpoyta.fi\/en\/#organization","name":"Ravintola Talonp\u00f6yt\u00e4","url":"https:\/\/talonpoyta.fi\/en\/","logo":{"@type":"ImageObject","inLanguage":"en-US","@id":"https:\/\/talonpoyta.fi\/en\/#\/schema\/logo\/image\/","url":"https:\/\/talonpoyta.fi\/wp-content\/uploads\/2025\/05\/talonpoyta-logo-nelio-musta.png","contentUrl":"https:\/\/talonpoyta.fi\/wp-content\/uploads\/2025\/05\/talonpoyta-logo-nelio-musta.png","width":500,"height":500,"caption":"Ravintola Talonp\u00f6yt\u00e4"},"image":{"@id":"https:\/\/talonpoyta.fi\/en\/#\/schema\/logo\/image\/"},"sameAs":["https:\/\/www.facebook.com\/ravintolatalonpoyta","https:\/\/www.instagram.com\/ravintolatalonpoyta"]}]}},"publishpress_future_action":{"enabled":false,"date":"2026-04-30 20:07:11","action":"change-status","newStatus":"draft","terms":[],"taxonomy":"translation_priority","extraData":[]},"publishpress_future_workflow_manual_trigger":{"enabledWorkflows":[]},"_links":{"self":[{"href":"https:\/\/talonpoyta.fi\/en\/wp-json\/wp\/v2\/pages\/924","targetHints":{"allow":["GET"]}}],"collection":[{"href":"https:\/\/talonpoyta.fi\/en\/wp-json\/wp\/v2\/pages"}],"about":[{"href":"https:\/\/talonpoyta.fi\/en\/wp-json\/wp\/v2\/types\/page"}],"author":[{"embeddable":true,"href":"https:\/\/talonpoyta.fi\/en\/wp-json\/wp\/v2\/users\/1"}],"replies":[{"embeddable":true,"href":"https:\/\/talonpoyta.fi\/en\/wp-json\/wp\/v2\/comments?post=924"}],"version-history":[{"count":0,"href":"https:\/\/talonpoyta.fi\/en\/wp-json\/wp\/v2\/pages\/924\/revisions"}],"wp:featuredmedia":[{"embeddable":true,"href":"https:\/\/talonpoyta.fi\/en\/wp-json\/wp\/v2\/media\/938"}],"wp:attachment":[{"href":"https:\/\/talonpoyta.fi\/en\/wp-json\/wp\/v2\/media?parent=924"}],"curies":[{"name":"wp","href":"https:\/\/api.w.org\/{rel}","templated":true}]}}